{"id":26907,"date":"2026-02-27T00:34:37","date_gmt":"2026-02-27T00:34:37","guid":{"rendered":"https:\/\/nordicmart.andreevmaster.com\/product\/mini-guitar-inspireret-af-david-bowie-mgt-8976\/"},"modified":"2026-02-27T09:13:42","modified_gmt":"2026-02-27T09:13:42","slug":"mini-guitar-inspireret-af-david-bowie-mgt-8976","status":"publish","type":"product","link":"https:\/\/nordicmart.andreevmaster.com\/da\/vare\/mini-guitar-inspireret-af-david-bowie-mgt-8976\/","title":{"rendered":"Mini-guitar inspireret af David Bowie \u2013 MGT-8976"},"content":{"rendered":"<p>Mini-guitar inspireret af David Bowie \u2013 MGT-8976&nbsp;&nbsp;Samlerobjekt i form af en mini-guitar inspireret af stilen hos David Bowie \u2013 en ikonisk figur inden for musik, mode og popul\u00e6rkultur. Fremstillet af mahogni i skala 1:4, komplet med et stativ af plast og metal til at placere guitaren p\u00e5. Dette er en perfekt gaveid\u00e9 til David Bowie-fans og elskere af klassisk rock. David Bowie er en af de mest indflydelsesrige figurer i det 20. \u00e5rhundrede \u2013 en total kunstner, kendt for sine konstante eksperimenter med lyd, image og konventioner. Hans arbejde sp\u00e6nder over glamrock, electronica, soul og artrock. Inspireret af hans unikke \u00e6stetik hylder MGT-8976-guitaren denne ekstraordin\u00e6re musikalske personlighed.&nbsp;&nbsp;Produktinformation:&nbsp;M\u00e5l: h\u00f8jde 27,5 cm x bredde 9 cm x dybde 0,8 cm Skala: 1:4 Materiale: mahogni Tr\u00e6stativ medf\u00f8lger Guitaren kan ikke spilles p\u00e5 \u2013 den er et dekorativt objekt Samlerobjekt Ideel gave til: David Bowie-fans Samlere af mini-instrumenter Musikere og rockentusiaster<\/p>\n","protected":false},"excerpt":{"rendered":"<p>Mini-guitar inspireret af David Bowie \u2013 MGT-8976&nbsp;&nbsp;Samlerobjekt i form af en mini-guitar inspireret af stilen hos David Bowie \u2013 en ikonisk figur inden for musik, mode og popul\u00e6rkultur. Fremstillet af mahogni i skala 1:4, komplet med et stativ af plast og metal til at placere guitaren p\u00e5. Dette er en perfekt gaveid\u00e9 til David Bowie-fans [&hellip;]<\/p>\n","protected":false},"featured_media":44757,"comment_status":"open","ping_status":"closed","template":"","meta":[],"product_brand":[],"product_cat":[31],"product_tag":[],"class_list":{"0":"post-26907","1":"product","2":"type-product","3":"status-publish","4":"has-post-thumbnail","6":"product_cat-uncategorized-da","8":"first","9":"instock","10":"shipping-taxable","11":"purchasable","12":"product-type-simple"},"_links":{"self":[{"href":"https:\/\/nordicmart.andreevmaster.com\/da\/wp-json\/wp\/v2\/product\/26907","targetHints":{"allow":["GET"]}}],"collection":[{"href":"https:\/\/nordicmart.andreevmaster.com\/da\/wp-json\/wp\/v2\/product"}],"about":[{"href":"https:\/\/nordicmart.andreevmaster.com\/da\/wp-json\/wp\/v2\/types\/product"}],"replies":[{"embeddable":true,"href":"https:\/\/nordicmart.andreevmaster.com\/da\/wp-json\/wp\/v2\/comments?post=26907"}],"wp:featuredmedia":[{"embeddable":true,"href":"https:\/\/nordicmart.andreevmaster.com\/da\/wp-json\/wp\/v2\/media\/44757"}],"wp:attachment":[{"href":"https:\/\/nordicmart.andreevmaster.com\/da\/wp-json\/wp\/v2\/media?parent=26907"}],"wp:term":[{"taxonomy":"product_brand","embeddable":true,"href":"https:\/\/nordicmart.andreevmaster.com\/da\/wp-json\/wp\/v2\/product_brand?post=26907"},{"taxonomy":"product_cat","embeddable":true,"href":"https:\/\/nordicmart.andreevmaster.com\/da\/wp-json\/wp\/v2\/product_cat?post=26907"},{"taxonomy":"product_tag","embeddable":true,"href":"https:\/\/nordicmart.andreevmaster.com\/da\/wp-json\/wp\/v2\/product_tag?post=26907"}],"curies":[{"name":"wp","href":"https:\/\/api.w.org\/{rel}","templated":true}]}}