{"id":26906,"date":"2026-02-27T00:34:37","date_gmt":"2026-02-27T00:34:37","guid":{"rendered":"https:\/\/nordicmart.andreevmaster.com\/product\/mini-guitar-taylor-swift-mgt-8938-2\/"},"modified":"2026-02-27T09:13:42","modified_gmt":"2026-02-27T09:13:42","slug":"mini-guitar-taylor-swift-mgt-8938-2","status":"publish","type":"product","link":"https:\/\/nordicmart.andreevmaster.com\/da\/vare\/mini-guitar-taylor-swift-mgt-8938-2\/","title":{"rendered":"Mini Guitar &#8211; Taylor Swift &#8211; MGT-8938"},"content":{"rendered":"<p>Mini-guitar &#8211; Taylor Swift &#8211; MGT-8938&nbsp;&nbsp;Mini-guitar inspireret af den karakteristiske stil hos Taylor Swift &#8211; en af de mest popul\u00e6re kunstnere p\u00e5 nutidens musikscene. Fremstillet af mahogni i skalaen 1:4. Farven p\u00e5 det lyse tr\u00e6 og de grafiske elementer, der henviser til sangerindens \u00e6stetik, g\u00f8r den til en ideel gave til Taylor Swift-fans. Den vil v\u00e6re perfekt som dekoration i et teenagev\u00e6relse eller et hjemmestudie.&nbsp;&nbsp;Produktinformation:&nbsp;M\u00e5l: h\u00f8jde 27,5 cm x bredde 9 cm x dybde 0,8 cm Skala: 1:4 Materiale: mahogni Tr\u00e6 Stativ medf\u00f8lger Guitaren kan ikke spilles p\u00e5 \u2013 den er et dekorativt element Samlerobjekt&nbsp;Perfekt gave til:&nbsp;Taylor Swift-fans Samlere af mini-instrumenter&nbsp;<\/p>\n","protected":false},"excerpt":{"rendered":"<p>Mini-guitar &#8211; Taylor Swift &#8211; MGT-8938&nbsp;&nbsp;Mini-guitar inspireret af den karakteristiske stil hos Taylor Swift &#8211; en af de mest popul\u00e6re kunstnere p\u00e5 nutidens musikscene. Fremstillet af mahogni i skalaen 1:4. Farven p\u00e5 det lyse tr\u00e6 og de grafiske elementer, der henviser til sangerindens \u00e6stetik, g\u00f8r den til en ideel gave til Taylor Swift-fans. Den vil [&hellip;]<\/p>\n","protected":false},"featured_media":44756,"comment_status":"open","ping_status":"closed","template":"","meta":[],"product_brand":[],"product_cat":[31],"product_tag":[],"class_list":{"0":"post-26906","1":"product","2":"type-product","3":"status-publish","4":"has-post-thumbnail","6":"product_cat-uncategorized-da","8":"first","9":"instock","10":"shipping-taxable","11":"purchasable","12":"product-type-simple"},"_links":{"self":[{"href":"https:\/\/nordicmart.andreevmaster.com\/da\/wp-json\/wp\/v2\/product\/26906","targetHints":{"allow":["GET"]}}],"collection":[{"href":"https:\/\/nordicmart.andreevmaster.com\/da\/wp-json\/wp\/v2\/product"}],"about":[{"href":"https:\/\/nordicmart.andreevmaster.com\/da\/wp-json\/wp\/v2\/types\/product"}],"replies":[{"embeddable":true,"href":"https:\/\/nordicmart.andreevmaster.com\/da\/wp-json\/wp\/v2\/comments?post=26906"}],"wp:featuredmedia":[{"embeddable":true,"href":"https:\/\/nordicmart.andreevmaster.com\/da\/wp-json\/wp\/v2\/media\/44756"}],"wp:attachment":[{"href":"https:\/\/nordicmart.andreevmaster.com\/da\/wp-json\/wp\/v2\/media?parent=26906"}],"wp:term":[{"taxonomy":"product_brand","embeddable":true,"href":"https:\/\/nordicmart.andreevmaster.com\/da\/wp-json\/wp\/v2\/product_brand?post=26906"},{"taxonomy":"product_cat","embeddable":true,"href":"https:\/\/nordicmart.andreevmaster.com\/da\/wp-json\/wp\/v2\/product_cat?post=26906"},{"taxonomy":"product_tag","embeddable":true,"href":"https:\/\/nordicmart.andreevmaster.com\/da\/wp-json\/wp\/v2\/product_tag?post=26906"}],"curies":[{"name":"wp","href":"https:\/\/api.w.org\/{rel}","templated":true}]}}