{"id":26905,"date":"2026-02-27T00:34:36","date_gmt":"2026-02-27T00:34:36","guid":{"rendered":"https:\/\/nordicmart.andreevmaster.com\/product\/mini-guitar-inspireret-af-metallica-james-hetfieldeld-mgt-8860\/"},"modified":"2026-02-27T09:13:42","modified_gmt":"2026-02-27T09:13:42","slug":"mini-guitar-inspireret-af-metallica-james-hetfieldeld-mgt-8860","status":"publish","type":"product","link":"https:\/\/nordicmart.andreevmaster.com\/da\/vare\/mini-guitar-inspireret-af-metallica-james-hetfieldeld-mgt-8860\/","title":{"rendered":"Mini-guitar inspireret af Metallica \u2013 James Hetfieldeld \u2013 MGT-8860"},"content":{"rendered":"<p>Mini-guitar inspireret af Metallica &#8211; James Hetfieldeld &#8211; MGT-8860&nbsp;&nbsp;Mini-guitar inspireret af stilen hos James Hetfield, frontmand i bandet Metallica. Fremstillet af mahogni i skala 1:4 og med h\u00f8j kvalitet i udf\u00f8relsen. Den er perfekt som dekoration eller som en del af en samling med rock- og metalmusik som tema. &nbsp;Den er en god id\u00e9 til en original gave til fans af Metallica, h\u00e5rd rock og heavy metal. Den er ogs\u00e5 en passende gaveid\u00e9 til guitarister og personer med tilknytning til musikbranchen.&nbsp;&nbsp;&nbsp;Produktinformation:&nbsp;M\u00e5l: h\u00f8jde 27,5 cm x bredde 9 cm x dybde 0,8 cm Skala: 1:4 Materiale: mahogni Tr\u00e6 Stativ medf\u00f8lger Guitaren kan ikke spilles p\u00e5 \u2013 den er et dekorativt element Samlerobjekt<\/p>\n","protected":false},"excerpt":{"rendered":"<p>Mini-guitar inspireret af Metallica &#8211; James Hetfieldeld &#8211; MGT-8860&nbsp;&nbsp;Mini-guitar inspireret af stilen hos James Hetfield, frontmand i bandet Metallica. Fremstillet af mahogni i skala 1:4 og med h\u00f8j kvalitet i udf\u00f8relsen. Den er perfekt som dekoration eller som en del af en samling med rock- og metalmusik som tema. &nbsp;Den er en god id\u00e9 til [&hellip;]<\/p>\n","protected":false},"featured_media":44755,"comment_status":"open","ping_status":"closed","template":"","meta":[],"product_brand":[],"product_cat":[31],"product_tag":[],"class_list":{"0":"post-26905","1":"product","2":"type-product","3":"status-publish","4":"has-post-thumbnail","6":"product_cat-uncategorized-da","8":"first","9":"instock","10":"shipping-taxable","11":"purchasable","12":"product-type-simple"},"_links":{"self":[{"href":"https:\/\/nordicmart.andreevmaster.com\/da\/wp-json\/wp\/v2\/product\/26905","targetHints":{"allow":["GET"]}}],"collection":[{"href":"https:\/\/nordicmart.andreevmaster.com\/da\/wp-json\/wp\/v2\/product"}],"about":[{"href":"https:\/\/nordicmart.andreevmaster.com\/da\/wp-json\/wp\/v2\/types\/product"}],"replies":[{"embeddable":true,"href":"https:\/\/nordicmart.andreevmaster.com\/da\/wp-json\/wp\/v2\/comments?post=26905"}],"wp:featuredmedia":[{"embeddable":true,"href":"https:\/\/nordicmart.andreevmaster.com\/da\/wp-json\/wp\/v2\/media\/44755"}],"wp:attachment":[{"href":"https:\/\/nordicmart.andreevmaster.com\/da\/wp-json\/wp\/v2\/media?parent=26905"}],"wp:term":[{"taxonomy":"product_brand","embeddable":true,"href":"https:\/\/nordicmart.andreevmaster.com\/da\/wp-json\/wp\/v2\/product_brand?post=26905"},{"taxonomy":"product_cat","embeddable":true,"href":"https:\/\/nordicmart.andreevmaster.com\/da\/wp-json\/wp\/v2\/product_cat?post=26905"},{"taxonomy":"product_tag","embeddable":true,"href":"https:\/\/nordicmart.andreevmaster.com\/da\/wp-json\/wp\/v2\/product_tag?post=26905"}],"curies":[{"name":"wp","href":"https:\/\/api.w.org\/{rel}","templated":true}]}}