{"id":26904,"date":"2026-02-27T00:34:36","date_gmt":"2026-02-27T00:34:36","guid":{"rendered":"https:\/\/nordicmart.andreevmaster.com\/product\/mini-guitar-inspireret-af-led-zeppelin-jimi-page-mgt-8624\/"},"modified":"2026-02-27T09:13:41","modified_gmt":"2026-02-27T09:13:41","slug":"mini-guitar-inspireret-af-led-zeppelin-jimi-page-mgt-8624","status":"publish","type":"product","link":"https:\/\/nordicmart.andreevmaster.com\/da\/vare\/mini-guitar-inspireret-af-led-zeppelin-jimi-page-mgt-8624\/","title":{"rendered":"Mini-guitar inspireret af Led Zeppelin Jimi Page &#8211; MGT-8624"},"content":{"rendered":"<p>Mini-guitar inspireret af Led Zeppelin Jimi Page &#8211; MGT-8624&nbsp;&nbsp;Samlerobjekt i form af en mini-guitar inspireret af Jimmy Pages stil fra det legendariske band Led Zeppelin. Den er lavet af mahogni i skala 1:4 og er et \u00e6stetisk tiltalende dekorativt element og en unik tilf\u00f8jelse til en samling af musikalske memorabilia.&nbsp;Stilfuld gave til fans af Led Zeppelin, klassisk rock og vintage \u00e6stetik. En inspirerende detalje for musikl\u00e6rere, kunststuderende eller som dekoration i et studie eller optagestudie.&nbsp;&nbsp;Produktinformation:&nbsp;M\u00e5l: h\u00f8jde 27,5 cm x bredde 9 cm x dybde 0,8 cmSkala: 1:4Materiale: mahogniTr\u00e6stativ medf\u00f8lgerGuitaren kan ikke spilles p\u00e5 &#8211; den er et dekorativt elementSamlerobjekt&nbsp;Ideel gave til: Led Zeppelin-fans Samlere af mini-instrumenter Musikere og rockentusiaster<\/p>\n","protected":false},"excerpt":{"rendered":"<p>Mini-guitar inspireret af Led Zeppelin Jimi Page &#8211; MGT-8624&nbsp;&nbsp;Samlerobjekt i form af en mini-guitar inspireret af Jimmy Pages stil fra det legendariske band Led Zeppelin. Den er lavet af mahogni i skala 1:4 og er et \u00e6stetisk tiltalende dekorativt element og en unik tilf\u00f8jelse til en samling af musikalske memorabilia.&nbsp;Stilfuld gave til fans af Led [&hellip;]<\/p>\n","protected":false},"featured_media":44754,"comment_status":"open","ping_status":"closed","template":"","meta":[],"product_brand":[],"product_cat":[31],"product_tag":[],"class_list":{"0":"post-26904","1":"product","2":"type-product","3":"status-publish","4":"has-post-thumbnail","6":"product_cat-uncategorized-da","8":"first","9":"instock","10":"shipping-taxable","11":"purchasable","12":"product-type-simple"},"_links":{"self":[{"href":"https:\/\/nordicmart.andreevmaster.com\/da\/wp-json\/wp\/v2\/product\/26904","targetHints":{"allow":["GET"]}}],"collection":[{"href":"https:\/\/nordicmart.andreevmaster.com\/da\/wp-json\/wp\/v2\/product"}],"about":[{"href":"https:\/\/nordicmart.andreevmaster.com\/da\/wp-json\/wp\/v2\/types\/product"}],"replies":[{"embeddable":true,"href":"https:\/\/nordicmart.andreevmaster.com\/da\/wp-json\/wp\/v2\/comments?post=26904"}],"wp:featuredmedia":[{"embeddable":true,"href":"https:\/\/nordicmart.andreevmaster.com\/da\/wp-json\/wp\/v2\/media\/44754"}],"wp:attachment":[{"href":"https:\/\/nordicmart.andreevmaster.com\/da\/wp-json\/wp\/v2\/media?parent=26904"}],"wp:term":[{"taxonomy":"product_brand","embeddable":true,"href":"https:\/\/nordicmart.andreevmaster.com\/da\/wp-json\/wp\/v2\/product_brand?post=26904"},{"taxonomy":"product_cat","embeddable":true,"href":"https:\/\/nordicmart.andreevmaster.com\/da\/wp-json\/wp\/v2\/product_cat?post=26904"},{"taxonomy":"product_tag","embeddable":true,"href":"https:\/\/nordicmart.andreevmaster.com\/da\/wp-json\/wp\/v2\/product_tag?post=26904"}],"curies":[{"name":"wp","href":"https:\/\/api.w.org\/{rel}","templated":true}]}}