{"id":26903,"date":"2026-02-27T00:34:36","date_gmt":"2026-02-27T00:34:36","guid":{"rendered":"https:\/\/nordicmart.andreevmaster.com\/product\/mini-guitar-fra-guitar-heroes-serien-mgt-8617\/"},"modified":"2026-02-27T09:13:41","modified_gmt":"2026-02-27T09:13:41","slug":"mini-guitar-fra-guitar-heroes-serien-mgt-8617","status":"publish","type":"product","link":"https:\/\/nordicmart.andreevmaster.com\/da\/vare\/mini-guitar-fra-guitar-heroes-serien-mgt-8617\/","title":{"rendered":"Mini-guitar &#8211; fra Guitar Heroes-serien &#8211; MGT-8617"},"content":{"rendered":"<p>Mini-guitar &#8211; fra Guitar Heroes-serien &#8211; MGT-8617 &nbsp;&nbsp;Mini-guitar lavet af mahogni, h\u00e5ndmalet&nbsp;Blisteremballage&nbsp;M\u00e5l: h\u00f8jde ca. 24,5 cm&nbsp;Plaststativ medf\u00f8lger&nbsp;Fremstillet i skala 1:4&nbsp;Samlerobjekt&nbsp;&nbsp;Bem\u00e6rk, at produktet ikke er et leget\u00f8j. Det er ikke en officiel kopi af instrumentet.&nbsp;S\u00e6lgeren er p\u00e5 ingen m\u00e5de tilknyttet producenter af \u00e6gte instrumenter eller individuelle kunstnere. Navnene p\u00e5 modeller eller kunstnere er eksempler. Ingen af instrumenterne er en tro kopi med hensyn til proportioner, st\u00f8rrelse og design.<\/p>\n","protected":false},"excerpt":{"rendered":"<p>Mini-guitar &#8211; fra Guitar Heroes-serien &#8211; MGT-8617 &nbsp;&nbsp;Mini-guitar lavet af mahogni, h\u00e5ndmalet&nbsp;Blisteremballage&nbsp;M\u00e5l: h\u00f8jde ca. 24,5 cm&nbsp;Plaststativ medf\u00f8lger&nbsp;Fremstillet i skala 1:4&nbsp;Samlerobjekt&nbsp;&nbsp;Bem\u00e6rk, at produktet ikke er et leget\u00f8j. Det er ikke en officiel kopi af instrumentet.&nbsp;S\u00e6lgeren er p\u00e5 ingen m\u00e5de tilknyttet producenter af \u00e6gte instrumenter eller individuelle kunstnere. Navnene p\u00e5 modeller eller kunstnere er eksempler. Ingen af [&hellip;]<\/p>\n","protected":false},"featured_media":44753,"comment_status":"open","ping_status":"closed","template":"","meta":[],"product_brand":[],"product_cat":[31],"product_tag":[],"class_list":{"0":"post-26903","1":"product","2":"type-product","3":"status-publish","4":"has-post-thumbnail","6":"product_cat-uncategorized-da","8":"first","9":"instock","10":"shipping-taxable","11":"purchasable","12":"product-type-simple"},"_links":{"self":[{"href":"https:\/\/nordicmart.andreevmaster.com\/da\/wp-json\/wp\/v2\/product\/26903","targetHints":{"allow":["GET"]}}],"collection":[{"href":"https:\/\/nordicmart.andreevmaster.com\/da\/wp-json\/wp\/v2\/product"}],"about":[{"href":"https:\/\/nordicmart.andreevmaster.com\/da\/wp-json\/wp\/v2\/types\/product"}],"replies":[{"embeddable":true,"href":"https:\/\/nordicmart.andreevmaster.com\/da\/wp-json\/wp\/v2\/comments?post=26903"}],"wp:featuredmedia":[{"embeddable":true,"href":"https:\/\/nordicmart.andreevmaster.com\/da\/wp-json\/wp\/v2\/media\/44753"}],"wp:attachment":[{"href":"https:\/\/nordicmart.andreevmaster.com\/da\/wp-json\/wp\/v2\/media?parent=26903"}],"wp:term":[{"taxonomy":"product_brand","embeddable":true,"href":"https:\/\/nordicmart.andreevmaster.com\/da\/wp-json\/wp\/v2\/product_brand?post=26903"},{"taxonomy":"product_cat","embeddable":true,"href":"https:\/\/nordicmart.andreevmaster.com\/da\/wp-json\/wp\/v2\/product_cat?post=26903"},{"taxonomy":"product_tag","embeddable":true,"href":"https:\/\/nordicmart.andreevmaster.com\/da\/wp-json\/wp\/v2\/product_tag?post=26903"}],"curies":[{"name":"wp","href":"https:\/\/api.w.org\/{rel}","templated":true}]}}