{"id":26902,"date":"2026-02-27T00:34:36","date_gmt":"2026-02-27T00:34:36","guid":{"rendered":"https:\/\/nordicmart.andreevmaster.com\/product\/mini-guitar-245-cm-angus-young-stil-mgt-8518\/"},"modified":"2026-02-27T09:13:41","modified_gmt":"2026-02-27T09:13:41","slug":"mini-guitar-245-cm-angus-young-stil-mgt-8518","status":"publish","type":"product","link":"https:\/\/nordicmart.andreevmaster.com\/da\/vare\/mini-guitar-245-cm-angus-young-stil-mgt-8518\/","title":{"rendered":"Mini-guitar &#8211; 24,5 cm &#8211; Angus Young-stil &#8211; MGT-8518"},"content":{"rendered":"<p>Mini-guitar &#8211; 24,5 cm &#8211; Angus Young-stil &#8211; MGT-8518&nbsp;&nbsp;Mini-guitaren, der er inspireret af Angus Youngs v\u00e6rker, er et musikalsk gadget, der vil stj\u00e6le hjerterne hos AC\/DC-fans. Den er en god gave til en hardrockfan, guitarist og musikelsker. Den er ogs\u00e5 en stilfuld dekoration til ethvert interi\u00f8r. Den passer perfekt i et ungdomsv\u00e6relse, stue eller kontor. Mini-guitaren er h\u00e5ndlavet af mahogni. Samlerobjekt. Guitaren er ikke et leget\u00f8j. Den kan ikke spille.&nbsp;&nbsp;Produktinformation:&nbsp;H\u00f8jde: 24,5 cmSkala: 1:4Materiale: mahogniTr\u00e6Leveres med et stativ af plast og metal til at placere guitaren p\u00e5Blisteremballage&nbsp;&nbsp;&nbsp;Bem\u00e6rk, at s\u00e6lgeren ikke er tilknyttet producenterne af \u00e6gte instrumenter eller individuelle kunstnere p\u00e5 nogen m\u00e5de. Navnene p\u00e5 modeller eller kunstnere er eksempler. De kendte navne bruges kun for at vise en bestemt musikstil. Ingen af instrumenterne er tro kopier med hensyn til proportioner, st\u00f8rrelse og design.<\/p>\n","protected":false},"excerpt":{"rendered":"<p>Mini-guitar &#8211; 24,5 cm &#8211; Angus Young-stil &#8211; MGT-8518&nbsp;&nbsp;Mini-guitaren, der er inspireret af Angus Youngs v\u00e6rker, er et musikalsk gadget, der vil stj\u00e6le hjerterne hos AC\/DC-fans. Den er en god gave til en hardrockfan, guitarist og musikelsker. Den er ogs\u00e5 en stilfuld dekoration til ethvert interi\u00f8r. Den passer perfekt i et ungdomsv\u00e6relse, stue eller kontor. [&hellip;]<\/p>\n","protected":false},"featured_media":44752,"comment_status":"open","ping_status":"closed","template":"","meta":[],"product_brand":[],"product_cat":[31],"product_tag":[],"class_list":{"0":"post-26902","1":"product","2":"type-product","3":"status-publish","4":"has-post-thumbnail","6":"product_cat-uncategorized-da","8":"first","9":"instock","10":"shipping-taxable","11":"purchasable","12":"product-type-simple"},"_links":{"self":[{"href":"https:\/\/nordicmart.andreevmaster.com\/da\/wp-json\/wp\/v2\/product\/26902","targetHints":{"allow":["GET"]}}],"collection":[{"href":"https:\/\/nordicmart.andreevmaster.com\/da\/wp-json\/wp\/v2\/product"}],"about":[{"href":"https:\/\/nordicmart.andreevmaster.com\/da\/wp-json\/wp\/v2\/types\/product"}],"replies":[{"embeddable":true,"href":"https:\/\/nordicmart.andreevmaster.com\/da\/wp-json\/wp\/v2\/comments?post=26902"}],"wp:featuredmedia":[{"embeddable":true,"href":"https:\/\/nordicmart.andreevmaster.com\/da\/wp-json\/wp\/v2\/media\/44752"}],"wp:attachment":[{"href":"https:\/\/nordicmart.andreevmaster.com\/da\/wp-json\/wp\/v2\/media?parent=26902"}],"wp:term":[{"taxonomy":"product_brand","embeddable":true,"href":"https:\/\/nordicmart.andreevmaster.com\/da\/wp-json\/wp\/v2\/product_brand?post=26902"},{"taxonomy":"product_cat","embeddable":true,"href":"https:\/\/nordicmart.andreevmaster.com\/da\/wp-json\/wp\/v2\/product_cat?post=26902"},{"taxonomy":"product_tag","embeddable":true,"href":"https:\/\/nordicmart.andreevmaster.com\/da\/wp-json\/wp\/v2\/product_tag?post=26902"}],"curies":[{"name":"wp","href":"https:\/\/api.w.org\/{rel}","templated":true}]}}