{"id":26901,"date":"2026-02-27T00:34:35","date_gmt":"2026-02-27T00:34:35","guid":{"rendered":"https:\/\/nordicmart.andreevmaster.com\/product\/mini-guitar-queen-brian-may-tribute-mgt-7979-2\/"},"modified":"2026-02-27T09:13:41","modified_gmt":"2026-02-27T09:13:41","slug":"mini-guitar-queen-brian-may-tribute-mgt-7979-2","status":"publish","type":"product","link":"https:\/\/nordicmart.andreevmaster.com\/da\/vare\/mini-guitar-queen-brian-may-tribute-mgt-7979-2\/","title":{"rendered":"Mini Guitar Queen &#8211; Brian May Tribute MGT-7979"},"content":{"rendered":"<p>Mini Guitar Queen &#8211; Brian May Tribute MGT-7979&nbsp;&nbsp;Brian May Tribute mini guitar er en sand forn\u00f8jelse for fans af det legendariske band Queen, som vil stj\u00e6le fansenes hjerter med dette britiske bands guitarists kunstneriske talent. Guitaren er en fantastisk gave til en Queen-fan, en elsker af klassisk rock og en guitarist.&nbsp;Mini-guitaren er h\u00e5ndlavet af mahogni. Samlerobjekt. Guitaren er ikke et leget\u00f8j.&nbsp;&nbsp;Produktinformation:&nbsp;M\u00e5l: H\u00f8jde 27,5 cm x bredde 9 cm x dybde 0,8 cmSkala: 1:4Materiale: mahogniFarve: sort, beige, brunStativ medf\u00f8lger&nbsp;&nbsp;OBS! S\u00e6lgeren er p\u00e5 ingen m\u00e5de tilknyttet producenter af \u00e6gte instrumenter eller individuelle kunstnere. Navnene p\u00e5 modellerne eller kunstnerne er eksempler. Ber\u00f8mte navne tjener kun til at vise en bestemt musikstil. Ingen af instrumenterne er en n\u00f8jagtig kopi med hensyn til proportioner, st\u00f8rrelse og design.<\/p>\n","protected":false},"excerpt":{"rendered":"<p>Mini Guitar Queen &#8211; Brian May Tribute MGT-7979&nbsp;&nbsp;Brian May Tribute mini guitar er en sand forn\u00f8jelse for fans af det legendariske band Queen, som vil stj\u00e6le fansenes hjerter med dette britiske bands guitarists kunstneriske talent. Guitaren er en fantastisk gave til en Queen-fan, en elsker af klassisk rock og en guitarist.&nbsp;Mini-guitaren er h\u00e5ndlavet af mahogni. [&hellip;]<\/p>\n","protected":false},"featured_media":44751,"comment_status":"open","ping_status":"closed","template":"","meta":[],"product_brand":[],"product_cat":[31],"product_tag":[],"class_list":{"0":"post-26901","1":"product","2":"type-product","3":"status-publish","4":"has-post-thumbnail","6":"product_cat-uncategorized-da","8":"first","9":"instock","10":"shipping-taxable","11":"purchasable","12":"product-type-simple"},"_links":{"self":[{"href":"https:\/\/nordicmart.andreevmaster.com\/da\/wp-json\/wp\/v2\/product\/26901","targetHints":{"allow":["GET"]}}],"collection":[{"href":"https:\/\/nordicmart.andreevmaster.com\/da\/wp-json\/wp\/v2\/product"}],"about":[{"href":"https:\/\/nordicmart.andreevmaster.com\/da\/wp-json\/wp\/v2\/types\/product"}],"replies":[{"embeddable":true,"href":"https:\/\/nordicmart.andreevmaster.com\/da\/wp-json\/wp\/v2\/comments?post=26901"}],"wp:featuredmedia":[{"embeddable":true,"href":"https:\/\/nordicmart.andreevmaster.com\/da\/wp-json\/wp\/v2\/media\/44751"}],"wp:attachment":[{"href":"https:\/\/nordicmart.andreevmaster.com\/da\/wp-json\/wp\/v2\/media?parent=26901"}],"wp:term":[{"taxonomy":"product_brand","embeddable":true,"href":"https:\/\/nordicmart.andreevmaster.com\/da\/wp-json\/wp\/v2\/product_brand?post=26901"},{"taxonomy":"product_cat","embeddable":true,"href":"https:\/\/nordicmart.andreevmaster.com\/da\/wp-json\/wp\/v2\/product_cat?post=26901"},{"taxonomy":"product_tag","embeddable":true,"href":"https:\/\/nordicmart.andreevmaster.com\/da\/wp-json\/wp\/v2\/product_tag?post=26901"}],"curies":[{"name":"wp","href":"https:\/\/api.w.org\/{rel}","templated":true}]}}