{"id":26900,"date":"2026-02-27T00:34:35","date_gmt":"2026-02-27T00:34:35","guid":{"rendered":"https:\/\/nordicmart.andreevmaster.com\/product\/mini-guitar-ed-sheeran-275-cm-mgt-7894-2\/"},"modified":"2026-02-27T09:13:41","modified_gmt":"2026-02-27T09:13:41","slug":"mini-guitar-ed-sheeran-275-cm-mgt-7894-2","status":"publish","type":"product","link":"https:\/\/nordicmart.andreevmaster.com\/da\/vare\/mini-guitar-ed-sheeran-275-cm-mgt-7894-2\/","title":{"rendered":"Mini guitar &#8211; Ed Sheeran 27,5 cm &#8211; MGT-7894"},"content":{"rendered":"<p>Mini-guitar &#8211; Ed Sheeran 27,5 cm &#8211; MGT-7894&nbsp;&nbsp;Mini-guitar inspireret af Ed Sheerans stil. H\u00e5ndlavet af mahogni. Ideel som hyldedekoration, gave til en musikfan eller interi\u00f8rdesignelement med et musikalsk touch.&nbsp;&nbsp;Produktinformation:&nbsp;H\u00e5ndlavet Materiale: mahogni Tr\u00e6 Dimensioner: h\u00f8jde 27,5 cm x bredde 9 cm x dybde 0,8 cm Skala 1:4 Samlerobjekt&nbsp;Produktet er ikke et leget\u00f8j. Det er ikke en officiel kopi af instrumentet. S\u00e6lgeren er p\u00e5 ingen m\u00e5de tilknyttet producenterne af de \u00e6gte instrumenter eller de enkelte kunstnere. Modelnavne eller kunstnernavne er eksempler. Ingen af instrumenterne er tro kopier med hensyn til proportioner, st\u00f8rrelse og design.<\/p>\n","protected":false},"excerpt":{"rendered":"<p>Mini-guitar &#8211; Ed Sheeran 27,5 cm &#8211; MGT-7894&nbsp;&nbsp;Mini-guitar inspireret af Ed Sheerans stil. H\u00e5ndlavet af mahogni. Ideel som hyldedekoration, gave til en musikfan eller interi\u00f8rdesignelement med et musikalsk touch.&nbsp;&nbsp;Produktinformation:&nbsp;H\u00e5ndlavet Materiale: mahogni Tr\u00e6 Dimensioner: h\u00f8jde 27,5 cm x bredde 9 cm x dybde 0,8 cm Skala 1:4 Samlerobjekt&nbsp;Produktet er ikke et leget\u00f8j. Det er ikke en [&hellip;]<\/p>\n","protected":false},"featured_media":44750,"comment_status":"open","ping_status":"closed","template":"","meta":[],"product_brand":[],"product_cat":[31],"product_tag":[],"class_list":{"0":"post-26900","1":"product","2":"type-product","3":"status-publish","4":"has-post-thumbnail","6":"product_cat-uncategorized-da","8":"first","9":"instock","10":"shipping-taxable","11":"purchasable","12":"product-type-simple"},"_links":{"self":[{"href":"https:\/\/nordicmart.andreevmaster.com\/da\/wp-json\/wp\/v2\/product\/26900","targetHints":{"allow":["GET"]}}],"collection":[{"href":"https:\/\/nordicmart.andreevmaster.com\/da\/wp-json\/wp\/v2\/product"}],"about":[{"href":"https:\/\/nordicmart.andreevmaster.com\/da\/wp-json\/wp\/v2\/types\/product"}],"replies":[{"embeddable":true,"href":"https:\/\/nordicmart.andreevmaster.com\/da\/wp-json\/wp\/v2\/comments?post=26900"}],"wp:featuredmedia":[{"embeddable":true,"href":"https:\/\/nordicmart.andreevmaster.com\/da\/wp-json\/wp\/v2\/media\/44750"}],"wp:attachment":[{"href":"https:\/\/nordicmart.andreevmaster.com\/da\/wp-json\/wp\/v2\/media?parent=26900"}],"wp:term":[{"taxonomy":"product_brand","embeddable":true,"href":"https:\/\/nordicmart.andreevmaster.com\/da\/wp-json\/wp\/v2\/product_brand?post=26900"},{"taxonomy":"product_cat","embeddable":true,"href":"https:\/\/nordicmart.andreevmaster.com\/da\/wp-json\/wp\/v2\/product_cat?post=26900"},{"taxonomy":"product_tag","embeddable":true,"href":"https:\/\/nordicmart.andreevmaster.com\/da\/wp-json\/wp\/v2\/product_tag?post=26900"}],"curies":[{"name":"wp","href":"https:\/\/api.w.org\/{rel}","templated":true}]}}