{"id":26899,"date":"2026-02-27T00:34:35","date_gmt":"2026-02-27T00:34:35","guid":{"rendered":"https:\/\/nordicmart.andreevmaster.com\/product\/mini-guitar-guns-n-roses-slash-skala-14-mgt-7863\/"},"modified":"2026-02-27T09:13:40","modified_gmt":"2026-02-27T09:13:40","slug":"mini-guitar-guns-n-roses-slash-skala-14-mgt-7863","status":"publish","type":"product","link":"https:\/\/nordicmart.andreevmaster.com\/da\/vare\/mini-guitar-guns-n-roses-slash-skala-14-mgt-7863\/","title":{"rendered":"Mini guitar &#8211; Guns N&#8217; Roses &#8211; Slash &#8211; Skala 1:4 &#8211; MGT-7863"},"content":{"rendered":"<p>Mini guitar &#8211; Guns N&#39; Roses &#8211; Slash &#8211; Skala 1:4 &#8211; MGT-7863&nbsp;&nbsp;Miniature, h\u00e5ndlavet guitar, der replikerer Slashs ikoniske instrument fra bandet Guns N&#8217; Roses. Dette er den perfekte gave til enhver rockfan og samler af musikalske memorabilia.&nbsp;&nbsp;Produktinformation:&nbsp;H\u00e5ndlavet Materiale: mahogni Tr\u00e6 Dimensioner: h\u00f8jde: 27,5 cm x bredde: 9 cm x dybde: 0,8 cm Skala: 1:4 Samlerobjekt Emballage: blisterpakke Leveres med et plastik- og metalstativ til at placere guitaren p\u00e5 Ideel til udstilling p\u00e5 en hylde eller et skrivebord&nbsp;&nbsp;Guns N&#8217; Roses Mini Guitar er perfekt som:&nbsp;Gave til en Guns N&#8217; Roses-fanGave til en elsker af musikalske klassikere&nbsp;&nbsp;S\u00e6lgeren er p\u00e5 ingen m\u00e5de tilknyttet producenterne af de faktiske instrumenter eller de enkelte kunstnere. &nbsp;Navnene p\u00e5 modeller eller kunstnere er eksempler. De kendte navne bruges kun for at vise en bestemt musikstil. Ingen af instrumenterne er en tro kopi med hensyn til proportioner, st\u00f8rrelse og design. &nbsp;&nbsp;<\/p>\n","protected":false},"excerpt":{"rendered":"<p>Mini guitar &#8211; Guns N&#39; Roses &#8211; Slash &#8211; Skala 1:4 &#8211; MGT-7863&nbsp;&nbsp;Miniature, h\u00e5ndlavet guitar, der replikerer Slashs ikoniske instrument fra bandet Guns N&#8217; Roses. Dette er den perfekte gave til enhver rockfan og samler af musikalske memorabilia.&nbsp;&nbsp;Produktinformation:&nbsp;H\u00e5ndlavet Materiale: mahogni Tr\u00e6 Dimensioner: h\u00f8jde: 27,5 cm x bredde: 9 cm x dybde: 0,8 cm Skala: 1:4 [&hellip;]<\/p>\n","protected":false},"featured_media":44749,"comment_status":"open","ping_status":"closed","template":"","meta":[],"product_brand":[],"product_cat":[31],"product_tag":[],"class_list":{"0":"post-26899","1":"product","2":"type-product","3":"status-publish","4":"has-post-thumbnail","6":"product_cat-uncategorized-da","8":"first","9":"instock","10":"shipping-taxable","11":"purchasable","12":"product-type-simple"},"_links":{"self":[{"href":"https:\/\/nordicmart.andreevmaster.com\/da\/wp-json\/wp\/v2\/product\/26899","targetHints":{"allow":["GET"]}}],"collection":[{"href":"https:\/\/nordicmart.andreevmaster.com\/da\/wp-json\/wp\/v2\/product"}],"about":[{"href":"https:\/\/nordicmart.andreevmaster.com\/da\/wp-json\/wp\/v2\/types\/product"}],"replies":[{"embeddable":true,"href":"https:\/\/nordicmart.andreevmaster.com\/da\/wp-json\/wp\/v2\/comments?post=26899"}],"wp:featuredmedia":[{"embeddable":true,"href":"https:\/\/nordicmart.andreevmaster.com\/da\/wp-json\/wp\/v2\/media\/44749"}],"wp:attachment":[{"href":"https:\/\/nordicmart.andreevmaster.com\/da\/wp-json\/wp\/v2\/media?parent=26899"}],"wp:term":[{"taxonomy":"product_brand","embeddable":true,"href":"https:\/\/nordicmart.andreevmaster.com\/da\/wp-json\/wp\/v2\/product_brand?post=26899"},{"taxonomy":"product_cat","embeddable":true,"href":"https:\/\/nordicmart.andreevmaster.com\/da\/wp-json\/wp\/v2\/product_cat?post=26899"},{"taxonomy":"product_tag","embeddable":true,"href":"https:\/\/nordicmart.andreevmaster.com\/da\/wp-json\/wp\/v2\/product_tag?post=26899"}],"curies":[{"name":"wp","href":"https:\/\/api.w.org\/{rel}","templated":true}]}}