{"id":26898,"date":"2026-02-27T00:34:35","date_gmt":"2026-02-27T00:34:35","guid":{"rendered":"https:\/\/nordicmart.andreevmaster.com\/product\/mini-guitar-guns-nroses-slash-mgt-7856-2\/"},"modified":"2026-02-27T09:13:40","modified_gmt":"2026-02-27T09:13:40","slug":"mini-guitar-guns-nroses-slash-mgt-7856-2","status":"publish","type":"product","link":"https:\/\/nordicmart.andreevmaster.com\/da\/vare\/mini-guitar-guns-nroses-slash-mgt-7856-2\/","title":{"rendered":"Mini guitar &#8211; Guns N&#8217;Roses &#8211; Slash &#8211; MGT-7856"},"content":{"rendered":"<p>Mini-guitar &#8211; Guns N&#8217;Roses &#8211; Slash &#8211; MGT-7856&nbsp;&nbsp;&nbsp;&nbsp;Produktinformation:&nbsp;H\u00e5ndlavet Mahogni tr\u00e6 Dimensioner: 27,5 x 9 cm x 0,8 cm Skala 1:4 Samlerobjekt Leveres med et plastik- og metalstativ til at placere guitaren p\u00e5&nbsp;&nbsp;&nbsp;&nbsp;S\u00e6lgeren er p\u00e5 ingen m\u00e5de tilknyttet producenterne af de \u00e6gte instrumenter eller de enkelte kunstnere. &nbsp;Navnene p\u00e5 modeller eller kunstnere er eksempler. De kendte navne bruges kun for at vise en bestemt musikstil. Ingen af instrumenterne er tro kopier med hensyn til proportioner, st\u00f8rrelse og design. Alle produkter er h\u00e5ndlavede.&nbsp;<\/p>\n","protected":false},"excerpt":{"rendered":"<p>Mini-guitar &#8211; Guns N&#8217;Roses &#8211; Slash &#8211; MGT-7856&nbsp;&nbsp;&nbsp;&nbsp;Produktinformation:&nbsp;H\u00e5ndlavet Mahogni tr\u00e6 Dimensioner: 27,5 x 9 cm x 0,8 cm Skala 1:4 Samlerobjekt Leveres med et plastik- og metalstativ til at placere guitaren p\u00e5&nbsp;&nbsp;&nbsp;&nbsp;S\u00e6lgeren er p\u00e5 ingen m\u00e5de tilknyttet producenterne af de \u00e6gte instrumenter eller de enkelte kunstnere. &nbsp;Navnene p\u00e5 modeller eller kunstnere er eksempler. De kendte [&hellip;]<\/p>\n","protected":false},"featured_media":44748,"comment_status":"open","ping_status":"closed","template":"","meta":[],"product_brand":[],"product_cat":[31],"product_tag":[],"class_list":{"0":"post-26898","1":"product","2":"type-product","3":"status-publish","4":"has-post-thumbnail","6":"product_cat-uncategorized-da","8":"first","9":"instock","10":"shipping-taxable","11":"purchasable","12":"product-type-simple"},"_links":{"self":[{"href":"https:\/\/nordicmart.andreevmaster.com\/da\/wp-json\/wp\/v2\/product\/26898","targetHints":{"allow":["GET"]}}],"collection":[{"href":"https:\/\/nordicmart.andreevmaster.com\/da\/wp-json\/wp\/v2\/product"}],"about":[{"href":"https:\/\/nordicmart.andreevmaster.com\/da\/wp-json\/wp\/v2\/types\/product"}],"replies":[{"embeddable":true,"href":"https:\/\/nordicmart.andreevmaster.com\/da\/wp-json\/wp\/v2\/comments?post=26898"}],"wp:featuredmedia":[{"embeddable":true,"href":"https:\/\/nordicmart.andreevmaster.com\/da\/wp-json\/wp\/v2\/media\/44748"}],"wp:attachment":[{"href":"https:\/\/nordicmart.andreevmaster.com\/da\/wp-json\/wp\/v2\/media?parent=26898"}],"wp:term":[{"taxonomy":"product_brand","embeddable":true,"href":"https:\/\/nordicmart.andreevmaster.com\/da\/wp-json\/wp\/v2\/product_brand?post=26898"},{"taxonomy":"product_cat","embeddable":true,"href":"https:\/\/nordicmart.andreevmaster.com\/da\/wp-json\/wp\/v2\/product_cat?post=26898"},{"taxonomy":"product_tag","embeddable":true,"href":"https:\/\/nordicmart.andreevmaster.com\/da\/wp-json\/wp\/v2\/product_tag?post=26898"}],"curies":[{"name":"wp","href":"https:\/\/api.w.org\/{rel}","templated":true}]}}