{"id":26897,"date":"2026-02-27T00:34:34","date_gmt":"2026-02-27T00:34:34","guid":{"rendered":"https:\/\/nordicmart.andreevmaster.com\/product\/mini-guitar-greta-van-flet-jacob-kiszka-mgt-7849-2\/"},"modified":"2026-02-27T09:13:40","modified_gmt":"2026-02-27T09:13:40","slug":"mini-guitar-greta-van-flet-jacob-kiszka-mgt-7849-2","status":"publish","type":"product","link":"https:\/\/nordicmart.andreevmaster.com\/da\/vare\/mini-guitar-greta-van-flet-jacob-kiszka-mgt-7849-2\/","title":{"rendered":"Mini guitar Greta Van Flet Jacob Kiszka MGT-7849"},"content":{"rendered":"<p>Mini guitar Greta Van Flet Jacob Kiszka MGT-7849&nbsp;Mini-guitaren, der er inspireret af Jacob &#8220;Jake&#8221; Kiszka fra det amerikanske band Greta Van Flet, er et musikalsk gadget, som fans af hardrock-guitaristen vil elske. Den er velegnet som gave til en elsker af rockmusik, en fan af Greta Van Flet og en guitarist. Den farverige guitar vil pifte et skrivebord eller en boghylde op i en musikfans v\u00e6relse.Minigitaren er h\u00e5ndlavet af mahogni. Samlerobjekt. Gitaren er ikke et leget\u00f8j. Kan ikke spilles p\u00e5.&nbsp;Minigitar Greta Van Flet &#8211; Jacob Kiszka MGT-7849 specifikationer:&nbsp;&bull; M\u00e5l: H. 27,5 cm x B. 9 cm x D. 0,8 cm&bull; Skala: 1:4&bull; Materiale: mahogni&bull; Farve: flerfarvet&bull; S\u00e6ttet indeholder et plastik-metalstativ til at placere guitaren p\u00e5&nbsp;Mini-guitar Greta Van Flet &#8211; Jacob Kiszka MGT-7849 er perfekt som:&nbsp;&bull; En gadget til en Greta Van Flet-fan &bull; Musik-gadget til hardrock-guitaristen&bull; En gave til en hardrockfan&bull; Musik-gadget til skrivebordet&nbsp;OBS! S\u00e6lgeren er p\u00e5 ingen m\u00e5de tilknyttet producenterne af \u00e6gte instrumenter eller individuelle kunstnere. Navnene p\u00e5 modellerne eller kunstnerne er eksempler. De kendte navne tjener kun til at illustrere en bestemt musikstil. Ingen af instrumenterne er en n\u00f8jagtig kopi med hensyn til proportioner, st\u00f8rrelse og design.&nbsp;<\/p>\n","protected":false},"excerpt":{"rendered":"<p>Mini guitar Greta Van Flet Jacob Kiszka MGT-7849&nbsp;Mini-guitaren, der er inspireret af Jacob &#8220;Jake&#8221; Kiszka fra det amerikanske band Greta Van Flet, er et musikalsk gadget, som fans af hardrock-guitaristen vil elske. Den er velegnet som gave til en elsker af rockmusik, en fan af Greta Van Flet og en guitarist. Den farverige guitar vil [&hellip;]<\/p>\n","protected":false},"featured_media":44747,"comment_status":"open","ping_status":"closed","template":"","meta":[],"product_brand":[],"product_cat":[31],"product_tag":[],"class_list":{"0":"post-26897","1":"product","2":"type-product","3":"status-publish","4":"has-post-thumbnail","6":"product_cat-uncategorized-da","8":"first","9":"instock","10":"shipping-taxable","11":"purchasable","12":"product-type-simple"},"_links":{"self":[{"href":"https:\/\/nordicmart.andreevmaster.com\/da\/wp-json\/wp\/v2\/product\/26897","targetHints":{"allow":["GET"]}}],"collection":[{"href":"https:\/\/nordicmart.andreevmaster.com\/da\/wp-json\/wp\/v2\/product"}],"about":[{"href":"https:\/\/nordicmart.andreevmaster.com\/da\/wp-json\/wp\/v2\/types\/product"}],"replies":[{"embeddable":true,"href":"https:\/\/nordicmart.andreevmaster.com\/da\/wp-json\/wp\/v2\/comments?post=26897"}],"wp:featuredmedia":[{"embeddable":true,"href":"https:\/\/nordicmart.andreevmaster.com\/da\/wp-json\/wp\/v2\/media\/44747"}],"wp:attachment":[{"href":"https:\/\/nordicmart.andreevmaster.com\/da\/wp-json\/wp\/v2\/media?parent=26897"}],"wp:term":[{"taxonomy":"product_brand","embeddable":true,"href":"https:\/\/nordicmart.andreevmaster.com\/da\/wp-json\/wp\/v2\/product_brand?post=26897"},{"taxonomy":"product_cat","embeddable":true,"href":"https:\/\/nordicmart.andreevmaster.com\/da\/wp-json\/wp\/v2\/product_cat?post=26897"},{"taxonomy":"product_tag","embeddable":true,"href":"https:\/\/nordicmart.andreevmaster.com\/da\/wp-json\/wp\/v2\/product_tag?post=26897"}],"curies":[{"name":"wp","href":"https:\/\/api.w.org\/{rel}","templated":true}]}}