{"id":26896,"date":"2026-02-27T00:34:34","date_gmt":"2026-02-27T00:34:34","guid":{"rendered":"https:\/\/nordicmart.andreevmaster.com\/product\/mini-guitar-scorpions-matthias-jabs-mgt-7818-2\/"},"modified":"2026-02-27T09:13:40","modified_gmt":"2026-02-27T09:13:40","slug":"mini-guitar-scorpions-matthias-jabs-mgt-7818-2","status":"publish","type":"product","link":"https:\/\/nordicmart.andreevmaster.com\/da\/vare\/mini-guitar-scorpions-matthias-jabs-mgt-7818-2\/","title":{"rendered":"Mini Guitar Scorpions Matthias Jabs MGT-7818"},"content":{"rendered":"<p>Mini Guitar Scorpions Matthias Jabs MGT-7818&nbsp;Mini-guitaren, der er inspireret af det legendariske band Scorpions og dets guitarist Matthias Jabs, er en fantastisk musikalsk gadget, der vil stj\u00e6le hjerterne hos fans af dette tyske hardrockband. Guitaren er en fantastisk gave til en fan af Scorpions og Jabs&#8217; talent. Den vil v\u00e6re en dejlig gave til en guitarist og musiker. Miniaturegitaren er h\u00e5ndlavet af mahogni i skalaen 1:4. Dette er et samlerobjekt. Guitaren er ikke et leget\u00f8j. Den kan ikke spilles p\u00e5. Mini Guitar Scorpions Matthias Jabs MGT-7818 specifikationer: \u2022 M\u00e5l: H. 27,5 cm x B. 9 cm x D. 0,8 cm \u2022 Skala: 1:4 \u2022 Materiale: mahogni \u2022 Farve: flerfarvet, overvejende sort&bull; S\u00e6ttet indeholder et plastik-metalstativ til at placere guitaren p\u00e5&nbsp;Mini Guitar Scorpions Matthias Jabs MGT-7818 er perfekt som:&nbsp;&bull; En gave til en Scorpions-fan&bull; En gadget til en fan af Matthias Jabs&bull; En gave til en musiker&bull; En gave til en rockfan&nbsp;OBS! S\u00e6lgeren er p\u00e5 ingen m\u00e5de tilknyttet producenterne af \u00e6gte instrumenter eller individuelle kunstnere. Navnene p\u00e5 modellerne eller kunstnerne er eksempler. Ber\u00f8mte navne tjener kun til at vise en bestemt musikstil. Ingen af instrumenterne er en n\u00f8jagtig kopi med hensyn til proportioner, st\u00f8rrelse og design.&nbsp;<\/p>\n","protected":false},"excerpt":{"rendered":"<p>Mini Guitar Scorpions Matthias Jabs MGT-7818&nbsp;Mini-guitaren, der er inspireret af det legendariske band Scorpions og dets guitarist Matthias Jabs, er en fantastisk musikalsk gadget, der vil stj\u00e6le hjerterne hos fans af dette tyske hardrockband. Guitaren er en fantastisk gave til en fan af Scorpions og Jabs&#8217; talent. Den vil v\u00e6re en dejlig gave til en [&hellip;]<\/p>\n","protected":false},"featured_media":44746,"comment_status":"open","ping_status":"closed","template":"","meta":[],"product_brand":[],"product_cat":[31],"product_tag":[],"class_list":{"0":"post-26896","1":"product","2":"type-product","3":"status-publish","4":"has-post-thumbnail","6":"product_cat-uncategorized-da","8":"first","9":"instock","10":"shipping-taxable","11":"purchasable","12":"product-type-simple"},"_links":{"self":[{"href":"https:\/\/nordicmart.andreevmaster.com\/da\/wp-json\/wp\/v2\/product\/26896","targetHints":{"allow":["GET"]}}],"collection":[{"href":"https:\/\/nordicmart.andreevmaster.com\/da\/wp-json\/wp\/v2\/product"}],"about":[{"href":"https:\/\/nordicmart.andreevmaster.com\/da\/wp-json\/wp\/v2\/types\/product"}],"replies":[{"embeddable":true,"href":"https:\/\/nordicmart.andreevmaster.com\/da\/wp-json\/wp\/v2\/comments?post=26896"}],"wp:featuredmedia":[{"embeddable":true,"href":"https:\/\/nordicmart.andreevmaster.com\/da\/wp-json\/wp\/v2\/media\/44746"}],"wp:attachment":[{"href":"https:\/\/nordicmart.andreevmaster.com\/da\/wp-json\/wp\/v2\/media?parent=26896"}],"wp:term":[{"taxonomy":"product_brand","embeddable":true,"href":"https:\/\/nordicmart.andreevmaster.com\/da\/wp-json\/wp\/v2\/product_brand?post=26896"},{"taxonomy":"product_cat","embeddable":true,"href":"https:\/\/nordicmart.andreevmaster.com\/da\/wp-json\/wp\/v2\/product_cat?post=26896"},{"taxonomy":"product_tag","embeddable":true,"href":"https:\/\/nordicmart.andreevmaster.com\/da\/wp-json\/wp\/v2\/product_tag?post=26896"}],"curies":[{"name":"wp","href":"https:\/\/api.w.org\/{rel}","templated":true}]}}