{"id":26895,"date":"2026-02-27T00:34:34","date_gmt":"2026-02-27T00:34:34","guid":{"rendered":"https:\/\/nordicmart.andreevmaster.com\/product\/mini-guitar-inspireret-af-jim-morrison-fra-the-doors-mahogni-mgt-6569\/"},"modified":"2026-02-27T09:13:40","modified_gmt":"2026-02-27T09:13:40","slug":"mini-guitar-inspireret-af-jim-morrison-fra-the-doors-mahogni-mgt-6569","status":"publish","type":"product","link":"https:\/\/nordicmart.andreevmaster.com\/da\/vare\/mini-guitar-inspireret-af-jim-morrison-fra-the-doors-mahogni-mgt-6569\/","title":{"rendered":"Mini-guitar inspireret af Jim Morrison fra The Doors \u2013 mahogni \u2013 MGT-6569"},"content":{"rendered":"<p>Mini-guitar inspireret af Jim Morrison fra The Doors &#8211; Mahogni &#8211; MGT-6569.&nbsp;&nbsp;Dekorativ mini-guitar inspireret af rockikonet Jim Morrison fra bandet The Doors. Omhyggeligt fremstillet i skala 1:4, er det et unikt samlerobjekt med i\u00f8jnefaldende detaljer. Den vil v\u00e6re perfekt som dekoration p\u00e5 skrivebordet, hylden eller i vitrineskabet. Dette er en fremragende gaveid\u00e9 til en musikfan.&nbsp;&nbsp;Produktinformation:&nbsp;M\u00e5l: h\u00f8jde 27,5 cm x bredde 9 cm x dybde 0,8 cmSkala: 1:4Materiale: mahogniTr\u00e6Stativ medf\u00f8lgerGuitaren kan ikke spilles p\u00e5 &#8211; den er et dekorativt objektSamlerobjekt&nbsp;Perfekt gave til:&nbsp;Fans af The Doors og Jim MorrisonSamlere af mini-instrumenterMusikere og rockentusiaster&nbsp;<\/p>\n","protected":false},"excerpt":{"rendered":"<p>Mini-guitar inspireret af Jim Morrison fra The Doors &#8211; Mahogni &#8211; MGT-6569.&nbsp;&nbsp;Dekorativ mini-guitar inspireret af rockikonet Jim Morrison fra bandet The Doors. Omhyggeligt fremstillet i skala 1:4, er det et unikt samlerobjekt med i\u00f8jnefaldende detaljer. Den vil v\u00e6re perfekt som dekoration p\u00e5 skrivebordet, hylden eller i vitrineskabet. Dette er en fremragende gaveid\u00e9 til en musikfan.&nbsp;&nbsp;Produktinformation:&nbsp;M\u00e5l: [&hellip;]<\/p>\n","protected":false},"featured_media":44745,"comment_status":"open","ping_status":"closed","template":"","meta":[],"product_brand":[],"product_cat":[31],"product_tag":[],"class_list":{"0":"post-26895","1":"product","2":"type-product","3":"status-publish","4":"has-post-thumbnail","6":"product_cat-uncategorized-da","8":"first","9":"instock","10":"shipping-taxable","11":"purchasable","12":"product-type-simple"},"_links":{"self":[{"href":"https:\/\/nordicmart.andreevmaster.com\/da\/wp-json\/wp\/v2\/product\/26895","targetHints":{"allow":["GET"]}}],"collection":[{"href":"https:\/\/nordicmart.andreevmaster.com\/da\/wp-json\/wp\/v2\/product"}],"about":[{"href":"https:\/\/nordicmart.andreevmaster.com\/da\/wp-json\/wp\/v2\/types\/product"}],"replies":[{"embeddable":true,"href":"https:\/\/nordicmart.andreevmaster.com\/da\/wp-json\/wp\/v2\/comments?post=26895"}],"wp:featuredmedia":[{"embeddable":true,"href":"https:\/\/nordicmart.andreevmaster.com\/da\/wp-json\/wp\/v2\/media\/44745"}],"wp:attachment":[{"href":"https:\/\/nordicmart.andreevmaster.com\/da\/wp-json\/wp\/v2\/media?parent=26895"}],"wp:term":[{"taxonomy":"product_brand","embeddable":true,"href":"https:\/\/nordicmart.andreevmaster.com\/da\/wp-json\/wp\/v2\/product_brand?post=26895"},{"taxonomy":"product_cat","embeddable":true,"href":"https:\/\/nordicmart.andreevmaster.com\/da\/wp-json\/wp\/v2\/product_cat?post=26895"},{"taxonomy":"product_tag","embeddable":true,"href":"https:\/\/nordicmart.andreevmaster.com\/da\/wp-json\/wp\/v2\/product_tag?post=26895"}],"curies":[{"name":"wp","href":"https:\/\/api.w.org\/{rel}","templated":true}]}}