{"id":26894,"date":"2026-02-27T00:34:34","date_gmt":"2026-02-27T00:34:34","guid":{"rendered":"https:\/\/nordicmart.andreevmaster.com\/product\/mini-guitar-inspireret-af-bob-dylan-mgt-5845\/"},"modified":"2026-02-27T09:13:39","modified_gmt":"2026-02-27T09:13:39","slug":"mini-guitar-inspireret-af-bob-dylan-mgt-5845","status":"publish","type":"product","link":"https:\/\/nordicmart.andreevmaster.com\/da\/vare\/mini-guitar-inspireret-af-bob-dylan-mgt-5845\/","title":{"rendered":"Mini-guitar inspireret af Bob Dylan &#8211; MGT-5845"},"content":{"rendered":"<p>Mini-guitar inspireret af Bob Dylan &#8211; MGT-5845&nbsp;&nbsp;Den omhyggeligt fremstillede miniatureguitar er en hyldest til en af musikkens st\u00f8rste ikoner &#8211; Bob Dylan. Den er fremstillet af mahogni af h\u00f8j kvalitet og ser utrolig stilfuld og \u00e6stetisk ud. Den kan bruges som pr\u00e6mie i en musikkonkurrence, som gave til en musikl\u00e6rer eller som gave til en guitarist. Produktinformation:M\u00e5l: h\u00f8jde 27,5 cm x bredde 9 cm x dybde 0,8 cm Skala: 1:4 Materiale: mahogni Tr\u00e6 Stativ medf\u00f8lger Guitaren kan ikke spilles p\u00e5 \u2013 den er et dekorativt element SamlerobjektIdeel gave til:&nbsp;Bob Dylan-fansSamlere af mini-instrumenterMusikere og rockentusiasterPersoner, der s\u00f8ger et originalt stykke interi\u00f8rdesign&nbsp;<\/p>\n","protected":false},"excerpt":{"rendered":"<p>Mini-guitar inspireret af Bob Dylan &#8211; MGT-5845&nbsp;&nbsp;Den omhyggeligt fremstillede miniatureguitar er en hyldest til en af musikkens st\u00f8rste ikoner &#8211; Bob Dylan. Den er fremstillet af mahogni af h\u00f8j kvalitet og ser utrolig stilfuld og \u00e6stetisk ud. Den kan bruges som pr\u00e6mie i en musikkonkurrence, som gave til en musikl\u00e6rer eller som gave til en [&hellip;]<\/p>\n","protected":false},"featured_media":44744,"comment_status":"open","ping_status":"closed","template":"","meta":[],"product_brand":[],"product_cat":[31],"product_tag":[],"class_list":{"0":"post-26894","1":"product","2":"type-product","3":"status-publish","4":"has-post-thumbnail","6":"product_cat-uncategorized-da","8":"first","9":"instock","10":"shipping-taxable","11":"purchasable","12":"product-type-simple"},"_links":{"self":[{"href":"https:\/\/nordicmart.andreevmaster.com\/da\/wp-json\/wp\/v2\/product\/26894","targetHints":{"allow":["GET"]}}],"collection":[{"href":"https:\/\/nordicmart.andreevmaster.com\/da\/wp-json\/wp\/v2\/product"}],"about":[{"href":"https:\/\/nordicmart.andreevmaster.com\/da\/wp-json\/wp\/v2\/types\/product"}],"replies":[{"embeddable":true,"href":"https:\/\/nordicmart.andreevmaster.com\/da\/wp-json\/wp\/v2\/comments?post=26894"}],"wp:featuredmedia":[{"embeddable":true,"href":"https:\/\/nordicmart.andreevmaster.com\/da\/wp-json\/wp\/v2\/media\/44744"}],"wp:attachment":[{"href":"https:\/\/nordicmart.andreevmaster.com\/da\/wp-json\/wp\/v2\/media?parent=26894"}],"wp:term":[{"taxonomy":"product_brand","embeddable":true,"href":"https:\/\/nordicmart.andreevmaster.com\/da\/wp-json\/wp\/v2\/product_brand?post=26894"},{"taxonomy":"product_cat","embeddable":true,"href":"https:\/\/nordicmart.andreevmaster.com\/da\/wp-json\/wp\/v2\/product_cat?post=26894"},{"taxonomy":"product_tag","embeddable":true,"href":"https:\/\/nordicmart.andreevmaster.com\/da\/wp-json\/wp\/v2\/product_tag?post=26894"}],"curies":[{"name":"wp","href":"https:\/\/api.w.org\/{rel}","templated":true}]}}