{"id":26893,"date":"2026-02-27T00:34:33","date_gmt":"2026-02-27T00:34:33","guid":{"rendered":"https:\/\/nordicmart.andreevmaster.com\/product\/mini-guitar-the-beatles-abbey-road-mgt-5159-2\/"},"modified":"2026-02-27T09:13:39","modified_gmt":"2026-02-27T09:13:39","slug":"mini-guitar-the-beatles-abbey-road-mgt-5159-2","status":"publish","type":"product","link":"https:\/\/nordicmart.andreevmaster.com\/da\/vare\/mini-guitar-the-beatles-abbey-road-mgt-5159-2\/","title":{"rendered":"Mini guitar &#8211; The Beatles &#8211; Abbey Road , MGT-5159"},"content":{"rendered":"<p>Mini-guitar &#8211; The Beatles &#8211; Abbey Road , MGT-5159 &nbsp;H\u00e5ndlavet mahogni tr\u00e6 dimensioner: H. 27,5 cm x B. 9 cm x D. 0,8 cm 1:4 skala samlerobjekt En fantastisk gave til en fan af The Beatles &nbsp;S\u00e6lgeren er p\u00e5 ingen m\u00e5de tilknyttet producenterne af \u00e6gte instrumenter eller individuelle kunstnere. Navnene p\u00e5 modellerne eller kunstnerne er eksempler. Ber\u00f8mte navne tjener kun til at vise en bestemt stil inden for musik. Ingen af instrumenterne er en n\u00f8jagtig kopi med hensyn til proportioner, st\u00f8rrelse og design. Alle produkter er h\u00e5ndlavede.&nbsp;<\/p>\n","protected":false},"excerpt":{"rendered":"<p>Mini-guitar &#8211; The Beatles &#8211; Abbey Road , MGT-5159 &nbsp;H\u00e5ndlavet mahogni tr\u00e6 dimensioner: H. 27,5 cm x B. 9 cm x D. 0,8 cm 1:4 skala samlerobjekt En fantastisk gave til en fan af The Beatles &nbsp;S\u00e6lgeren er p\u00e5 ingen m\u00e5de tilknyttet producenterne af \u00e6gte instrumenter eller individuelle kunstnere. Navnene p\u00e5 modellerne eller kunstnerne er [&hellip;]<\/p>\n","protected":false},"featured_media":44743,"comment_status":"open","ping_status":"closed","template":"","meta":[],"product_brand":[],"product_cat":[31],"product_tag":[],"class_list":{"0":"post-26893","1":"product","2":"type-product","3":"status-publish","4":"has-post-thumbnail","6":"product_cat-uncategorized-da","8":"first","9":"instock","10":"shipping-taxable","11":"purchasable","12":"product-type-simple"},"_links":{"self":[{"href":"https:\/\/nordicmart.andreevmaster.com\/da\/wp-json\/wp\/v2\/product\/26893","targetHints":{"allow":["GET"]}}],"collection":[{"href":"https:\/\/nordicmart.andreevmaster.com\/da\/wp-json\/wp\/v2\/product"}],"about":[{"href":"https:\/\/nordicmart.andreevmaster.com\/da\/wp-json\/wp\/v2\/types\/product"}],"replies":[{"embeddable":true,"href":"https:\/\/nordicmart.andreevmaster.com\/da\/wp-json\/wp\/v2\/comments?post=26893"}],"wp:featuredmedia":[{"embeddable":true,"href":"https:\/\/nordicmart.andreevmaster.com\/da\/wp-json\/wp\/v2\/media\/44743"}],"wp:attachment":[{"href":"https:\/\/nordicmart.andreevmaster.com\/da\/wp-json\/wp\/v2\/media?parent=26893"}],"wp:term":[{"taxonomy":"product_brand","embeddable":true,"href":"https:\/\/nordicmart.andreevmaster.com\/da\/wp-json\/wp\/v2\/product_brand?post=26893"},{"taxonomy":"product_cat","embeddable":true,"href":"https:\/\/nordicmart.andreevmaster.com\/da\/wp-json\/wp\/v2\/product_cat?post=26893"},{"taxonomy":"product_tag","embeddable":true,"href":"https:\/\/nordicmart.andreevmaster.com\/da\/wp-json\/wp\/v2\/product_tag?post=26893"}],"curies":[{"name":"wp","href":"https:\/\/api.w.org\/{rel}","templated":true}]}}