{"id":26892,"date":"2026-02-27T00:34:33","date_gmt":"2026-02-27T00:34:33","guid":{"rendered":"https:\/\/nordicmart.andreevmaster.com\/product\/rolly-toys-rollykid-x-new-holland-rollykid-traktor-med-skovl-og-trailer-bla\/"},"modified":"2026-02-27T09:13:39","modified_gmt":"2026-02-27T09:13:39","slug":"rolly-toys-rollykid-x-new-holland-rollykid-traktor-med-skovl-og-trailer-bla","status":"publish","type":"product","link":"https:\/\/nordicmart.andreevmaster.com\/da\/vare\/rolly-toys-rollykid-x-new-holland-rollykid-traktor-med-skovl-og-trailer-bla\/","title":{"rendered":"Rolly Toys rollyKid-X New Holland rollyKid Traktor med skovl og trailer Bl\u00e5"},"content":{"rendered":"<p>rollyKid NH T 7040 traktoren med skovl og trailer fra Rolly Toys er et leget\u00f8j af h\u00f8j kvalitet, der er designet med de yngste brugere i tankerne. Denne bl\u00e5 pedaltraktor er det perfekte leget\u00f8j til b\u00f8rn fra 2,5 \u00e5r og opefter. Leget\u00f8jet vil give dine b\u00f8rn mange \u00e5rs gl\u00e6de og ikke kun give dem masser af sjov, men ogs\u00e5 udvikle deres motoriske f\u00e6rdigheder og koordination. Traktorens design garanterer fuldst\u00e6ndig sikkerhed under leg takket v\u00e6re det indbyggede mekaniske system, der beskytter barnet mod utilsigtede skader. Den h\u00f8jkvalitets, blanke plast, som traktoren er fremstillet af, er nem at holde ren, hvilket betyder, at k\u00f8ret\u00f8jet altid ser ud som nyt. Ekstra funktioner, s\u00e5som en bev\u00e6gelig skovl og aftagelig trailer, tilf\u00f8jer variation til legen, s\u00e5 barnet kan transportere forskellige genstande og simulere landbrugsarbejde. Den \u00e5bne frontkappe tilf\u00f8jer realisme og giver barnet mulighed for at lege endnu mere interaktivt. Hjulkapselne og den robuste k\u00e6detransmissionsmekanisme sikrer leget\u00f8jets holdbarhed og p\u00e5lidelighed. <\/p>\n<p>&#8211; Det mekaniske system er indbygget og utilg\u00e6ngeligt for b\u00f8rn. <\/p>\n<p>&#8211; S\u00e6ttet indeholder en traktor, en trailer og en bev\u00e6gelig skovl, hvilket g\u00f8r legen endnu sjovere og giver mulighed for at transportere og laste forskellige genstande.<\/p>\n<p>&#8211; Frontklap, der kan \u00e5bnes \u2013 b\u00f8rnene kan \u00e5bne traktorens frontklap og opbevare sm\u00e5 genstande, der er n\u00f8dvendige for legen, der. <\/p>\n<p>&#8211; Indbygget, justerbart k\u00e6dedrev \u2013 hele det mekaniske system er sikkert lukket inde, hvilket beskytter b\u00f8rnene mod utilsigtede skader. <\/p>\n<p>&#8211; Bev\u00e6gelig skovl \u2013 giver b\u00f8rnene mulighed for at efterligne arbejde p\u00e5 en byggeplads eller g\u00e5rd, hvilket udvikler deres fantasi og manuelle f\u00e6rdigheder.- Aftagelig trailer \u2013 den let aftagelige og p\u00e5s\u00e6ttelige trailer giver mulighed for at transportere forskellige genstande, hvilket \u00f8ger traktorens funktionalitet. &#8211; Den har en bagkobling \u2013 takket v\u00e6re denne kan du montere ekstra tilbeh\u00f8r eller trailere, hvilket \u00f8ger traktorens funktionalitet.<\/p>\n","protected":false},"excerpt":{"rendered":"<p>rollyKid NH T 7040 traktoren med skovl og trailer fra Rolly Toys er et leget\u00f8j af h\u00f8j kvalitet, der er designet med de yngste brugere i tankerne. Denne bl\u00e5 pedaltraktor er det perfekte leget\u00f8j til b\u00f8rn fra 2,5 \u00e5r og opefter. Leget\u00f8jet vil give dine b\u00f8rn mange \u00e5rs gl\u00e6de og ikke kun give dem masser [&hellip;]<\/p>\n","protected":false},"featured_media":0,"comment_status":"open","ping_status":"closed","template":"","meta":[],"product_brand":[],"product_cat":[31],"product_tag":[],"class_list":{"0":"post-26892","1":"product","2":"type-product","3":"status-publish","5":"product_cat-uncategorized-da","7":"first","8":"instock","9":"shipping-taxable","10":"purchasable","11":"product-type-simple"},"_links":{"self":[{"href":"https:\/\/nordicmart.andreevmaster.com\/da\/wp-json\/wp\/v2\/product\/26892","targetHints":{"allow":["GET"]}}],"collection":[{"href":"https:\/\/nordicmart.andreevmaster.com\/da\/wp-json\/wp\/v2\/product"}],"about":[{"href":"https:\/\/nordicmart.andreevmaster.com\/da\/wp-json\/wp\/v2\/types\/product"}],"replies":[{"embeddable":true,"href":"https:\/\/nordicmart.andreevmaster.com\/da\/wp-json\/wp\/v2\/comments?post=26892"}],"wp:attachment":[{"href":"https:\/\/nordicmart.andreevmaster.com\/da\/wp-json\/wp\/v2\/media?parent=26892"}],"wp:term":[{"taxonomy":"product_brand","embeddable":true,"href":"https:\/\/nordicmart.andreevmaster.com\/da\/wp-json\/wp\/v2\/product_brand?post=26892"},{"taxonomy":"product_cat","embeddable":true,"href":"https:\/\/nordicmart.andreevmaster.com\/da\/wp-json\/wp\/v2\/product_cat?post=26892"},{"taxonomy":"product_tag","embeddable":true,"href":"https:\/\/nordicmart.andreevmaster.com\/da\/wp-json\/wp\/v2\/product_tag?post=26892"}],"curies":[{"name":"wp","href":"https:\/\/api.w.org\/{rel}","templated":true}]}}