{"id":26891,"date":"2026-02-27T00:34:32","date_gmt":"2026-02-27T00:34:32","guid":{"rendered":"https:\/\/nordicmart.andreevmaster.com\/product\/mini-guitar-inspireret-af-kurt-cobain-mgt-3247\/"},"modified":"2026-02-27T09:13:39","modified_gmt":"2026-02-27T09:13:39","slug":"mini-guitar-inspireret-af-kurt-cobain-mgt-3247","status":"publish","type":"product","link":"https:\/\/nordicmart.andreevmaster.com\/da\/vare\/mini-guitar-inspireret-af-kurt-cobain-mgt-3247\/","title":{"rendered":"Mini-guitar inspireret af Kurt Cobain &#8211; MGT-3247"},"content":{"rendered":"<p>Mini-guitar inspireret af Kurt Cobain &#8211; MGT-3247&nbsp;&nbsp;Denne h\u00e5ndlavede mini-guitar i mahogni er et must-have for alle fans af Nirvana og Kurt Cobain. Perfekt til samlere og rockmusik-elskere.&nbsp;Mini-guitaren er h\u00e5ndlavet af mahogni. Samlerobjekt. Guitaren er ikke et leget\u00f8j. Den kan ikke spilles p\u00e5.&nbsp;&nbsp;Produktinformation:&nbsp;M\u00e5l: h\u00f8jde 27,5 cm x bredde 9 cm x dybde 0,8 cm Skala: 1:4 Materiale: mahogni Farve: sort, hvid Stativ: leveres med et stativ af plast og metal, som guitaren kan stilles p\u00e5. Bem\u00e6rk, at s\u00e6lgeren p\u00e5 ingen m\u00e5de er tilknyttet producenterne af de faktiske instrumenter eller de enkelte kunstnere. Navnene p\u00e5 modellerne eller kunstnerne er eksempler. Kendte navne bruges kun for at vise en bestemt musikstil. Ingen af instrumenterne er tro kopier med hensyn til proportioner, st\u00f8rrelse og design.&nbsp;&nbsp;<\/p>\n","protected":false},"excerpt":{"rendered":"<p>Mini-guitar inspireret af Kurt Cobain &#8211; MGT-3247&nbsp;&nbsp;Denne h\u00e5ndlavede mini-guitar i mahogni er et must-have for alle fans af Nirvana og Kurt Cobain. Perfekt til samlere og rockmusik-elskere.&nbsp;Mini-guitaren er h\u00e5ndlavet af mahogni. Samlerobjekt. Guitaren er ikke et leget\u00f8j. Den kan ikke spilles p\u00e5.&nbsp;&nbsp;Produktinformation:&nbsp;M\u00e5l: h\u00f8jde 27,5 cm x bredde 9 cm x dybde 0,8 cm Skala: 1:4 [&hellip;]<\/p>\n","protected":false},"featured_media":44742,"comment_status":"open","ping_status":"closed","template":"","meta":[],"product_brand":[],"product_cat":[31],"product_tag":[],"class_list":{"0":"post-26891","1":"product","2":"type-product","3":"status-publish","4":"has-post-thumbnail","6":"product_cat-uncategorized-da","8":"first","9":"instock","10":"shipping-taxable","11":"purchasable","12":"product-type-simple"},"_links":{"self":[{"href":"https:\/\/nordicmart.andreevmaster.com\/da\/wp-json\/wp\/v2\/product\/26891","targetHints":{"allow":["GET"]}}],"collection":[{"href":"https:\/\/nordicmart.andreevmaster.com\/da\/wp-json\/wp\/v2\/product"}],"about":[{"href":"https:\/\/nordicmart.andreevmaster.com\/da\/wp-json\/wp\/v2\/types\/product"}],"replies":[{"embeddable":true,"href":"https:\/\/nordicmart.andreevmaster.com\/da\/wp-json\/wp\/v2\/comments?post=26891"}],"wp:featuredmedia":[{"embeddable":true,"href":"https:\/\/nordicmart.andreevmaster.com\/da\/wp-json\/wp\/v2\/media\/44742"}],"wp:attachment":[{"href":"https:\/\/nordicmart.andreevmaster.com\/da\/wp-json\/wp\/v2\/media?parent=26891"}],"wp:term":[{"taxonomy":"product_brand","embeddable":true,"href":"https:\/\/nordicmart.andreevmaster.com\/da\/wp-json\/wp\/v2\/product_brand?post=26891"},{"taxonomy":"product_cat","embeddable":true,"href":"https:\/\/nordicmart.andreevmaster.com\/da\/wp-json\/wp\/v2\/product_cat?post=26891"},{"taxonomy":"product_tag","embeddable":true,"href":"https:\/\/nordicmart.andreevmaster.com\/da\/wp-json\/wp\/v2\/product_tag?post=26891"}],"curies":[{"name":"wp","href":"https:\/\/api.w.org\/{rel}","templated":true}]}}