{"id":26890,"date":"2026-02-27T00:34:32","date_gmt":"2026-02-27T00:34:32","guid":{"rendered":"https:\/\/nordicmart.andreevmaster.com\/product\/rollykid-deutz-fahr-rolly-toys-traktor-med-trailer\/"},"modified":"2026-02-27T09:13:39","modified_gmt":"2026-02-27T09:13:39","slug":"rollykid-deutz-fahr-rolly-toys-traktor-med-trailer","status":"publish","type":"product","link":"https:\/\/nordicmart.andreevmaster.com\/da\/vare\/rollykid-deutz-fahr-rolly-toys-traktor-med-trailer\/","title":{"rendered":"RollyKid Deutz-Fahr Rolly Toys traktor med trailer"},"content":{"rendered":"<p>En af de bedste leget\u00f8jstraktorer til b\u00f8rn p\u00e5 markedet. Denne traktor er en dr\u00f8m, der g\u00e5r i opfyldelse for mange sm\u00e5 traktorf\u00f8rere. Omhyggeligt fremstillet med opm\u00e6rksomhed p\u00e5 selv de mindste detaljer. Ingen rigtig landmand ville vende n\u00e6sen op ad den. Den perfekte gave til enhver lejlighed. <\/p>\n<p>RollyKid-traktoren, der er fremstillet p\u00e5 licens fra Deutz-Fahrz, med skovl og trailer fra Rolly Toys, er en af de bedste traktorer til b\u00f8rn p\u00e5 markedet. Dette leget\u00f8j er en dr\u00f8m, der g\u00e5r i opfyldelse for mange sm\u00e5 traktorf\u00f8rere. Omhyggeligt fremstillet med opm\u00e6rksomhed p\u00e5 selv de mindste detaljer. Ingen rigtig landmand ville vende n\u00e6sen op ad den. Den perfekte gave til enhver lejlighed. Denne gr\u00f8nne pedaltraktor er det ideelle leget\u00f8j til b\u00f8rn fra 3 \u00e5r og opefter. Leget\u00f8jet vil give dine b\u00f8rn mange \u00e5rs gl\u00e6de og ikke kun give dem stor forn\u00f8jelse, men ogs\u00e5 udvikle deres motoriske f\u00e6rdigheder og koordination. Traktorens design garanterer fuldst\u00e6ndig sikkerhed under leg takket v\u00e6re det indbyggede mekaniske system, der beskytter barnet mod utilsigtede skader. Den h\u00f8jkvalitets, blanke plast, som traktoren er fremstillet af, er nem at holde ren, hvilket betyder, at k\u00f8ret\u00f8jet altid ser ud som nyt. Ekstra funktioner, s\u00e5som en bev\u00e6gelig skovl og aftagelig trailer, tilf\u00f8jer variation til legen, s\u00e5 barnet kan transportere forskellige genstande og simulere landbrugsarbejde. Den \u00e5bne frontkappe tilf\u00f8jer realisme og giver barnet mulighed for at lege endnu mere interaktivt. Hjulkapselne og den robuste k\u00e6detransmissionsmekanisme sikrer leget\u00f8jets holdbarhed og p\u00e5lidelighed. PRODUKTET ER HELT FREMSTILLET I TYSKLAND<\/p>\n<p>FUNKTIONER: &#8211; Fremstillet under licens fra Deutz-Fahr, en af de st\u00f8rste producenter af landbrugsudstyr i Europa &#8211; Bev\u00e6gelig skovl &#8211; giver b\u00f8rn mulighed for at efterligne arbejde p\u00e5 en byggeplads eller g\u00e5rd, hvilket udvikler deres fantasi og manuelle f\u00e6rdigheder &#8211; Trailer medf\u00f8lger &#8211; Produkt fremstillet af plast af h\u00f8j kvalitet, der er let at holde rent. &#8211; Hele det mekaniske system er sikkert indkapslet, hvilket beskytter b\u00f8rn mod utilsigtede skader &#8211; Bageste tr\u00e6kstang &#8211; g\u00f8r det muligt at montere ekstra tilbeh\u00f8r eller trailere, hvilket \u00f8ger traktorens funktionalitet.<\/p>\n","protected":false},"excerpt":{"rendered":"<p>En af de bedste leget\u00f8jstraktorer til b\u00f8rn p\u00e5 markedet. Denne traktor er en dr\u00f8m, der g\u00e5r i opfyldelse for mange sm\u00e5 traktorf\u00f8rere. Omhyggeligt fremstillet med opm\u00e6rksomhed p\u00e5 selv de mindste detaljer. Ingen rigtig landmand ville vende n\u00e6sen op ad den. Den perfekte gave til enhver lejlighed. RollyKid-traktoren, der er fremstillet p\u00e5 licens fra Deutz-Fahrz, med [&hellip;]<\/p>\n","protected":false},"featured_media":0,"comment_status":"open","ping_status":"closed","template":"","meta":[],"product_brand":[],"product_cat":[31],"product_tag":[],"class_list":{"0":"post-26890","1":"product","2":"type-product","3":"status-publish","5":"product_cat-uncategorized-da","7":"first","8":"instock","9":"shipping-taxable","10":"purchasable","11":"product-type-simple"},"_links":{"self":[{"href":"https:\/\/nordicmart.andreevmaster.com\/da\/wp-json\/wp\/v2\/product\/26890","targetHints":{"allow":["GET"]}}],"collection":[{"href":"https:\/\/nordicmart.andreevmaster.com\/da\/wp-json\/wp\/v2\/product"}],"about":[{"href":"https:\/\/nordicmart.andreevmaster.com\/da\/wp-json\/wp\/v2\/types\/product"}],"replies":[{"embeddable":true,"href":"https:\/\/nordicmart.andreevmaster.com\/da\/wp-json\/wp\/v2\/comments?post=26890"}],"wp:attachment":[{"href":"https:\/\/nordicmart.andreevmaster.com\/da\/wp-json\/wp\/v2\/media?parent=26890"}],"wp:term":[{"taxonomy":"product_brand","embeddable":true,"href":"https:\/\/nordicmart.andreevmaster.com\/da\/wp-json\/wp\/v2\/product_brand?post=26890"},{"taxonomy":"product_cat","embeddable":true,"href":"https:\/\/nordicmart.andreevmaster.com\/da\/wp-json\/wp\/v2\/product_cat?post=26890"},{"taxonomy":"product_tag","embeddable":true,"href":"https:\/\/nordicmart.andreevmaster.com\/da\/wp-json\/wp\/v2\/product_tag?post=26890"}],"curies":[{"name":"wp","href":"https:\/\/api.w.org\/{rel}","templated":true}]}}