{"id":26889,"date":"2026-02-27T00:34:32","date_gmt":"2026-02-27T00:34:32","guid":{"rendered":"https:\/\/nordicmart.andreevmaster.com\/product\/rolly-toys-rollykid-x-pedaltraktor-med-skovl-og-trailer\/"},"modified":"2026-02-27T09:13:38","modified_gmt":"2026-02-27T09:13:38","slug":"rolly-toys-rollykid-x-pedaltraktor-med-skovl-og-trailer","status":"publish","type":"product","link":"https:\/\/nordicmart.andreevmaster.com\/da\/vare\/rolly-toys-rollykid-x-pedaltraktor-med-skovl-og-trailer\/","title":{"rendered":"Rolly Toys rollyKid-X pedaltraktor med skovl og trailer"},"content":{"rendered":"<p>rollyKid NH T 7040 traktoren med skovl og trailer fra Rolly Toys er et ride-on leget\u00f8j i topkvalitet, der er designet med de yngste brugere i tankerne. Denne bl\u00e5 pedaltraktor er det perfekte leget\u00f8j til b\u00f8rn fra 2,5 \u00e5r og opefter. Leget\u00f8jet vil give dine b\u00f8rn mange \u00e5rs gl\u00e6de og ikke kun give dem masser af sjov, men ogs\u00e5 udvikle deres motoriske f\u00e6rdigheder og koordination. Traktorens design garanterer fuldst\u00e6ndig sikkerhed under leg takket v\u00e6re det indbyggede mekaniske system, der beskytter barnet mod utilsigtede skader. Traktorens smukke gr\u00f8nne farve med en gul skovl tiltr\u00e6kker barnets opm\u00e6rksomhed og ser flot ud. Yderligere funktioner, s\u00e5som en bev\u00e6gelig skovl og aftagelig trailer, tilf\u00f8jer variation til legen, s\u00e5 barnet kan transportere forskellige genstande og simulere landbrugsarbejde. Den \u00e5bne frontkappe tilf\u00f8jer realisme og giver barnet mulighed for at lege endnu mere interaktivt. Hjulkapselne og den robuste k\u00e6detransmissionsmekanisme sikrer leget\u00f8jets holdbarhed og p\u00e5lidelighed. <\/p>\n<p>FUNKTIONER: <\/p>\n<p>&#8211; Det mekaniske system er lukket og utilg\u00e6ngeligt for b\u00f8rn.<br \/>\n&#8211; S\u00e6ttet indeholder en traktor, en trailer og en bev\u00e6gelig skovl, hvilket g\u00f8r legen endnu sjovere og giver mulighed for at transportere og laste forskellige genstande.- S\u00e6ttet indeholder en traktor, en trailer og en bev\u00e6gelig skovl, hvilket g\u00f8r legen endnu sjovere og giver mulighed for transport og l\u00e6sning af forskellige genstande.<\/p>\n<p>&#8211; Frontklap, der kan \u00e5bnes \u2013 b\u00f8rnene kan \u00e5bne traktorens frontklap og opbevare sm\u00e5 genstande, der er n\u00f8dvendige for legen, der<\/p>\n<p>&#8211; Indbygget, justerbart k\u00e6dedrev \u2013 hele det mekaniske system er sikkert lukket, hvilket beskytter b\u00f8rnene mod utilsigtede skader.- Bev\u00e6gelig skovl \u2013 giver b\u00f8rnene mulighed for at efterligne arbejdet p\u00e5 en byggeplads eller en g\u00e5rd, hvilket udvikler deres fantasi og manuelle f\u00e6rdigheder. &#8211; Aftagelig trailer \u2013 den let aftagelige og p\u00e5s\u00e6ttelige trailer giver mulighed for at transportere forskellige genstande, hvilket \u00f8ger traktorens funktionalitet. &#8211; Den har en bagkobling, takket v\u00e6re hvilken du kan montere ekstra tilbeh\u00f8r eller trailere, hvilket \u00f8ger traktorens funktionalitet.<\/p>\n","protected":false},"excerpt":{"rendered":"<p>rollyKid NH T 7040 traktoren med skovl og trailer fra Rolly Toys er et ride-on leget\u00f8j i topkvalitet, der er designet med de yngste brugere i tankerne. Denne bl\u00e5 pedaltraktor er det perfekte leget\u00f8j til b\u00f8rn fra 2,5 \u00e5r og opefter. Leget\u00f8jet vil give dine b\u00f8rn mange \u00e5rs gl\u00e6de og ikke kun give dem masser [&hellip;]<\/p>\n","protected":false},"featured_media":0,"comment_status":"open","ping_status":"closed","template":"","meta":[],"product_brand":[],"product_cat":[31],"product_tag":[],"class_list":{"0":"post-26889","1":"product","2":"type-product","3":"status-publish","5":"product_cat-uncategorized-da","7":"first","8":"instock","9":"shipping-taxable","10":"purchasable","11":"product-type-simple"},"_links":{"self":[{"href":"https:\/\/nordicmart.andreevmaster.com\/da\/wp-json\/wp\/v2\/product\/26889","targetHints":{"allow":["GET"]}}],"collection":[{"href":"https:\/\/nordicmart.andreevmaster.com\/da\/wp-json\/wp\/v2\/product"}],"about":[{"href":"https:\/\/nordicmart.andreevmaster.com\/da\/wp-json\/wp\/v2\/types\/product"}],"replies":[{"embeddable":true,"href":"https:\/\/nordicmart.andreevmaster.com\/da\/wp-json\/wp\/v2\/comments?post=26889"}],"wp:attachment":[{"href":"https:\/\/nordicmart.andreevmaster.com\/da\/wp-json\/wp\/v2\/media?parent=26889"}],"wp:term":[{"taxonomy":"product_brand","embeddable":true,"href":"https:\/\/nordicmart.andreevmaster.com\/da\/wp-json\/wp\/v2\/product_brand?post=26889"},{"taxonomy":"product_cat","embeddable":true,"href":"https:\/\/nordicmart.andreevmaster.com\/da\/wp-json\/wp\/v2\/product_cat?post=26889"},{"taxonomy":"product_tag","embeddable":true,"href":"https:\/\/nordicmart.andreevmaster.com\/da\/wp-json\/wp\/v2\/product_tag?post=26889"}],"curies":[{"name":"wp","href":"https:\/\/api.w.org\/{rel}","templated":true}]}}