{"id":26888,"date":"2026-02-27T00:34:32","date_gmt":"2026-02-27T00:34:32","guid":{"rendered":"https:\/\/nordicmart.andreevmaster.com\/product\/mini-guitar-i-slash-stil-mgt-2653\/"},"modified":"2026-02-27T09:13:38","modified_gmt":"2026-02-27T09:13:38","slug":"mini-guitar-i-slash-stil-mgt-2653","status":"publish","type":"product","link":"https:\/\/nordicmart.andreevmaster.com\/da\/vare\/mini-guitar-i-slash-stil-mgt-2653\/","title":{"rendered":"Mini-guitar i Slash-stil &#8211; MGT-2653"},"content":{"rendered":"<p>Mini-guitar i Slash-stil &#8211; MGT-2653&nbsp;&nbsp;&nbsp;Mini-guitaren i Slash-stil er et perfekt gadget til rockmusikfans. Den er en fantastisk borddekoration for elskere af denne legendariske guitarist. Denne miniature er h\u00e5ndlavet af mahogni i skala 1:4.&nbsp;&nbsp;Produktinformation:&nbsp;M\u00e5l: h\u00f8jde 24,5 cmSkala: 1:4Materiale: mahogniStativ medf\u00f8lger&nbsp;&nbsp;Bem\u00e6rk, at s\u00e6lgeren p\u00e5 ingen m\u00e5de er tilknyttet producenterne af de \u00e6gte instrumenter eller de enkelte kunstnere. Navne p\u00e5 modeller eller kunstnere er eksempler. De kendte navne bruges kun for at vise en bestemt musikstil. Ingen af instrumenterne er tro kopier med hensyn til proportioner, st\u00f8rrelse og design.&nbsp;<\/p>\n","protected":false},"excerpt":{"rendered":"<p>Mini-guitar i Slash-stil &#8211; MGT-2653&nbsp;&nbsp;&nbsp;Mini-guitaren i Slash-stil er et perfekt gadget til rockmusikfans. Den er en fantastisk borddekoration for elskere af denne legendariske guitarist. Denne miniature er h\u00e5ndlavet af mahogni i skala 1:4.&nbsp;&nbsp;Produktinformation:&nbsp;M\u00e5l: h\u00f8jde 24,5 cmSkala: 1:4Materiale: mahogniStativ medf\u00f8lger&nbsp;&nbsp;Bem\u00e6rk, at s\u00e6lgeren p\u00e5 ingen m\u00e5de er tilknyttet producenterne af de \u00e6gte instrumenter eller de enkelte kunstnere. [&hellip;]<\/p>\n","protected":false},"featured_media":44741,"comment_status":"open","ping_status":"closed","template":"","meta":[],"product_brand":[],"product_cat":[31],"product_tag":[],"class_list":{"0":"post-26888","1":"product","2":"type-product","3":"status-publish","4":"has-post-thumbnail","6":"product_cat-uncategorized-da","8":"first","9":"instock","10":"shipping-taxable","11":"purchasable","12":"product-type-simple"},"_links":{"self":[{"href":"https:\/\/nordicmart.andreevmaster.com\/da\/wp-json\/wp\/v2\/product\/26888","targetHints":{"allow":["GET"]}}],"collection":[{"href":"https:\/\/nordicmart.andreevmaster.com\/da\/wp-json\/wp\/v2\/product"}],"about":[{"href":"https:\/\/nordicmart.andreevmaster.com\/da\/wp-json\/wp\/v2\/types\/product"}],"replies":[{"embeddable":true,"href":"https:\/\/nordicmart.andreevmaster.com\/da\/wp-json\/wp\/v2\/comments?post=26888"}],"wp:featuredmedia":[{"embeddable":true,"href":"https:\/\/nordicmart.andreevmaster.com\/da\/wp-json\/wp\/v2\/media\/44741"}],"wp:attachment":[{"href":"https:\/\/nordicmart.andreevmaster.com\/da\/wp-json\/wp\/v2\/media?parent=26888"}],"wp:term":[{"taxonomy":"product_brand","embeddable":true,"href":"https:\/\/nordicmart.andreevmaster.com\/da\/wp-json\/wp\/v2\/product_brand?post=26888"},{"taxonomy":"product_cat","embeddable":true,"href":"https:\/\/nordicmart.andreevmaster.com\/da\/wp-json\/wp\/v2\/product_cat?post=26888"},{"taxonomy":"product_tag","embeddable":true,"href":"https:\/\/nordicmart.andreevmaster.com\/da\/wp-json\/wp\/v2\/product_tag?post=26888"}],"curies":[{"name":"wp","href":"https:\/\/api.w.org\/{rel}","templated":true}]}}