{"id":26885,"date":"2026-02-27T00:34:31","date_gmt":"2026-02-27T00:34:31","guid":{"rendered":"https:\/\/nordicmart.andreevmaster.com\/product\/led-zeppelin-mini-guitar-jimmy-page-double-neck-mgt-2059-2\/"},"modified":"2026-02-27T09:13:38","modified_gmt":"2026-02-27T09:13:38","slug":"led-zeppelin-mini-guitar-jimmy-page-double-neck-mgt-2059-2","status":"publish","type":"product","link":"https:\/\/nordicmart.andreevmaster.com\/da\/vare\/led-zeppelin-mini-guitar-jimmy-page-double-neck-mgt-2059-2\/","title":{"rendered":"Led Zeppelin Mini Guitar &#8211; Jimmy Page &#8211; Double Neck MGT-2059"},"content":{"rendered":"<p>Led Zeppelin Mini Guitar &#8211; Jimmy Page &#8211; Double Neck MGT-2059&nbsp;Mini-guitaren, der er inspireret af den legendariske Gibson-guitar med dobbelt hals, som Jimmy Page fra det ikoniske band Led Zeppelin brugte, er et musikalsk gadget, der vil appellere til fans af det superpopul\u00e6re britiske band. Det er en fantastisk gave til en fan af hardrock-pionerer, en gave til en Led Zeppelin-fan og guitarvirtuoser.&nbsp;Mini-guitaren er h\u00e5ndlavet af mahogni. Samlerobjekt. Guitaren er ikke et leget\u00f8j. Kan ikke spilles p\u00e5.&nbsp;Led Zeppelin Mini Guitar &#8211; Jimmy Page &#8211; Double Neck MGT-2059 specifikationer:&nbsp;&bull; M\u00e5l: H. 27,5 cm x B. 9 cm x D. 0,8 cm&bull; Skala: 1:4&bull; Materiale: mahogni&bull; Farve: brun, sort&bull; S\u00e6ttet indeholder et plastik-metalstativ til at placere guitaren p\u00e5&nbsp;Mini-guitar Led Zeppelin &#8211; Jimmy Page &#8211; Double Neck MGT-2059 er perfekt som:&nbsp;&bull; En gave til en fan af Led Zeppelin-musik&bull; Gadget til guitaristen&bull; En gave til en guitarvirtuos&bull; Musikalsk borddekoration&nbsp;OBS! S\u00e6lgeren er p\u00e5 ingen m\u00e5de tilknyttet producenterne af \u00e6gte instrumenter eller individuelle kunstnere. Navnene p\u00e5 modellerne eller kunstnerne er eksempler. Ber\u00f8mte navne tjener kun til at vise en bestemt musikstil. Ingen af instrumenterne er en n\u00f8jagtig kopi med hensyn til proportioner, st\u00f8rrelse og design.&nbsp;<\/p>\n","protected":false},"excerpt":{"rendered":"<p>Led Zeppelin Mini Guitar &#8211; Jimmy Page &#8211; Double Neck MGT-2059&nbsp;Mini-guitaren, der er inspireret af den legendariske Gibson-guitar med dobbelt hals, som Jimmy Page fra det ikoniske band Led Zeppelin brugte, er et musikalsk gadget, der vil appellere til fans af det superpopul\u00e6re britiske band. Det er en fantastisk gave til en fan af hardrock-pionerer, [&hellip;]<\/p>\n","protected":false},"featured_media":44738,"comment_status":"open","ping_status":"closed","template":"","meta":[],"product_brand":[],"product_cat":[31],"product_tag":[],"class_list":{"0":"post-26885","1":"product","2":"type-product","3":"status-publish","4":"has-post-thumbnail","6":"product_cat-uncategorized-da","8":"first","9":"instock","10":"shipping-taxable","11":"purchasable","12":"product-type-simple"},"_links":{"self":[{"href":"https:\/\/nordicmart.andreevmaster.com\/da\/wp-json\/wp\/v2\/product\/26885","targetHints":{"allow":["GET"]}}],"collection":[{"href":"https:\/\/nordicmart.andreevmaster.com\/da\/wp-json\/wp\/v2\/product"}],"about":[{"href":"https:\/\/nordicmart.andreevmaster.com\/da\/wp-json\/wp\/v2\/types\/product"}],"replies":[{"embeddable":true,"href":"https:\/\/nordicmart.andreevmaster.com\/da\/wp-json\/wp\/v2\/comments?post=26885"}],"wp:featuredmedia":[{"embeddable":true,"href":"https:\/\/nordicmart.andreevmaster.com\/da\/wp-json\/wp\/v2\/media\/44738"}],"wp:attachment":[{"href":"https:\/\/nordicmart.andreevmaster.com\/da\/wp-json\/wp\/v2\/media?parent=26885"}],"wp:term":[{"taxonomy":"product_brand","embeddable":true,"href":"https:\/\/nordicmart.andreevmaster.com\/da\/wp-json\/wp\/v2\/product_brand?post=26885"},{"taxonomy":"product_cat","embeddable":true,"href":"https:\/\/nordicmart.andreevmaster.com\/da\/wp-json\/wp\/v2\/product_cat?post=26885"},{"taxonomy":"product_tag","embeddable":true,"href":"https:\/\/nordicmart.andreevmaster.com\/da\/wp-json\/wp\/v2\/product_tag?post=26885"}],"curies":[{"name":"wp","href":"https:\/\/api.w.org\/{rel}","templated":true}]}}