{"id":26884,"date":"2026-02-27T00:34:31","date_gmt":"2026-02-27T00:34:31","guid":{"rendered":"https:\/\/nordicmart.andreevmaster.com\/product\/trommestikker-noglering-eck-2003\/"},"modified":"2026-02-27T09:13:37","modified_gmt":"2026-02-27T09:13:37","slug":"trommestikker-noglering-eck-2003","status":"publish","type":"product","link":"https:\/\/nordicmart.andreevmaster.com\/da\/vare\/trommestikker-noglering-eck-2003\/","title":{"rendered":"Trommestikker n\u00f8glering &#8211; ECK-2003"},"content":{"rendered":"<p>Trommestikker n\u00f8glering &#8211; ECK-2003&nbsp;&nbsp;Trommestikker n\u00f8glering er en musikalsk gadget, der kan bruges som en lille gave til en trommeslager. &nbsp;N\u00f8gleringen er lavet af mahogni. Metalk\u00e6de og ring til fastg\u00f8relse til n\u00f8gler.&nbsp;&nbsp;&nbsp;ECK-2003 trommestikker n\u00f8glering specifikation:&nbsp;Dimensioner: 6 x 11 x 0,5 cm Materiale: tr\u00e6 (mahogni), metal Brun farve&nbsp;&nbsp;ECK-2003 trommestikker n\u00f8glering er perfekt som:&nbsp;lille gave til en trommeslager gave til en trommeslager gave til en musiker&nbsp;&nbsp;<\/p>\n","protected":false},"excerpt":{"rendered":"<p>Trommestikker n\u00f8glering &#8211; ECK-2003&nbsp;&nbsp;Trommestikker n\u00f8glering er en musikalsk gadget, der kan bruges som en lille gave til en trommeslager. &nbsp;N\u00f8gleringen er lavet af mahogni. Metalk\u00e6de og ring til fastg\u00f8relse til n\u00f8gler.&nbsp;&nbsp;&nbsp;ECK-2003 trommestikker n\u00f8glering specifikation:&nbsp;Dimensioner: 6 x 11 x 0,5 cm Materiale: tr\u00e6 (mahogni), metal Brun farve&nbsp;&nbsp;ECK-2003 trommestikker n\u00f8glering er perfekt som:&nbsp;lille gave til en trommeslager [&hellip;]<\/p>\n","protected":false},"featured_media":44737,"comment_status":"open","ping_status":"closed","template":"","meta":[],"product_brand":[],"product_cat":[31],"product_tag":[],"class_list":{"0":"post-26884","1":"product","2":"type-product","3":"status-publish","4":"has-post-thumbnail","6":"product_cat-uncategorized-da","8":"first","9":"instock","10":"shipping-taxable","11":"purchasable","12":"product-type-simple"},"_links":{"self":[{"href":"https:\/\/nordicmart.andreevmaster.com\/da\/wp-json\/wp\/v2\/product\/26884","targetHints":{"allow":["GET"]}}],"collection":[{"href":"https:\/\/nordicmart.andreevmaster.com\/da\/wp-json\/wp\/v2\/product"}],"about":[{"href":"https:\/\/nordicmart.andreevmaster.com\/da\/wp-json\/wp\/v2\/types\/product"}],"replies":[{"embeddable":true,"href":"https:\/\/nordicmart.andreevmaster.com\/da\/wp-json\/wp\/v2\/comments?post=26884"}],"wp:featuredmedia":[{"embeddable":true,"href":"https:\/\/nordicmart.andreevmaster.com\/da\/wp-json\/wp\/v2\/media\/44737"}],"wp:attachment":[{"href":"https:\/\/nordicmart.andreevmaster.com\/da\/wp-json\/wp\/v2\/media?parent=26884"}],"wp:term":[{"taxonomy":"product_brand","embeddable":true,"href":"https:\/\/nordicmart.andreevmaster.com\/da\/wp-json\/wp\/v2\/product_brand?post=26884"},{"taxonomy":"product_cat","embeddable":true,"href":"https:\/\/nordicmart.andreevmaster.com\/da\/wp-json\/wp\/v2\/product_cat?post=26884"},{"taxonomy":"product_tag","embeddable":true,"href":"https:\/\/nordicmart.andreevmaster.com\/da\/wp-json\/wp\/v2\/product_tag?post=26884"}],"curies":[{"name":"wp","href":"https:\/\/api.w.org\/{rel}","templated":true}]}}