{"id":26882,"date":"2026-02-27T00:34:30","date_gmt":"2026-02-27T00:34:30","guid":{"rendered":"https:\/\/nordicmart.andreevmaster.com\/product\/mini-guitar-mgt-1366-fra-guitar-heroes-serien\/"},"modified":"2026-02-27T09:13:37","modified_gmt":"2026-02-27T09:13:37","slug":"mini-guitar-mgt-1366-fra-guitar-heroes-serien","status":"publish","type":"product","link":"https:\/\/nordicmart.andreevmaster.com\/da\/vare\/mini-guitar-mgt-1366-fra-guitar-heroes-serien\/","title":{"rendered":"Mini-guitar MGT-1366 \u2013 fra Guitar Heroes-serien"},"content":{"rendered":"<p>Mini-guitar MGT-1366 \u2013 fra Guitar Heroes-serien&nbsp;&nbsp;Produktinformation:&nbsp;Mini-guitar lavet af mahogni, h\u00e5ndmalet Blisteremballage M\u00e5l: h\u00f8jde ca. 24,5 cm Plaststativ medf\u00f8lger Fremstillet i skala 1:4 Samlerobjekt Bem\u00e6rk, at produktet ikke er et leget\u00f8j. Det er ikke en officiel kopi af instrumentet.&nbsp;&nbsp;&nbsp;S\u00e6lgeren er p\u00e5 ingen m\u00e5de tilknyttet producenter af \u00e6gte instrumenter eller individuelle kunstnere. Navnene p\u00e5 modeller eller kunstnere er eksempler. &nbsp;Ingen af instrumenterne er en tro kopi med hensyn til proportioner, st\u00f8rrelse og design.<\/p>\n","protected":false},"excerpt":{"rendered":"<p>Mini-guitar MGT-1366 \u2013 fra Guitar Heroes-serien&nbsp;&nbsp;Produktinformation:&nbsp;Mini-guitar lavet af mahogni, h\u00e5ndmalet Blisteremballage M\u00e5l: h\u00f8jde ca. 24,5 cm Plaststativ medf\u00f8lger Fremstillet i skala 1:4 Samlerobjekt Bem\u00e6rk, at produktet ikke er et leget\u00f8j. Det er ikke en officiel kopi af instrumentet.&nbsp;&nbsp;&nbsp;S\u00e6lgeren er p\u00e5 ingen m\u00e5de tilknyttet producenter af \u00e6gte instrumenter eller individuelle kunstnere. Navnene p\u00e5 modeller eller kunstnere [&hellip;]<\/p>\n","protected":false},"featured_media":44735,"comment_status":"open","ping_status":"closed","template":"","meta":[],"product_brand":[],"product_cat":[31],"product_tag":[],"class_list":{"0":"post-26882","1":"product","2":"type-product","3":"status-publish","4":"has-post-thumbnail","6":"product_cat-uncategorized-da","8":"first","9":"instock","10":"shipping-taxable","11":"purchasable","12":"product-type-simple"},"_links":{"self":[{"href":"https:\/\/nordicmart.andreevmaster.com\/da\/wp-json\/wp\/v2\/product\/26882","targetHints":{"allow":["GET"]}}],"collection":[{"href":"https:\/\/nordicmart.andreevmaster.com\/da\/wp-json\/wp\/v2\/product"}],"about":[{"href":"https:\/\/nordicmart.andreevmaster.com\/da\/wp-json\/wp\/v2\/types\/product"}],"replies":[{"embeddable":true,"href":"https:\/\/nordicmart.andreevmaster.com\/da\/wp-json\/wp\/v2\/comments?post=26882"}],"wp:featuredmedia":[{"embeddable":true,"href":"https:\/\/nordicmart.andreevmaster.com\/da\/wp-json\/wp\/v2\/media\/44735"}],"wp:attachment":[{"href":"https:\/\/nordicmart.andreevmaster.com\/da\/wp-json\/wp\/v2\/media?parent=26882"}],"wp:term":[{"taxonomy":"product_brand","embeddable":true,"href":"https:\/\/nordicmart.andreevmaster.com\/da\/wp-json\/wp\/v2\/product_brand?post=26882"},{"taxonomy":"product_cat","embeddable":true,"href":"https:\/\/nordicmart.andreevmaster.com\/da\/wp-json\/wp\/v2\/product_cat?post=26882"},{"taxonomy":"product_tag","embeddable":true,"href":"https:\/\/nordicmart.andreevmaster.com\/da\/wp-json\/wp\/v2\/product_tag?post=26882"}],"curies":[{"name":"wp","href":"https:\/\/api.w.org\/{rel}","templated":true}]}}