{"id":26881,"date":"2026-02-27T00:34:30","date_gmt":"2026-02-27T00:34:30","guid":{"rendered":"https:\/\/nordicmart.andreevmaster.com\/product\/mini-guitar-jimi-hendrix-psychedelic-f-v-mgt-1182-2\/"},"modified":"2026-02-27T09:13:37","modified_gmt":"2026-02-27T09:13:37","slug":"mini-guitar-jimi-hendrix-psychedelic-f-v-mgt-1182-2","status":"publish","type":"product","link":"https:\/\/nordicmart.andreevmaster.com\/da\/vare\/mini-guitar-jimi-hendrix-psychedelic-f-v-mgt-1182-2\/","title":{"rendered":"Mini Guitar Jimi Hendrix Psychedelic F. V &#8211; MGT-1182"},"content":{"rendered":"<p>Mini Guitar Jimi Hendrix Psychedelic F. V &#8211; MGT-1182&nbsp;En miniatureguitar inspireret af v\u00e6rket fra en af historiens mest ber\u00f8mte musikere \u2013 Jimi Hendrix \u2013 er et musikalsk gadget, der vil stj\u00e6le hjerterne hos hans fans. Minigitaren er en fantastisk gave til en elsker af gamle rocklyde, en gave til en guitarist og en fan af Hendrix&#8217; kunstneriske talent. Minigitaren vil v\u00e6re fantastisk som en original, musikalsk dekoration.&nbsp;Minigitaren er h\u00e5ndlavet af mahogni. Samlerobjekt. Guitaren er ikke et leget\u00f8j. Kan ikke spilles p\u00e5. Mini Guitar Jimi Hendrix Psychedelic F. V &#8211; MGT-1182 specifikationer:&nbsp;&bull; M\u00e5l: H. 27,5 cm x B. 9 cm x D. 0,8 cm&bull; Skala: 1:4&bull; Materiale: mahogni&bull; Farve: flerfarvet&bull; S\u00e6ttet indeholder et plastik-metalstativ til at placere guitaren p\u00e5&nbsp;Mini Guitar Jimi Hendrix Psychedelic F. V &#8211; MGT-1182 er perfekt som:&nbsp;&bull; En gave til en Jimi Hendrix-fan&bull; En musikalsk gadget til guitaristen&bull; En gave til en guitarvirtuos&bull; En musikalsk dekoration til dit hjem&nbsp;OBS! S\u00e6lgeren er p\u00e5 ingen m\u00e5de tilknyttet producenterne af \u00e6gte instrumenter eller individuelle kunstnere. Navnene p\u00e5 modellerne eller kunstnerne er eksempler. Ber\u00f8mte navne tjener kun til at vise en bestemt musikstil. Ingen af instrumenterne er en n\u00f8jagtig kopi med hensyn til proportioner, st\u00f8rrelse og design.&nbsp;&nbsp;<\/p>\n","protected":false},"excerpt":{"rendered":"<p>Mini Guitar Jimi Hendrix Psychedelic F. V &#8211; MGT-1182&nbsp;En miniatureguitar inspireret af v\u00e6rket fra en af historiens mest ber\u00f8mte musikere \u2013 Jimi Hendrix \u2013 er et musikalsk gadget, der vil stj\u00e6le hjerterne hos hans fans. Minigitaren er en fantastisk gave til en elsker af gamle rocklyde, en gave til en guitarist og en fan af [&hellip;]<\/p>\n","protected":false},"featured_media":44734,"comment_status":"open","ping_status":"closed","template":"","meta":[],"product_brand":[],"product_cat":[31],"product_tag":[],"class_list":{"0":"post-26881","1":"product","2":"type-product","3":"status-publish","4":"has-post-thumbnail","6":"product_cat-uncategorized-da","8":"first","9":"instock","10":"shipping-taxable","11":"purchasable","12":"product-type-simple"},"_links":{"self":[{"href":"https:\/\/nordicmart.andreevmaster.com\/da\/wp-json\/wp\/v2\/product\/26881","targetHints":{"allow":["GET"]}}],"collection":[{"href":"https:\/\/nordicmart.andreevmaster.com\/da\/wp-json\/wp\/v2\/product"}],"about":[{"href":"https:\/\/nordicmart.andreevmaster.com\/da\/wp-json\/wp\/v2\/types\/product"}],"replies":[{"embeddable":true,"href":"https:\/\/nordicmart.andreevmaster.com\/da\/wp-json\/wp\/v2\/comments?post=26881"}],"wp:featuredmedia":[{"embeddable":true,"href":"https:\/\/nordicmart.andreevmaster.com\/da\/wp-json\/wp\/v2\/media\/44734"}],"wp:attachment":[{"href":"https:\/\/nordicmart.andreevmaster.com\/da\/wp-json\/wp\/v2\/media?parent=26881"}],"wp:term":[{"taxonomy":"product_brand","embeddable":true,"href":"https:\/\/nordicmart.andreevmaster.com\/da\/wp-json\/wp\/v2\/product_brand?post=26881"},{"taxonomy":"product_cat","embeddable":true,"href":"https:\/\/nordicmart.andreevmaster.com\/da\/wp-json\/wp\/v2\/product_cat?post=26881"},{"taxonomy":"product_tag","embeddable":true,"href":"https:\/\/nordicmart.andreevmaster.com\/da\/wp-json\/wp\/v2\/product_tag?post=26881"}],"curies":[{"name":"wp","href":"https:\/\/api.w.org\/{rel}","templated":true}]}}