{"id":26880,"date":"2026-02-27T00:34:30","date_gmt":"2026-02-27T00:34:30","guid":{"rendered":"https:\/\/nordicmart.andreevmaster.com\/product\/mini-guitar-i-knopler-stil-mgt-0901\/"},"modified":"2026-02-27T09:13:37","modified_gmt":"2026-02-27T09:13:37","slug":"mini-guitar-i-knopler-stil-mgt-0901","status":"publish","type":"product","link":"https:\/\/nordicmart.andreevmaster.com\/da\/vare\/mini-guitar-i-knopler-stil-mgt-0901\/","title":{"rendered":"Mini-guitar i Knopler-stil &#8211; MGT-0901"},"content":{"rendered":"<p>Mini-guitar i Knopler-stil &#8211; MGT-0901 &nbsp;&nbsp;&nbsp;Produktinformation:&nbsp;Mini-guitar lavet af mahogni, h\u00e5ndmalet Blisteremballage M\u00e5l: ca. 24,5 cm Plaststativ medf\u00f8lger Skala 1:4 Samlerobjekt Bem\u00e6rk, at produktet ikke er et leget\u00f8j. Det er ikke en officiel kopi af instrumentet.&nbsp;S\u00e6lgeren er p\u00e5 ingen m\u00e5de tilknyttet producenter af \u00e6gte instrumenter eller individuelle kunstnere. Navnene p\u00e5 modeller eller kunstnere er eksempler. &nbsp;Ingen af instrumenterne er en tro kopi med hensyn til proportioner, st\u00f8rrelse og design.<\/p>\n","protected":false},"excerpt":{"rendered":"<p>Mini-guitar i Knopler-stil &#8211; MGT-0901 &nbsp;&nbsp;&nbsp;Produktinformation:&nbsp;Mini-guitar lavet af mahogni, h\u00e5ndmalet Blisteremballage M\u00e5l: ca. 24,5 cm Plaststativ medf\u00f8lger Skala 1:4 Samlerobjekt Bem\u00e6rk, at produktet ikke er et leget\u00f8j. Det er ikke en officiel kopi af instrumentet.&nbsp;S\u00e6lgeren er p\u00e5 ingen m\u00e5de tilknyttet producenter af \u00e6gte instrumenter eller individuelle kunstnere. Navnene p\u00e5 modeller eller kunstnere er eksempler. &nbsp;Ingen [&hellip;]<\/p>\n","protected":false},"featured_media":44733,"comment_status":"open","ping_status":"closed","template":"","meta":[],"product_brand":[],"product_cat":[31],"product_tag":[],"class_list":{"0":"post-26880","1":"product","2":"type-product","3":"status-publish","4":"has-post-thumbnail","6":"product_cat-uncategorized-da","8":"first","9":"instock","10":"shipping-taxable","11":"purchasable","12":"product-type-simple"},"_links":{"self":[{"href":"https:\/\/nordicmart.andreevmaster.com\/da\/wp-json\/wp\/v2\/product\/26880","targetHints":{"allow":["GET"]}}],"collection":[{"href":"https:\/\/nordicmart.andreevmaster.com\/da\/wp-json\/wp\/v2\/product"}],"about":[{"href":"https:\/\/nordicmart.andreevmaster.com\/da\/wp-json\/wp\/v2\/types\/product"}],"replies":[{"embeddable":true,"href":"https:\/\/nordicmart.andreevmaster.com\/da\/wp-json\/wp\/v2\/comments?post=26880"}],"wp:featuredmedia":[{"embeddable":true,"href":"https:\/\/nordicmart.andreevmaster.com\/da\/wp-json\/wp\/v2\/media\/44733"}],"wp:attachment":[{"href":"https:\/\/nordicmart.andreevmaster.com\/da\/wp-json\/wp\/v2\/media?parent=26880"}],"wp:term":[{"taxonomy":"product_brand","embeddable":true,"href":"https:\/\/nordicmart.andreevmaster.com\/da\/wp-json\/wp\/v2\/product_brand?post=26880"},{"taxonomy":"product_cat","embeddable":true,"href":"https:\/\/nordicmart.andreevmaster.com\/da\/wp-json\/wp\/v2\/product_cat?post=26880"},{"taxonomy":"product_tag","embeddable":true,"href":"https:\/\/nordicmart.andreevmaster.com\/da\/wp-json\/wp\/v2\/product_tag?post=26880"}],"curies":[{"name":"wp","href":"https:\/\/api.w.org\/{rel}","templated":true}]}}