{"id":26879,"date":"2026-02-27T00:34:29","date_gmt":"2026-02-27T00:34:29","guid":{"rendered":"https:\/\/nordicmart.andreevmaster.com\/product\/iron-maiden-guitar-noglering-eddie-tribute-egk-0900\/"},"modified":"2026-02-27T09:13:36","modified_gmt":"2026-02-27T09:13:36","slug":"iron-maiden-guitar-noglering-eddie-tribute-egk-0900","status":"publish","type":"product","link":"https:\/\/nordicmart.andreevmaster.com\/da\/vare\/iron-maiden-guitar-noglering-eddie-tribute-egk-0900\/","title":{"rendered":"Iron Maiden guitar n\u00f8glering &#8211; Eddie &#8211; Tribute EGK-0900"},"content":{"rendered":"<p>Iron Maiden guitar n\u00f8glering &#8211; Eddie &#8211; Tribute EGK-0900 &nbsp;&nbsp;Guitar n\u00f8glering inspireret af det ikoniske heavy metal band Iron Maiden er en rigtig godbid for en fan af Eddie og Brave New World. Den vil fungere som en billig gadget for en Iron Maiden fan, heavy metal elsker og guitarist. &nbsp;&nbsp;&nbsp;Produktinformation:&nbsp;M\u00e5l: 6 x 11 x 0,5 cmMateriale: tr\u00e6 (mahogni), metalFarve: brun, gul, sort, r\u00f8dFastg\u00f8relse: ring&nbsp;&nbsp;OBS! S\u00e6lgeren er p\u00e5 ingen m\u00e5de tilknyttet producenterne af \u00e6gte instrumenter eller individuelle kunstnere. Modellernes navne eller kunstnernes navne er eksempler. Ber\u00f8mte navne tjener kun til at vise en bestemt stil inden for musik. Ingen af instrumenterne er en n\u00f8jagtig kopi med hensyn til proportioner, st\u00f8rrelse og design.&nbsp;<\/p>\n","protected":false},"excerpt":{"rendered":"<p>Iron Maiden guitar n\u00f8glering &#8211; Eddie &#8211; Tribute EGK-0900 &nbsp;&nbsp;Guitar n\u00f8glering inspireret af det ikoniske heavy metal band Iron Maiden er en rigtig godbid for en fan af Eddie og Brave New World. Den vil fungere som en billig gadget for en Iron Maiden fan, heavy metal elsker og guitarist. &nbsp;&nbsp;&nbsp;Produktinformation:&nbsp;M\u00e5l: 6 x 11 x [&hellip;]<\/p>\n","protected":false},"featured_media":44732,"comment_status":"open","ping_status":"closed","template":"","meta":[],"product_brand":[],"product_cat":[31],"product_tag":[],"class_list":{"0":"post-26879","1":"product","2":"type-product","3":"status-publish","4":"has-post-thumbnail","6":"product_cat-uncategorized-da","8":"first","9":"instock","10":"shipping-taxable","11":"purchasable","12":"product-type-simple"},"_links":{"self":[{"href":"https:\/\/nordicmart.andreevmaster.com\/da\/wp-json\/wp\/v2\/product\/26879","targetHints":{"allow":["GET"]}}],"collection":[{"href":"https:\/\/nordicmart.andreevmaster.com\/da\/wp-json\/wp\/v2\/product"}],"about":[{"href":"https:\/\/nordicmart.andreevmaster.com\/da\/wp-json\/wp\/v2\/types\/product"}],"replies":[{"embeddable":true,"href":"https:\/\/nordicmart.andreevmaster.com\/da\/wp-json\/wp\/v2\/comments?post=26879"}],"wp:featuredmedia":[{"embeddable":true,"href":"https:\/\/nordicmart.andreevmaster.com\/da\/wp-json\/wp\/v2\/media\/44732"}],"wp:attachment":[{"href":"https:\/\/nordicmart.andreevmaster.com\/da\/wp-json\/wp\/v2\/media?parent=26879"}],"wp:term":[{"taxonomy":"product_brand","embeddable":true,"href":"https:\/\/nordicmart.andreevmaster.com\/da\/wp-json\/wp\/v2\/product_brand?post=26879"},{"taxonomy":"product_cat","embeddable":true,"href":"https:\/\/nordicmart.andreevmaster.com\/da\/wp-json\/wp\/v2\/product_cat?post=26879"},{"taxonomy":"product_tag","embeddable":true,"href":"https:\/\/nordicmart.andreevmaster.com\/da\/wp-json\/wp\/v2\/product_tag?post=26879"}],"curies":[{"name":"wp","href":"https:\/\/api.w.org\/{rel}","templated":true}]}}