{"id":26878,"date":"2026-02-27T00:34:29","date_gmt":"2026-02-27T00:34:29","guid":{"rendered":"https:\/\/nordicmart.andreevmaster.com\/product\/the-beatles-guitar-noglering-egk-0894\/"},"modified":"2026-02-27T09:13:36","modified_gmt":"2026-02-27T09:13:36","slug":"the-beatles-guitar-noglering-egk-0894","status":"publish","type":"product","link":"https:\/\/nordicmart.andreevmaster.com\/da\/vare\/the-beatles-guitar-noglering-egk-0894\/","title":{"rendered":"The Beatles guitar n\u00f8glering EGK-0894"},"content":{"rendered":"<p>The Beatles guitar n\u00f8glering EGK-0894 &nbsp;&nbsp;Guitar n\u00f8glering inspireret af det legendariske band The Beatles er en lille gadget til alle elskere af det ikoniske britiske band. Den er en billig gave til en guitarist og fan af The Beatles.&nbsp;N\u00f8gleringen er lavet af mahogni. Metalk\u00e6de og ring til fastg\u00f8relse til n\u00f8gler.&nbsp;&nbsp;Produktinformation:&nbsp;M\u00e5l: 6 x 11 x 0,5 cmMateriale: tr\u00e6 (mahogni), metalFarve: hvid, sort, brunFastg\u00f8relse: ring&nbsp;Fantastisk gave til en fan af The BeatlesEn billig gave til en guitaristGadget til en musiker&nbsp;&nbsp;OBS! S\u00e6lgeren er p\u00e5 ingen m\u00e5de tilknyttet producenterne af \u00e6gte instrumenter eller individuelle kunstnere. Navnene p\u00e5 modellerne eller kunstnerne er eksempler. Ber\u00f8mte navne tjener kun til at vise en bestemt stil inden for musik. Ingen af instrumenterne er en n\u00f8jagtig kopi med hensyn til proportioner, st\u00f8rrelse og design.<\/p>\n","protected":false},"excerpt":{"rendered":"<p>The Beatles guitar n\u00f8glering EGK-0894 &nbsp;&nbsp;Guitar n\u00f8glering inspireret af det legendariske band The Beatles er en lille gadget til alle elskere af det ikoniske britiske band. Den er en billig gave til en guitarist og fan af The Beatles.&nbsp;N\u00f8gleringen er lavet af mahogni. Metalk\u00e6de og ring til fastg\u00f8relse til n\u00f8gler.&nbsp;&nbsp;Produktinformation:&nbsp;M\u00e5l: 6 x 11 x 0,5 [&hellip;]<\/p>\n","protected":false},"featured_media":44731,"comment_status":"open","ping_status":"closed","template":"","meta":[],"product_brand":[],"product_cat":[31],"product_tag":[],"class_list":{"0":"post-26878","1":"product","2":"type-product","3":"status-publish","4":"has-post-thumbnail","6":"product_cat-uncategorized-da","8":"first","9":"instock","10":"shipping-taxable","11":"purchasable","12":"product-type-simple"},"_links":{"self":[{"href":"https:\/\/nordicmart.andreevmaster.com\/da\/wp-json\/wp\/v2\/product\/26878","targetHints":{"allow":["GET"]}}],"collection":[{"href":"https:\/\/nordicmart.andreevmaster.com\/da\/wp-json\/wp\/v2\/product"}],"about":[{"href":"https:\/\/nordicmart.andreevmaster.com\/da\/wp-json\/wp\/v2\/types\/product"}],"replies":[{"embeddable":true,"href":"https:\/\/nordicmart.andreevmaster.com\/da\/wp-json\/wp\/v2\/comments?post=26878"}],"wp:featuredmedia":[{"embeddable":true,"href":"https:\/\/nordicmart.andreevmaster.com\/da\/wp-json\/wp\/v2\/media\/44731"}],"wp:attachment":[{"href":"https:\/\/nordicmart.andreevmaster.com\/da\/wp-json\/wp\/v2\/media?parent=26878"}],"wp:term":[{"taxonomy":"product_brand","embeddable":true,"href":"https:\/\/nordicmart.andreevmaster.com\/da\/wp-json\/wp\/v2\/product_brand?post=26878"},{"taxonomy":"product_cat","embeddable":true,"href":"https:\/\/nordicmart.andreevmaster.com\/da\/wp-json\/wp\/v2\/product_cat?post=26878"},{"taxonomy":"product_tag","embeddable":true,"href":"https:\/\/nordicmart.andreevmaster.com\/da\/wp-json\/wp\/v2\/product_tag?post=26878"}],"curies":[{"name":"wp","href":"https:\/\/api.w.org\/{rel}","templated":true}]}}