{"id":26877,"date":"2026-02-27T00:34:29","date_gmt":"2026-02-27T00:34:29","guid":{"rendered":"https:\/\/nordicmart.andreevmaster.com\/product\/mini-guitar-eric-clapton-fool-mgt-0765-2\/"},"modified":"2026-02-27T09:13:36","modified_gmt":"2026-02-27T09:13:36","slug":"mini-guitar-eric-clapton-fool-mgt-0765-2","status":"publish","type":"product","link":"https:\/\/nordicmart.andreevmaster.com\/da\/vare\/mini-guitar-eric-clapton-fool-mgt-0765-2\/","title":{"rendered":"Mini guitar &#8211; Eric Clapton &#8211; Fool &#8211; MGT-0765"},"content":{"rendered":"<p>Mini-guitar &#8211; Eric Clapton &#8211; Fool &#8211; MGT-0765 &nbsp;&nbsp;Produktinformation:&nbsp;H\u00e5ndlavet Mahogni-tr\u00e6 M\u00e5l: h\u00f8jde 27,5 cm x bredde 9 cm x dybde 0,8 cm Skala 1:4 Samlerobjekt&nbsp;<\/p>\n","protected":false},"excerpt":{"rendered":"<p>Mini-guitar &#8211; Eric Clapton &#8211; Fool &#8211; MGT-0765 &nbsp;&nbsp;Produktinformation:&nbsp;H\u00e5ndlavet Mahogni-tr\u00e6 M\u00e5l: h\u00f8jde 27,5 cm x bredde 9 cm x dybde 0,8 cm Skala 1:4 Samlerobjekt&nbsp;<\/p>\n","protected":false},"featured_media":44730,"comment_status":"open","ping_status":"closed","template":"","meta":[],"product_brand":[],"product_cat":[31],"product_tag":[],"class_list":{"0":"post-26877","1":"product","2":"type-product","3":"status-publish","4":"has-post-thumbnail","6":"product_cat-uncategorized-da","8":"first","9":"instock","10":"shipping-taxable","11":"purchasable","12":"product-type-simple"},"_links":{"self":[{"href":"https:\/\/nordicmart.andreevmaster.com\/da\/wp-json\/wp\/v2\/product\/26877","targetHints":{"allow":["GET"]}}],"collection":[{"href":"https:\/\/nordicmart.andreevmaster.com\/da\/wp-json\/wp\/v2\/product"}],"about":[{"href":"https:\/\/nordicmart.andreevmaster.com\/da\/wp-json\/wp\/v2\/types\/product"}],"replies":[{"embeddable":true,"href":"https:\/\/nordicmart.andreevmaster.com\/da\/wp-json\/wp\/v2\/comments?post=26877"}],"wp:featuredmedia":[{"embeddable":true,"href":"https:\/\/nordicmart.andreevmaster.com\/da\/wp-json\/wp\/v2\/media\/44730"}],"wp:attachment":[{"href":"https:\/\/nordicmart.andreevmaster.com\/da\/wp-json\/wp\/v2\/media?parent=26877"}],"wp:term":[{"taxonomy":"product_brand","embeddable":true,"href":"https:\/\/nordicmart.andreevmaster.com\/da\/wp-json\/wp\/v2\/product_brand?post=26877"},{"taxonomy":"product_cat","embeddable":true,"href":"https:\/\/nordicmart.andreevmaster.com\/da\/wp-json\/wp\/v2\/product_cat?post=26877"},{"taxonomy":"product_tag","embeddable":true,"href":"https:\/\/nordicmart.andreevmaster.com\/da\/wp-json\/wp\/v2\/product_tag?post=26877"}],"curies":[{"name":"wp","href":"https:\/\/api.w.org\/{rel}","templated":true}]}}