{"id":26876,"date":"2026-02-27T00:34:29","date_gmt":"2026-02-27T00:34:29","guid":{"rendered":"https:\/\/nordicmart.andreevmaster.com\/product\/barometer-i-messingramme-o-110-mm-27-6245\/"},"modified":"2026-02-27T09:13:36","modified_gmt":"2026-02-27T09:13:36","slug":"barometer-i-messingramme-o-110-mm-27-6245","status":"publish","type":"product","link":"https:\/\/nordicmart.andreevmaster.com\/da\/vare\/barometer-i-messingramme-o-110-mm-27-6245\/","title":{"rendered":"Barometer i messingramme o 110 mm &#8211; 27.6245"},"content":{"rendered":"<p>Barometer i messingramme &oslash; 110 mm &#8211; 27.6245&nbsp;&nbsp;Vi pr\u00e6senterer et smukt udformet barometer, der er en tidl\u00f8s tilf\u00f8jelse til enhver boligindretning. Dette barometer er designet til at tilbyde vejrm\u00e5linger af h\u00f8j kvalitet i et enkelt, klart og letl\u00e6seligt format. Messingrammen tilf\u00f8jer et strejf af elegance til ethvert rum og g\u00f8r det perfekt til dem, der s\u00e6tter pris p\u00e5 enkel, men sofistikeret boligindretning. Uanset om du er vejrentusiast eller blot leder efter en praktisk m\u00e5de at holde \u00f8je med barometertrykket p\u00e5, er dette barometer det perfekte valg. Som gave er det en praktisk og stilfuld m\u00e5de at vise nogen, at du bekymrer dig om deres komfort og velbefindende. S\u00e5 hvorfor vente? Opgrader dit hjem med dette uds\u00f8gte barometer i dag og oplev forskellen i kvalitet og n\u00f8jagtighed.&nbsp;Dimensioner:&nbsp;Diameter: 110 mm&nbsp;Driftsomr\u00e5de:&nbsp;Tryk: 1060 hPa &#8211; 960 hPa&nbsp;N\u00f8jagtighed: 1060 hPa &#8211; 1030 hPa +\/-10 hPa 1030 hPa &#8211; 990 hPa +\/- 5 hPa 990 hPa &#8211; 960 hPa +\/-10 hPa Vi anbefaler at placere barometeret et sted, der ikke er udsat for sollys, med frisk lufttilf\u00f8rsel og korrosionsbeskyttelse. Undg\u00e5 kontakt med vand, damp eller vibrationer.&nbsp;Vi vedl\u00e6gger en brugsanvisning p\u00e5 polsk, engelsk, spansk, fransk og tysk.&nbsp;<\/p>\n","protected":false},"excerpt":{"rendered":"<p>Barometer i messingramme &oslash; 110 mm &#8211; 27.6245&nbsp;&nbsp;Vi pr\u00e6senterer et smukt udformet barometer, der er en tidl\u00f8s tilf\u00f8jelse til enhver boligindretning. Dette barometer er designet til at tilbyde vejrm\u00e5linger af h\u00f8j kvalitet i et enkelt, klart og letl\u00e6seligt format. Messingrammen tilf\u00f8jer et strejf af elegance til ethvert rum og g\u00f8r det perfekt til dem, der [&hellip;]<\/p>\n","protected":false},"featured_media":44729,"comment_status":"open","ping_status":"closed","template":"","meta":[],"product_brand":[],"product_cat":[31],"product_tag":[],"class_list":{"0":"post-26876","1":"product","2":"type-product","3":"status-publish","4":"has-post-thumbnail","6":"product_cat-uncategorized-da","8":"first","9":"instock","10":"shipping-taxable","11":"purchasable","12":"product-type-simple"},"_links":{"self":[{"href":"https:\/\/nordicmart.andreevmaster.com\/da\/wp-json\/wp\/v2\/product\/26876","targetHints":{"allow":["GET"]}}],"collection":[{"href":"https:\/\/nordicmart.andreevmaster.com\/da\/wp-json\/wp\/v2\/product"}],"about":[{"href":"https:\/\/nordicmart.andreevmaster.com\/da\/wp-json\/wp\/v2\/types\/product"}],"replies":[{"embeddable":true,"href":"https:\/\/nordicmart.andreevmaster.com\/da\/wp-json\/wp\/v2\/comments?post=26876"}],"wp:featuredmedia":[{"embeddable":true,"href":"https:\/\/nordicmart.andreevmaster.com\/da\/wp-json\/wp\/v2\/media\/44729"}],"wp:attachment":[{"href":"https:\/\/nordicmart.andreevmaster.com\/da\/wp-json\/wp\/v2\/media?parent=26876"}],"wp:term":[{"taxonomy":"product_brand","embeddable":true,"href":"https:\/\/nordicmart.andreevmaster.com\/da\/wp-json\/wp\/v2\/product_brand?post=26876"},{"taxonomy":"product_cat","embeddable":true,"href":"https:\/\/nordicmart.andreevmaster.com\/da\/wp-json\/wp\/v2\/product_cat?post=26876"},{"taxonomy":"product_tag","embeddable":true,"href":"https:\/\/nordicmart.andreevmaster.com\/da\/wp-json\/wp\/v2\/product_tag?post=26876"}],"curies":[{"name":"wp","href":"https:\/\/api.w.org\/{rel}","templated":true}]}}