{"id":26875,"date":"2026-02-27T00:34:28","date_gmt":"2026-02-27T00:34:28","guid":{"rendered":"https:\/\/nordicmart.andreevmaster.com\/product\/bob-marley-guitar-noglering-egk-0641\/"},"modified":"2026-02-27T09:13:35","modified_gmt":"2026-02-27T09:13:35","slug":"bob-marley-guitar-noglering-egk-0641","status":"publish","type":"product","link":"https:\/\/nordicmart.andreevmaster.com\/da\/vare\/bob-marley-guitar-noglering-egk-0641\/","title":{"rendered":"Bob Marley guitar n\u00f8glering EGK-0641"},"content":{"rendered":"<p>Bob Marley guitar n\u00f8glering EGK-0641&nbsp;&nbsp;En guitar n\u00f8glering inspireret af legenden inden for verdens reggaemusik, Bob Marley, er en musikalsk gadget, der vil gl\u00e6de enhver fan af musik fra Jamaica. Den er en billig gave til en fan af reggae og svajende rytmer til dejlige toner.&nbsp;Vedh\u00e6nget er lavet af mahogni. Metalk\u00e6de og ring til fastg\u00f8relse til n\u00f8gler.&nbsp;&nbsp;Bob Marley guitar n\u00f8glering EGK-0641 Specifikationer:&nbsp;M\u00e5l: 6 x 11 x 0,5 cmMateriale: tr\u00e6 (mahogni), metalFarve: brun, gul, sort, gr\u00f8n, r\u00f8dFastg\u00f8relse: ring&nbsp;&nbsp;OBS! S\u00e6lgeren er p\u00e5 ingen m\u00e5de tilknyttet producenterne af \u00e6gte instrumenter eller individuelle kunstnere. Navnene p\u00e5 modellerne eller kunstnerne er eksempler. Ber\u00f8mte navne tjener kun til at vise en bestemt stil inden for musik. Ingen af instrumenterne er en n\u00f8jagtig kopi med hensyn til proportioner, st\u00f8rrelse og design.<\/p>\n","protected":false},"excerpt":{"rendered":"<p>Bob Marley guitar n\u00f8glering EGK-0641&nbsp;&nbsp;En guitar n\u00f8glering inspireret af legenden inden for verdens reggaemusik, Bob Marley, er en musikalsk gadget, der vil gl\u00e6de enhver fan af musik fra Jamaica. Den er en billig gave til en fan af reggae og svajende rytmer til dejlige toner.&nbsp;Vedh\u00e6nget er lavet af mahogni. Metalk\u00e6de og ring til fastg\u00f8relse til [&hellip;]<\/p>\n","protected":false},"featured_media":0,"comment_status":"open","ping_status":"closed","template":"","meta":[],"product_brand":[],"product_cat":[31],"product_tag":[],"class_list":{"0":"post-26875","1":"product","2":"type-product","3":"status-publish","5":"product_cat-uncategorized-da","7":"first","8":"instock","9":"shipping-taxable","10":"purchasable","11":"product-type-simple"},"_links":{"self":[{"href":"https:\/\/nordicmart.andreevmaster.com\/da\/wp-json\/wp\/v2\/product\/26875","targetHints":{"allow":["GET"]}}],"collection":[{"href":"https:\/\/nordicmart.andreevmaster.com\/da\/wp-json\/wp\/v2\/product"}],"about":[{"href":"https:\/\/nordicmart.andreevmaster.com\/da\/wp-json\/wp\/v2\/types\/product"}],"replies":[{"embeddable":true,"href":"https:\/\/nordicmart.andreevmaster.com\/da\/wp-json\/wp\/v2\/comments?post=26875"}],"wp:attachment":[{"href":"https:\/\/nordicmart.andreevmaster.com\/da\/wp-json\/wp\/v2\/media?parent=26875"}],"wp:term":[{"taxonomy":"product_brand","embeddable":true,"href":"https:\/\/nordicmart.andreevmaster.com\/da\/wp-json\/wp\/v2\/product_brand?post=26875"},{"taxonomy":"product_cat","embeddable":true,"href":"https:\/\/nordicmart.andreevmaster.com\/da\/wp-json\/wp\/v2\/product_cat?post=26875"},{"taxonomy":"product_tag","embeddable":true,"href":"https:\/\/nordicmart.andreevmaster.com\/da\/wp-json\/wp\/v2\/product_tag?post=26875"}],"curies":[{"name":"wp","href":"https:\/\/api.w.org\/{rel}","templated":true}]}}