{"id":26874,"date":"2026-02-27T00:34:28","date_gmt":"2026-02-27T00:34:28","guid":{"rendered":"https:\/\/nordicmart.andreevmaster.com\/product\/ac-dc-guitar-noglering-angus-young-tribute-egk-0597\/"},"modified":"2026-02-27T09:13:35","modified_gmt":"2026-02-27T09:13:35","slug":"ac-dc-guitar-noglering-angus-young-tribute-egk-0597","status":"publish","type":"product","link":"https:\/\/nordicmart.andreevmaster.com\/da\/vare\/ac-dc-guitar-noglering-angus-young-tribute-egk-0597\/","title":{"rendered":"AC\/DC guitar n\u00f8glering &#8211; Angus Young &#8211; Tribute &#8211; EGK-0597"},"content":{"rendered":"<p>AC\/DC guitar n\u00f8glering &#8211; Angus Young &#8211; Tribute &#8211; EGK-0597&nbsp;&nbsp;Guitar n\u00f8glering inspireret af legenden fra det australske band AC\/DC Angus Young er en musikalsk gadget, der vil appellere til elskere af denne hardrock-frontmand. Den er en billig gave til en AC\/DC-fan, guitarist og musikelsker.&nbsp;N\u00f8glering lavet af mahogni. Metalk\u00e6de og ring til fastg\u00f8relse til n\u00f8gler. &nbsp;&nbsp;Produktinformation:&nbsp;M\u00e5l: 6 x 11 x 0,5 cmMateriale: tr\u00e6 (mahogni), metalFarve: brun, gul, sortFastg\u00f8relse: ringBillig gave til en hardrock-elskerGadget til guitaristen&nbsp;OBS! S\u00e6lgeren er p\u00e5 ingen m\u00e5de tilknyttet producenterne af \u00e6gte instrumenter eller individuelle kunstnere. Navnene p\u00e5 modellerne eller kunstnerne er eksempler. Ber\u00f8mte navne tjener kun til at vise en bestemt stil inden for musik. Ingen af instrumenterne er en n\u00f8jagtig kopi med hensyn til proportioner, st\u00f8rrelse og design.<\/p>\n","protected":false},"excerpt":{"rendered":"<p>AC\/DC guitar n\u00f8glering &#8211; Angus Young &#8211; Tribute &#8211; EGK-0597&nbsp;&nbsp;Guitar n\u00f8glering inspireret af legenden fra det australske band AC\/DC Angus Young er en musikalsk gadget, der vil appellere til elskere af denne hardrock-frontmand. Den er en billig gave til en AC\/DC-fan, guitarist og musikelsker.&nbsp;N\u00f8glering lavet af mahogni. Metalk\u00e6de og ring til fastg\u00f8relse til n\u00f8gler. &nbsp;&nbsp;Produktinformation:&nbsp;M\u00e5l: [&hellip;]<\/p>\n","protected":false},"featured_media":44728,"comment_status":"open","ping_status":"closed","template":"","meta":[],"product_brand":[],"product_cat":[31],"product_tag":[],"class_list":{"0":"post-26874","1":"product","2":"type-product","3":"status-publish","4":"has-post-thumbnail","6":"product_cat-uncategorized-da","8":"first","9":"instock","10":"shipping-taxable","11":"purchasable","12":"product-type-simple"},"_links":{"self":[{"href":"https:\/\/nordicmart.andreevmaster.com\/da\/wp-json\/wp\/v2\/product\/26874","targetHints":{"allow":["GET"]}}],"collection":[{"href":"https:\/\/nordicmart.andreevmaster.com\/da\/wp-json\/wp\/v2\/product"}],"about":[{"href":"https:\/\/nordicmart.andreevmaster.com\/da\/wp-json\/wp\/v2\/types\/product"}],"replies":[{"embeddable":true,"href":"https:\/\/nordicmart.andreevmaster.com\/da\/wp-json\/wp\/v2\/comments?post=26874"}],"wp:featuredmedia":[{"embeddable":true,"href":"https:\/\/nordicmart.andreevmaster.com\/da\/wp-json\/wp\/v2\/media\/44728"}],"wp:attachment":[{"href":"https:\/\/nordicmart.andreevmaster.com\/da\/wp-json\/wp\/v2\/media?parent=26874"}],"wp:term":[{"taxonomy":"product_brand","embeddable":true,"href":"https:\/\/nordicmart.andreevmaster.com\/da\/wp-json\/wp\/v2\/product_brand?post=26874"},{"taxonomy":"product_cat","embeddable":true,"href":"https:\/\/nordicmart.andreevmaster.com\/da\/wp-json\/wp\/v2\/product_cat?post=26874"},{"taxonomy":"product_tag","embeddable":true,"href":"https:\/\/nordicmart.andreevmaster.com\/da\/wp-json\/wp\/v2\/product_tag?post=26874"}],"curies":[{"name":"wp","href":"https:\/\/api.w.org\/{rel}","templated":true}]}}