{"id":26873,"date":"2026-02-27T00:34:28","date_gmt":"2026-02-27T00:34:28","guid":{"rendered":"https:\/\/nordicmart.andreevmaster.com\/product\/mini-guitar-dire-straits-mark-knopfler-mgt-0581-2\/"},"modified":"2026-02-27T09:13:35","modified_gmt":"2026-02-27T09:13:35","slug":"mini-guitar-dire-straits-mark-knopfler-mgt-0581-2","status":"publish","type":"product","link":"https:\/\/nordicmart.andreevmaster.com\/da\/vare\/mini-guitar-dire-straits-mark-knopfler-mgt-0581-2\/","title":{"rendered":"Mini Guitar Dire Straits Mark Knopfler MGT-0581"},"content":{"rendered":"<p>Mini Guitar Dire Straits Mark Knopfler MGT-0581&nbsp;Fans af Mark Knopfler og Sultans Swing vil elske denne Dire Straits-inspirerede mini-guitar. Guitaren fungerer som et musikalsk gadget for fans af Dire Straits, britisk rock og guitarister. Mini-guitaren ser fantastisk ud omgivet af din hjemmestudie-pladesamling.&nbsp;Mini-guitaren er h\u00e5ndlavet af mahogni. Samlerobjekt. Guitaren er ikke et leget\u00f8j. Kan ikke spilles p\u00e5.&nbsp;Mini Guitar Dire Straits Mark Knopfler MGT-0581 Specifikationer:&nbsp;&bull; M\u00e5l: H. 27,5 cm x B. 9 cm x D. 0,8 cm&bull; Skala: 1:4&bull; Materiale: mahogni&bull; Farve: r\u00f8d, hvid, sort&bull; S\u00e6ttet indeholder et plastik-metalstativ til at placere guitaren p\u00e5&nbsp;Mini Guitar Dire Straits Mark Knopfler MGT-0581 mini guitar er fantastisk som:&nbsp;&bull; En gadget til en Dire Straits-fan&bull; En musikgadget til guitaristen&bull; En gave til en rockmusikfan&bull; Musikalsk dekoration&nbsp;OBS! S\u00e6lgeren er p\u00e5 ingen m\u00e5de tilknyttet producenterne af \u00e6gte instrumenter eller individuelle kunstnere. Navnene p\u00e5 modellerne eller kunstnerne er eksempler. Ber\u00f8mte navne tjener kun til at vise en bestemt musikstil. Ingen af instrumenterne er en n\u00f8jagtig kopi med hensyn til proportioner, st\u00f8rrelse og design.<\/p>\n","protected":false},"excerpt":{"rendered":"<p>Mini Guitar Dire Straits Mark Knopfler MGT-0581&nbsp;Fans af Mark Knopfler og Sultans Swing vil elske denne Dire Straits-inspirerede mini-guitar. Guitaren fungerer som et musikalsk gadget for fans af Dire Straits, britisk rock og guitarister. Mini-guitaren ser fantastisk ud omgivet af din hjemmestudie-pladesamling.&nbsp;Mini-guitaren er h\u00e5ndlavet af mahogni. Samlerobjekt. Guitaren er ikke et leget\u00f8j. Kan ikke spilles [&hellip;]<\/p>\n","protected":false},"featured_media":44727,"comment_status":"open","ping_status":"closed","template":"","meta":[],"product_brand":[],"product_cat":[31],"product_tag":[],"class_list":{"0":"post-26873","1":"product","2":"type-product","3":"status-publish","4":"has-post-thumbnail","6":"product_cat-uncategorized-da","8":"first","9":"instock","10":"shipping-taxable","11":"purchasable","12":"product-type-simple"},"_links":{"self":[{"href":"https:\/\/nordicmart.andreevmaster.com\/da\/wp-json\/wp\/v2\/product\/26873","targetHints":{"allow":["GET"]}}],"collection":[{"href":"https:\/\/nordicmart.andreevmaster.com\/da\/wp-json\/wp\/v2\/product"}],"about":[{"href":"https:\/\/nordicmart.andreevmaster.com\/da\/wp-json\/wp\/v2\/types\/product"}],"replies":[{"embeddable":true,"href":"https:\/\/nordicmart.andreevmaster.com\/da\/wp-json\/wp\/v2\/comments?post=26873"}],"wp:featuredmedia":[{"embeddable":true,"href":"https:\/\/nordicmart.andreevmaster.com\/da\/wp-json\/wp\/v2\/media\/44727"}],"wp:attachment":[{"href":"https:\/\/nordicmart.andreevmaster.com\/da\/wp-json\/wp\/v2\/media?parent=26873"}],"wp:term":[{"taxonomy":"product_brand","embeddable":true,"href":"https:\/\/nordicmart.andreevmaster.com\/da\/wp-json\/wp\/v2\/product_brand?post=26873"},{"taxonomy":"product_cat","embeddable":true,"href":"https:\/\/nordicmart.andreevmaster.com\/da\/wp-json\/wp\/v2\/product_cat?post=26873"},{"taxonomy":"product_tag","embeddable":true,"href":"https:\/\/nordicmart.andreevmaster.com\/da\/wp-json\/wp\/v2\/product_tag?post=26873"}],"curies":[{"name":"wp","href":"https:\/\/api.w.org\/{rel}","templated":true}]}}