{"id":26872,"date":"2026-02-27T00:34:28","date_gmt":"2026-02-27T00:34:28","guid":{"rendered":"https:\/\/nordicmart.andreevmaster.com\/product\/udendors-vejrstation-med-ur-29-0723\/"},"modified":"2026-02-27T09:13:35","modified_gmt":"2026-02-27T09:13:35","slug":"udendors-vejrstation-med-ur-29-0723","status":"publish","type":"product","link":"https:\/\/nordicmart.andreevmaster.com\/da\/vare\/udendors-vejrstation-med-ur-29-0723\/","title":{"rendered":"Udend\u00f8rs vejrstation med ur &#8211; 29.0723"},"content":{"rendered":"<p>Udend\u00f8rs vejrstation med ur &#8211; 29.0723&nbsp;&nbsp;Denne elegante udend\u00f8rs vejrstation kombinerer funktionerne fra et barometer, termometer og hygrometer og er udstyret med et ur. Dette unikke produkt er en kombination af \u00e6stetik og funktionalitet, designet til at levere n\u00f8jagtige m\u00e5linger og et elegant udseende. Fremstillet af rustfrit st\u00e5l.&nbsp;Barometeret giver pr\u00e6cise oplysninger om atmosf\u00e6retrykket, s\u00e5 du kan forudsige vejret og planl\u00e6gge udend\u00f8rsaktiviteter. Termometeret hj\u00e6lper med at overv\u00e5ge temperaturen, b\u00e5de inde og ude, hvilket er yderst nyttigt for dem, der er interesseret i termisk komfort. Hygrometeret giver oplysninger om luftfugtigheden, hvilket er vigtigt for dem, der er interesseret i at opretholde de rette forhold inde i deres hjem eller ude. Derudover har denne vejrstation et ur, som ikke kun giver dig mulighed for at afl\u00e6se tiden, men ogs\u00e5 tilf\u00f8jer elegance. Kvaliteten af m\u00e5lingerne fra denne vejrstation er meget h\u00f8j, hvilket sikrer pr\u00e6cision og p\u00e5lidelighed i resultaterne. Dette er et uundv\u00e6rligt redskab for meteorologiinteresserede, gartnere, udend\u00f8rs sportsfolk og dem, der blot s\u00e6tter pris p\u00e5 veldesignede og funktionelle genstande.Denne elegante udend\u00f8rs vejrstation kan ogs\u00e5 v\u00e6re en perfekt gave til en elsket, der er interesseret i vejret, eller til en person, der v\u00e6rds\u00e6tter sk\u00f8nhed og funktionalitet i \u00e9t produkt. Uanset anledningen vil denne vejrstation helt sikkert leve op til forventningerne og v\u00e6re et varigt minde.&nbsp;&nbsp;Dimensioner:&nbsp;38 x 12,2 cm&nbsp;Driftsomr\u00e5de: Temperatur: -20 \u00b0C &#8211; 50 \u00b0C Fugtighed: 20 % &#8211; 98 % RH Atmosf\u00e6risk tryk: 1060 hPA &#8211; 960 hPA<\/p>\n","protected":false},"excerpt":{"rendered":"<p>Udend\u00f8rs vejrstation med ur &#8211; 29.0723&nbsp;&nbsp;Denne elegante udend\u00f8rs vejrstation kombinerer funktionerne fra et barometer, termometer og hygrometer og er udstyret med et ur. Dette unikke produkt er en kombination af \u00e6stetik og funktionalitet, designet til at levere n\u00f8jagtige m\u00e5linger og et elegant udseende. Fremstillet af rustfrit st\u00e5l.&nbsp;Barometeret giver pr\u00e6cise oplysninger om atmosf\u00e6retrykket, s\u00e5 du kan [&hellip;]<\/p>\n","protected":false},"featured_media":44726,"comment_status":"open","ping_status":"closed","template":"","meta":[],"product_brand":[],"product_cat":[31],"product_tag":[],"class_list":{"0":"post-26872","1":"product","2":"type-product","3":"status-publish","4":"has-post-thumbnail","6":"product_cat-uncategorized-da","8":"first","9":"instock","10":"shipping-taxable","11":"purchasable","12":"product-type-simple"},"_links":{"self":[{"href":"https:\/\/nordicmart.andreevmaster.com\/da\/wp-json\/wp\/v2\/product\/26872","targetHints":{"allow":["GET"]}}],"collection":[{"href":"https:\/\/nordicmart.andreevmaster.com\/da\/wp-json\/wp\/v2\/product"}],"about":[{"href":"https:\/\/nordicmart.andreevmaster.com\/da\/wp-json\/wp\/v2\/types\/product"}],"replies":[{"embeddable":true,"href":"https:\/\/nordicmart.andreevmaster.com\/da\/wp-json\/wp\/v2\/comments?post=26872"}],"wp:featuredmedia":[{"embeddable":true,"href":"https:\/\/nordicmart.andreevmaster.com\/da\/wp-json\/wp\/v2\/media\/44726"}],"wp:attachment":[{"href":"https:\/\/nordicmart.andreevmaster.com\/da\/wp-json\/wp\/v2\/media?parent=26872"}],"wp:term":[{"taxonomy":"product_brand","embeddable":true,"href":"https:\/\/nordicmart.andreevmaster.com\/da\/wp-json\/wp\/v2\/product_brand?post=26872"},{"taxonomy":"product_cat","embeddable":true,"href":"https:\/\/nordicmart.andreevmaster.com\/da\/wp-json\/wp\/v2\/product_cat?post=26872"},{"taxonomy":"product_tag","embeddable":true,"href":"https:\/\/nordicmart.andreevmaster.com\/da\/wp-json\/wp\/v2\/product_tag?post=26872"}],"curies":[{"name":"wp","href":"https:\/\/api.w.org\/{rel}","templated":true}]}}