{"id":26871,"date":"2026-02-27T00:34:27","date_gmt":"2026-02-27T00:34:27","guid":{"rendered":"https:\/\/nordicmart.andreevmaster.com\/product\/noglering-guitar-dire-straits-mark-knopfler-mahogni-egk-0474\/"},"modified":"2026-02-27T09:13:35","modified_gmt":"2026-02-27T09:13:35","slug":"noglering-guitar-dire-straits-mark-knopfler-mahogni-egk-0474","status":"publish","type":"product","link":"https:\/\/nordicmart.andreevmaster.com\/da\/vare\/noglering-guitar-dire-straits-mark-knopfler-mahogni-egk-0474\/","title":{"rendered":"N\u00f8glering &#8211; guitar &#8211; Dire Straits &#8211; Mark Knopfler, mahogni, EGK-0474"},"content":{"rendered":"<p>N\u00f8glering &#8211; guitar &#8211; Dire Straits &#8211; Mark Knopfler, mahogni, EGK-0474&nbsp;&nbsp;&nbsp;F\u00f8l \u00e5nden fra Dire Straits&#8217; musik altid med dig! Den guitarformede n\u00f8glering, inspireret af Mark Knopflers spillestil, er ikke kun en praktisk tilf\u00f8jelse til dine n\u00f8gler, men ogs\u00e5 en unik dekoration. Den er lavet af en kombination af tr\u00e6 og metal og imponerer med sin pr\u00e6cise udf\u00f8relse og sans for detaljer.&nbsp;&nbsp;Produktinformation:&nbsp;M\u00e5l: 6x11x0,5 cm Materiale: N\u00f8glering af tr\u00e6 og metal Fantastisk gave til musik- og Dire Straits-fans &nbsp;&nbsp;S\u00e6lgeren er p\u00e5 ingen m\u00e5de tilknyttet producenterne af \u00e6gte instrumenter eller individuelle kunstnere. Navnene p\u00e5 modellerne eller navnene p\u00e5 kunstnerne er eksempler. Ber\u00f8mte navne tjener kun til at vise en bestemt stil inden for musik. Ingen af instrumenterne er en n\u00f8jagtig kopi med hensyn til proportioner, st\u00f8rrelse og design.<\/p>\n","protected":false},"excerpt":{"rendered":"<p>N\u00f8glering &#8211; guitar &#8211; Dire Straits &#8211; Mark Knopfler, mahogni, EGK-0474&nbsp;&nbsp;&nbsp;F\u00f8l \u00e5nden fra Dire Straits&#8217; musik altid med dig! Den guitarformede n\u00f8glering, inspireret af Mark Knopflers spillestil, er ikke kun en praktisk tilf\u00f8jelse til dine n\u00f8gler, men ogs\u00e5 en unik dekoration. Den er lavet af en kombination af tr\u00e6 og metal og imponerer med sin [&hellip;]<\/p>\n","protected":false},"featured_media":44725,"comment_status":"open","ping_status":"closed","template":"","meta":[],"product_brand":[],"product_cat":[31],"product_tag":[],"class_list":{"0":"post-26871","1":"product","2":"type-product","3":"status-publish","4":"has-post-thumbnail","6":"product_cat-uncategorized-da","8":"first","9":"instock","10":"shipping-taxable","11":"purchasable","12":"product-type-simple"},"_links":{"self":[{"href":"https:\/\/nordicmart.andreevmaster.com\/da\/wp-json\/wp\/v2\/product\/26871","targetHints":{"allow":["GET"]}}],"collection":[{"href":"https:\/\/nordicmart.andreevmaster.com\/da\/wp-json\/wp\/v2\/product"}],"about":[{"href":"https:\/\/nordicmart.andreevmaster.com\/da\/wp-json\/wp\/v2\/types\/product"}],"replies":[{"embeddable":true,"href":"https:\/\/nordicmart.andreevmaster.com\/da\/wp-json\/wp\/v2\/comments?post=26871"}],"wp:featuredmedia":[{"embeddable":true,"href":"https:\/\/nordicmart.andreevmaster.com\/da\/wp-json\/wp\/v2\/media\/44725"}],"wp:attachment":[{"href":"https:\/\/nordicmart.andreevmaster.com\/da\/wp-json\/wp\/v2\/media?parent=26871"}],"wp:term":[{"taxonomy":"product_brand","embeddable":true,"href":"https:\/\/nordicmart.andreevmaster.com\/da\/wp-json\/wp\/v2\/product_brand?post=26871"},{"taxonomy":"product_cat","embeddable":true,"href":"https:\/\/nordicmart.andreevmaster.com\/da\/wp-json\/wp\/v2\/product_cat?post=26871"},{"taxonomy":"product_tag","embeddable":true,"href":"https:\/\/nordicmart.andreevmaster.com\/da\/wp-json\/wp\/v2\/product_tag?post=26871"}],"curies":[{"name":"wp","href":"https:\/\/api.w.org\/{rel}","templated":true}]}}