{"id":26870,"date":"2026-02-27T00:34:27","date_gmt":"2026-02-27T00:34:27","guid":{"rendered":"https:\/\/nordicmart.andreevmaster.com\/product\/bob-marley-tribute-ganja-mini-guitar-mgt-0468-2\/"},"modified":"2026-02-27T09:13:34","modified_gmt":"2026-02-27T09:13:34","slug":"bob-marley-tribute-ganja-mini-guitar-mgt-0468-2","status":"publish","type":"product","link":"https:\/\/nordicmart.andreevmaster.com\/da\/vare\/bob-marley-tribute-ganja-mini-guitar-mgt-0468-2\/","title":{"rendered":"Bob Marley Tribute Ganja Mini Guitar MGT-0468"},"content":{"rendered":"<p>Bob Marley Tribute Ganja Mini Guitar MGT-0468&nbsp;&nbsp;&quot;Iron, Lion, Zion&#8230;&quot;. En mini-guitar, der er inspireret af det udstyr, som reggae-guruen Bob Marley brugte, vil appellere til fans af jamaicansk musik. Guitaren er en fantastisk gave til Marley-fans, reggae-elskere og guitarister. Mini-guitaren er en fantastisk dekoration til en musikers v\u00e6relse. Mini-guitaren er h\u00e5ndlavet af mahogni. Samlerobjekt. Guitaren er ikke et leget\u00f8j. Kan ikke spilles p\u00e5.&nbsp;&nbsp;Produktinformation:&nbsp;M\u00e5l: H. 27,5 cm x B. 9 cm x D. 0,8 cmSkala: 1:4Materiale: mahogniTr\u00e6Farve: gul, r\u00f8d, gr\u00f8n, hvidS\u00e6ttet indeholder et plastik-metalstativ til at placere guitaren p\u00e5&nbsp;&nbsp;OBS! S\u00e6lgeren er p\u00e5 ingen m\u00e5de tilknyttet producenter af \u00e6gte instrumenter eller individuelle kunstnere. Navnene p\u00e5 modellerne eller kunstnerne er eksempler. Ber\u00f8mte navne tjener kun til at vise en bestemt musikstil. Ingen af instrumenterne er en n\u00f8jagtig kopi med hensyn til proportioner, st\u00f8rrelse og design.&nbsp;<\/p>\n","protected":false},"excerpt":{"rendered":"<p>Bob Marley Tribute Ganja Mini Guitar MGT-0468&nbsp;&nbsp;&quot;Iron, Lion, Zion&#8230;&quot;. En mini-guitar, der er inspireret af det udstyr, som reggae-guruen Bob Marley brugte, vil appellere til fans af jamaicansk musik. Guitaren er en fantastisk gave til Marley-fans, reggae-elskere og guitarister. Mini-guitaren er en fantastisk dekoration til en musikers v\u00e6relse. Mini-guitaren er h\u00e5ndlavet af mahogni. Samlerobjekt. Guitaren [&hellip;]<\/p>\n","protected":false},"featured_media":44724,"comment_status":"open","ping_status":"closed","template":"","meta":[],"product_brand":[],"product_cat":[31],"product_tag":[],"class_list":{"0":"post-26870","1":"product","2":"type-product","3":"status-publish","4":"has-post-thumbnail","6":"product_cat-uncategorized-da","8":"first","9":"instock","10":"shipping-taxable","11":"purchasable","12":"product-type-simple"},"_links":{"self":[{"href":"https:\/\/nordicmart.andreevmaster.com\/da\/wp-json\/wp\/v2\/product\/26870","targetHints":{"allow":["GET"]}}],"collection":[{"href":"https:\/\/nordicmart.andreevmaster.com\/da\/wp-json\/wp\/v2\/product"}],"about":[{"href":"https:\/\/nordicmart.andreevmaster.com\/da\/wp-json\/wp\/v2\/types\/product"}],"replies":[{"embeddable":true,"href":"https:\/\/nordicmart.andreevmaster.com\/da\/wp-json\/wp\/v2\/comments?post=26870"}],"wp:featuredmedia":[{"embeddable":true,"href":"https:\/\/nordicmart.andreevmaster.com\/da\/wp-json\/wp\/v2\/media\/44724"}],"wp:attachment":[{"href":"https:\/\/nordicmart.andreevmaster.com\/da\/wp-json\/wp\/v2\/media?parent=26870"}],"wp:term":[{"taxonomy":"product_brand","embeddable":true,"href":"https:\/\/nordicmart.andreevmaster.com\/da\/wp-json\/wp\/v2\/product_brand?post=26870"},{"taxonomy":"product_cat","embeddable":true,"href":"https:\/\/nordicmart.andreevmaster.com\/da\/wp-json\/wp\/v2\/product_cat?post=26870"},{"taxonomy":"product_tag","embeddable":true,"href":"https:\/\/nordicmart.andreevmaster.com\/da\/wp-json\/wp\/v2\/product_tag?post=26870"}],"curies":[{"name":"wp","href":"https:\/\/api.w.org\/{rel}","templated":true}]}}