{"id":26867,"date":"2026-02-27T00:34:26","date_gmt":"2026-02-27T00:34:26","guid":{"rendered":"https:\/\/nordicmart.andreevmaster.com\/product\/metallica-guitar-noglering-james-hetfield-iron-cross-egk-0191\/"},"modified":"2026-02-27T09:13:34","modified_gmt":"2026-02-27T09:13:34","slug":"metallica-guitar-noglering-james-hetfield-iron-cross-egk-0191","status":"publish","type":"product","link":"https:\/\/nordicmart.andreevmaster.com\/da\/vare\/metallica-guitar-noglering-james-hetfield-iron-cross-egk-0191\/","title":{"rendered":"Metallica guitar n\u00f8glering &#8211; James Hetfield &#8211; Iron Cross EGK-0191"},"content":{"rendered":"<p>Metallica guitar n\u00f8glering &#8211; James Hetfield &#8211; Iron Cross EGK-0191&nbsp;&nbsp;Guitar n\u00f8glering inspireret af det ikoniske heavy og thrash metal band Metallica er en fantastisk gadget for en elsker af tungere lyde. Den vil fungere som en billig gave til en Metallica fan, metalhead og guitarist. &nbsp;N\u00f8gleringen er lavet af mahogni. Metalk\u00e6de og ring til fastg\u00f8relse til n\u00f8gler.&nbsp;&nbsp;Produktinformation:&nbsp;M\u00e5l: 6 x 11 x 0,5 cmMateriale: tr\u00e6 (mahogni), metalFarve: sort, gulFastg\u00f8relse: ringGadget til elskere af tungere lydeGave til en Metallica-fan&nbsp;OBS! S\u00e6lgeren er p\u00e5 ingen m\u00e5de tilknyttet producenterne af \u00e6gte instrumenter eller individuelle kunstnere. Navnene p\u00e5 modellerne eller kunstnerne er eksempler. Ber\u00f8mte navne tjener kun til at vise en bestemt stil inden for musik. Ingen af instrumenterne er en n\u00f8jagtig kopi med hensyn til proportioner, st\u00f8rrelse og design.<\/p>\n","protected":false},"excerpt":{"rendered":"<p>Metallica guitar n\u00f8glering &#8211; James Hetfield &#8211; Iron Cross EGK-0191&nbsp;&nbsp;Guitar n\u00f8glering inspireret af det ikoniske heavy og thrash metal band Metallica er en fantastisk gadget for en elsker af tungere lyde. Den vil fungere som en billig gave til en Metallica fan, metalhead og guitarist. &nbsp;N\u00f8gleringen er lavet af mahogni. Metalk\u00e6de og ring til fastg\u00f8relse [&hellip;]<\/p>\n","protected":false},"featured_media":0,"comment_status":"open","ping_status":"closed","template":"","meta":[],"product_brand":[],"product_cat":[31],"product_tag":[],"class_list":{"0":"post-26867","1":"product","2":"type-product","3":"status-publish","5":"product_cat-uncategorized-da","7":"first","8":"instock","9":"shipping-taxable","10":"purchasable","11":"product-type-simple"},"_links":{"self":[{"href":"https:\/\/nordicmart.andreevmaster.com\/da\/wp-json\/wp\/v2\/product\/26867","targetHints":{"allow":["GET"]}}],"collection":[{"href":"https:\/\/nordicmart.andreevmaster.com\/da\/wp-json\/wp\/v2\/product"}],"about":[{"href":"https:\/\/nordicmart.andreevmaster.com\/da\/wp-json\/wp\/v2\/types\/product"}],"replies":[{"embeddable":true,"href":"https:\/\/nordicmart.andreevmaster.com\/da\/wp-json\/wp\/v2\/comments?post=26867"}],"wp:attachment":[{"href":"https:\/\/nordicmart.andreevmaster.com\/da\/wp-json\/wp\/v2\/media?parent=26867"}],"wp:term":[{"taxonomy":"product_brand","embeddable":true,"href":"https:\/\/nordicmart.andreevmaster.com\/da\/wp-json\/wp\/v2\/product_brand?post=26867"},{"taxonomy":"product_cat","embeddable":true,"href":"https:\/\/nordicmart.andreevmaster.com\/da\/wp-json\/wp\/v2\/product_cat?post=26867"},{"taxonomy":"product_tag","embeddable":true,"href":"https:\/\/nordicmart.andreevmaster.com\/da\/wp-json\/wp\/v2\/product_tag?post=26867"}],"curies":[{"name":"wp","href":"https:\/\/api.w.org\/{rel}","templated":true}]}}