{"id":26866,"date":"2026-02-27T00:34:26","date_gmt":"2026-02-27T00:34:26","guid":{"rendered":"https:\/\/nordicmart.andreevmaster.com\/product\/led-zeppelin-guitar-noglering-jimmy-page-egk-0115\/"},"modified":"2026-02-27T09:13:34","modified_gmt":"2026-02-27T09:13:34","slug":"led-zeppelin-guitar-noglering-jimmy-page-egk-0115","status":"publish","type":"product","link":"https:\/\/nordicmart.andreevmaster.com\/da\/vare\/led-zeppelin-guitar-noglering-jimmy-page-egk-0115\/","title":{"rendered":"Led Zeppelin guitar n\u00f8glering &#8211; Jimmy Page &#8211; EGK-0115"},"content":{"rendered":"<p>Led Zeppelin guitar n\u00f8glering &#8211; Jimmy Page &#8211; EGK-0115&nbsp;&nbsp;Guitar n\u00f8glering inspireret af Gibson Doubleneck dobbelt-hals guitar, som han populariserede, herunder Jimmy Pagez Led Zeppelin under liveoptr\u00e6dener i 70&#8217;erne. Guitaren kan associeres med bandets ikoniske sange, s\u00e5som &#8220;Stairway to Heaven&#8221;, &#8220;The Song Remains the Same&#8221;, &#8220;Tangerine&#8221; eller &#8220;The Rain Song&#8221;. N\u00f8gleringen er en perfekt gave til en guitarist af k\u00f8d og blod, en fan af Zeppelin og Jimmy Pages kunstneriske talent. &nbsp;Vedh\u00e6nget er lavet af mahogni. Metalk\u00e6de og ring til fastg\u00f8relse til n\u00f8gler.&nbsp;&nbsp;Produktinformation:&nbsp;M\u00e5l: 6 x 11 x 0,5 cmMateriale: tr\u00e6 (mahogni), metalFarve: r\u00f8d, sort, hvidFastg\u00f8relse: ring Gave til en guitaristGave til en Zeppelin-fan&nbsp;OBS! S\u00e6lgeren er p\u00e5 ingen m\u00e5de tilknyttet producenterne af \u00e6gte instrumenter eller individuelle kunstnere. Navnene p\u00e5 modellerne eller kunstnerne er eksempler. Ber\u00f8mte navne tjener kun til at vise en bestemt stil inden for musik. Ingen af instrumenterne er en n\u00f8jagtig kopi med hensyn til proportioner, st\u00f8rrelse og design.<\/p>\n","protected":false},"excerpt":{"rendered":"<p>Led Zeppelin guitar n\u00f8glering &#8211; Jimmy Page &#8211; EGK-0115&nbsp;&nbsp;Guitar n\u00f8glering inspireret af Gibson Doubleneck dobbelt-hals guitar, som han populariserede, herunder Jimmy Pagez Led Zeppelin under liveoptr\u00e6dener i 70&#8217;erne. Guitaren kan associeres med bandets ikoniske sange, s\u00e5som &#8220;Stairway to Heaven&#8221;, &#8220;The Song Remains the Same&#8221;, &#8220;Tangerine&#8221; eller &#8220;The Rain Song&#8221;. N\u00f8gleringen er en perfekt gave til [&hellip;]<\/p>\n","protected":false},"featured_media":0,"comment_status":"open","ping_status":"closed","template":"","meta":[],"product_brand":[],"product_cat":[31],"product_tag":[],"class_list":{"0":"post-26866","1":"product","2":"type-product","3":"status-publish","5":"product_cat-uncategorized-da","7":"first","8":"instock","9":"shipping-taxable","10":"purchasable","11":"product-type-simple"},"_links":{"self":[{"href":"https:\/\/nordicmart.andreevmaster.com\/da\/wp-json\/wp\/v2\/product\/26866","targetHints":{"allow":["GET"]}}],"collection":[{"href":"https:\/\/nordicmart.andreevmaster.com\/da\/wp-json\/wp\/v2\/product"}],"about":[{"href":"https:\/\/nordicmart.andreevmaster.com\/da\/wp-json\/wp\/v2\/types\/product"}],"replies":[{"embeddable":true,"href":"https:\/\/nordicmart.andreevmaster.com\/da\/wp-json\/wp\/v2\/comments?post=26866"}],"wp:attachment":[{"href":"https:\/\/nordicmart.andreevmaster.com\/da\/wp-json\/wp\/v2\/media?parent=26866"}],"wp:term":[{"taxonomy":"product_brand","embeddable":true,"href":"https:\/\/nordicmart.andreevmaster.com\/da\/wp-json\/wp\/v2\/product_brand?post=26866"},{"taxonomy":"product_cat","embeddable":true,"href":"https:\/\/nordicmart.andreevmaster.com\/da\/wp-json\/wp\/v2\/product_cat?post=26866"},{"taxonomy":"product_tag","embeddable":true,"href":"https:\/\/nordicmart.andreevmaster.com\/da\/wp-json\/wp\/v2\/product_tag?post=26866"}],"curies":[{"name":"wp","href":"https:\/\/api.w.org\/{rel}","templated":true}]}}