{"id":26865,"date":"2026-02-27T00:34:26","date_gmt":"2026-02-27T00:34:26","guid":{"rendered":"https:\/\/nordicmart.andreevmaster.com\/product\/marine-vejrstation-barometer-termometer-hygrometer-i-messingramme-32-0370\/"},"modified":"2026-02-27T09:13:33","modified_gmt":"2026-02-27T09:13:33","slug":"marine-vejrstation-barometer-termometer-hygrometer-i-messingramme-32-0370","status":"publish","type":"product","link":"https:\/\/nordicmart.andreevmaster.com\/da\/vare\/marine-vejrstation-barometer-termometer-hygrometer-i-messingramme-32-0370\/","title":{"rendered":"Marine vejrstation: barometer, termometer, hygrometer i messingramme &#8211; 32.0370"},"content":{"rendered":"<p>Marine vejrstation: barometer, termometer, hygrometer i messingramme &#8211; 32.0370&nbsp;&nbsp;Elegant marine vejrstation er den perfekte gave til alle, der elsker den nautiske livsstil. Denne smukt udformede vejrstation har et barometer, termometer og hygrometer, alt sammen i en messingramme. Det tidl\u00f8se design g\u00f8r den perfekt til enhver boligindretning i nautisk stil. &nbsp;Uanset om du er s\u00f8mand eller blot elsker nautiske gaver, er denne vejrstation det perfekte valg. Den giver n\u00f8jagtige m\u00e5linger af barometertryk, temperatur og fugtighed, hvilket g\u00f8r den til en praktisk tilf\u00f8jelse til ethvert hjem eller kontor. Den er ogs\u00e5 en fantastisk gave til alle, der v\u00e6rds\u00e6tter sk\u00f8nheden og funktionaliteten i nautisk inspireret indretning.&nbsp;&nbsp;Dimensioner:&nbsp;150x120x45mm&nbsp;Driftsomr\u00e5de:&nbsp;Temperatur &#8211; -20\u00b0C til 50\u00b0C. Celsius Fugtighed 20 % &#8211; 98 % Tryk: 1060 hPa &#8211; 960 hPaN\u00f8jagtighed: Temperatur: +\/- 2 grader. Fugtighed: 20 %-45 % &#8211; n\u00f8jagtighed +\/-9 % 45 %-75 % &#8211; n\u00f8jagtighed +\/-6 % 75 %-98 % &#8211; n\u00f8jagtighed +\/-9 % Atmosf\u00e6risk tryk: 1060 hPa &#8211; 1030 hPa +\/-10 hPa1030 hPa &#8211; 990 hPa +\/- 5 hPa990 hPa &#8211; 960 hPa +\/-10 hPa&nbsp;&nbsp;Vi anbefaler, at vejrstationen placeres et sted, der ikke er udsat for sollys, med frisk lufttilf\u00f8rsel og korrosionsbeskyttelse.&nbsp;Undg\u00e5 kontakt med vand, damp eller vibrationer. Barometeret er indstillet fra fabrikken. Fabriksindstillingen for trykm\u00e5ling b\u00f8r dog kontrolleres. Den afh\u00e6nger af vores placering \u2013 h\u00f8jden over havets overflade. Trykket vil f.eks. v\u00e6re forskelligt over havet og i bjergene. Inden du starter enheden, skal du derfor indstille barometerudgangen ved hj\u00e6lp af den gyldne skrue p\u00e5 bagsiden af enheden. Du skal bruge en lille skruetr\u00e6kker. Til dette form\u00e5l er det bedst at henvise til afl\u00e6sningen af et andet barometer eller kontrollere trykket for din lokalitet, f.eks. p\u00e5 internettet. N\u00e5r du har indstillet det korrekte tryk, anbefaler vi, at du banker let p\u00e5 glasset for at stimulere barometeret til at fungere.<\/p>\n","protected":false},"excerpt":{"rendered":"<p>Marine vejrstation: barometer, termometer, hygrometer i messingramme &#8211; 32.0370&nbsp;&nbsp;Elegant marine vejrstation er den perfekte gave til alle, der elsker den nautiske livsstil. Denne smukt udformede vejrstation har et barometer, termometer og hygrometer, alt sammen i en messingramme. Det tidl\u00f8se design g\u00f8r den perfekt til enhver boligindretning i nautisk stil. &nbsp;Uanset om du er s\u00f8mand eller [&hellip;]<\/p>\n","protected":false},"featured_media":44721,"comment_status":"open","ping_status":"closed","template":"","meta":[],"product_brand":[],"product_cat":[31],"product_tag":[],"class_list":{"0":"post-26865","1":"product","2":"type-product","3":"status-publish","4":"has-post-thumbnail","6":"product_cat-uncategorized-da","8":"first","9":"instock","10":"shipping-taxable","11":"purchasable","12":"product-type-simple"},"_links":{"self":[{"href":"https:\/\/nordicmart.andreevmaster.com\/da\/wp-json\/wp\/v2\/product\/26865","targetHints":{"allow":["GET"]}}],"collection":[{"href":"https:\/\/nordicmart.andreevmaster.com\/da\/wp-json\/wp\/v2\/product"}],"about":[{"href":"https:\/\/nordicmart.andreevmaster.com\/da\/wp-json\/wp\/v2\/types\/product"}],"replies":[{"embeddable":true,"href":"https:\/\/nordicmart.andreevmaster.com\/da\/wp-json\/wp\/v2\/comments?post=26865"}],"wp:featuredmedia":[{"embeddable":true,"href":"https:\/\/nordicmart.andreevmaster.com\/da\/wp-json\/wp\/v2\/media\/44721"}],"wp:attachment":[{"href":"https:\/\/nordicmart.andreevmaster.com\/da\/wp-json\/wp\/v2\/media?parent=26865"}],"wp:term":[{"taxonomy":"product_brand","embeddable":true,"href":"https:\/\/nordicmart.andreevmaster.com\/da\/wp-json\/wp\/v2\/product_brand?post=26865"},{"taxonomy":"product_cat","embeddable":true,"href":"https:\/\/nordicmart.andreevmaster.com\/da\/wp-json\/wp\/v2\/product_cat?post=26865"},{"taxonomy":"product_tag","embeddable":true,"href":"https:\/\/nordicmart.andreevmaster.com\/da\/wp-json\/wp\/v2\/product_tag?post=26865"}],"curies":[{"name":"wp","href":"https:\/\/api.w.org\/{rel}","templated":true}]}}