{"id":26864,"date":"2026-02-27T00:34:26","date_gmt":"2026-02-27T00:34:26","guid":{"rendered":"https:\/\/nordicmart.andreevmaster.com\/product\/udendors-vejrstation-29-0367\/"},"modified":"2026-02-27T09:13:33","modified_gmt":"2026-02-27T09:13:33","slug":"udendors-vejrstation-29-0367","status":"publish","type":"product","link":"https:\/\/nordicmart.andreevmaster.com\/da\/vare\/udendors-vejrstation-29-0367\/","title":{"rendered":"Udend\u00f8rs vejrstation &#8211; 29.0367"},"content":{"rendered":"<p>Udend\u00f8rs vejrstation &#8211; 29.0367&nbsp;&nbsp;&nbsp;Denne elegante, tidl\u00f8se udend\u00f8rs vejrstation er fremstillet af materialer af h\u00f8jeste kvalitet. Den indeholder et barometer, hygrometer og termometer \u2013 alle de n\u00f8dvendige mekanismer til at observere og analysere vejret. Dens fordele er enkelhed, p\u00e5lidelighed og let afl\u00e6sning. Produktet er kendetegnet ved m\u00e5linger af h\u00f8j kvalitet. Det kr\u00e6ver ingen s\u00e6rlig vedligeholdelse ved langvarig brug.&nbsp;Vejrstationen g\u00f8r det muligt at overv\u00e5ge de aktuelle vejrforhold i realtid. Dette giver modtageren mulighed for at v\u00e6re opm\u00e6rksom p\u00e5 den aktuelle temperatur, luftfugtighed, atmosf\u00e6retryk og andre vejrfaktorer uden at skulle tjekke vejrudsigten p\u00e5 en telefon eller computer. De er ikke kun funktionelle, men ogs\u00e5 et \u00e6stetisk dekorativt element. De kan v\u00e6re en elegant tilf\u00f8jelse til haven, terrassen eller altanen og tilf\u00f8je sk\u00f8nhed til udend\u00f8rsomr\u00e5det. Hvis modtageren af gaven er passioneret omkring meteorologi, havearbejde, landskabsfotografering eller andre vejrrelaterede omr\u00e5der, vil en udend\u00f8rs vejrstation v\u00e6re den perfekte gave til dem. Den giver mulighed for at indsamle og analysere vejrdata og forbedre ens f\u00e6rdigheder inden for omr\u00e5det.Driftsomr\u00e5de: Temperatur: -20 \u00b0C &#8211; 50 \u00b0C Fugtighed: 20 % &#8211; 98 % RH Atmosf\u00e6risk tryk: 1060 hPA &#8211; 960 hPA Dimensioner: 23 x 4,7 cm<\/p>\n","protected":false},"excerpt":{"rendered":"<p>Udend\u00f8rs vejrstation &#8211; 29.0367&nbsp;&nbsp;&nbsp;Denne elegante, tidl\u00f8se udend\u00f8rs vejrstation er fremstillet af materialer af h\u00f8jeste kvalitet. Den indeholder et barometer, hygrometer og termometer \u2013 alle de n\u00f8dvendige mekanismer til at observere og analysere vejret. Dens fordele er enkelhed, p\u00e5lidelighed og let afl\u00e6sning. Produktet er kendetegnet ved m\u00e5linger af h\u00f8j kvalitet. Det kr\u00e6ver ingen s\u00e6rlig vedligeholdelse ved [&hellip;]<\/p>\n","protected":false},"featured_media":44720,"comment_status":"open","ping_status":"closed","template":"","meta":[],"product_brand":[],"product_cat":[31],"product_tag":[],"class_list":{"0":"post-26864","1":"product","2":"type-product","3":"status-publish","4":"has-post-thumbnail","6":"product_cat-uncategorized-da","8":"first","9":"instock","10":"shipping-taxable","11":"purchasable","12":"product-type-simple"},"_links":{"self":[{"href":"https:\/\/nordicmart.andreevmaster.com\/da\/wp-json\/wp\/v2\/product\/26864","targetHints":{"allow":["GET"]}}],"collection":[{"href":"https:\/\/nordicmart.andreevmaster.com\/da\/wp-json\/wp\/v2\/product"}],"about":[{"href":"https:\/\/nordicmart.andreevmaster.com\/da\/wp-json\/wp\/v2\/types\/product"}],"replies":[{"embeddable":true,"href":"https:\/\/nordicmart.andreevmaster.com\/da\/wp-json\/wp\/v2\/comments?post=26864"}],"wp:featuredmedia":[{"embeddable":true,"href":"https:\/\/nordicmart.andreevmaster.com\/da\/wp-json\/wp\/v2\/media\/44720"}],"wp:attachment":[{"href":"https:\/\/nordicmart.andreevmaster.com\/da\/wp-json\/wp\/v2\/media?parent=26864"}],"wp:term":[{"taxonomy":"product_brand","embeddable":true,"href":"https:\/\/nordicmart.andreevmaster.com\/da\/wp-json\/wp\/v2\/product_brand?post=26864"},{"taxonomy":"product_cat","embeddable":true,"href":"https:\/\/nordicmart.andreevmaster.com\/da\/wp-json\/wp\/v2\/product_cat?post=26864"},{"taxonomy":"product_tag","embeddable":true,"href":"https:\/\/nordicmart.andreevmaster.com\/da\/wp-json\/wp\/v2\/product_tag?post=26864"}],"curies":[{"name":"wp","href":"https:\/\/api.w.org\/{rel}","templated":true}]}}