{"id":26863,"date":"2026-02-27T00:34:25","date_gmt":"2026-02-27T00:34:25","guid":{"rendered":"https:\/\/nordicmart.andreevmaster.com\/product\/rolly-toys-rollykid-case-1170-cvx-pedal-traktor-med-case-trailer-rod\/"},"modified":"2026-02-27T09:13:33","modified_gmt":"2026-02-27T09:13:33","slug":"rolly-toys-rollykid-case-1170-cvx-pedal-traktor-med-case-trailer-rod","status":"publish","type":"product","link":"https:\/\/nordicmart.andreevmaster.com\/da\/vare\/rolly-toys-rollykid-case-1170-cvx-pedal-traktor-med-case-trailer-rod\/","title":{"rendered":"Rolly Toys rollyKid Case 1170 CVX Pedal Traktor med Case Trailer R\u00f8d"},"content":{"rendered":"<p>Rolly Toys rollyKid Case 1170 CV pedal traktor med trailer er et ride-on leget\u00f8j i topkvalitet, der er designet med de yngste brugere i tankerne. Leget\u00f8jet vil give dine b\u00f8rn mange \u00e5rs gl\u00e6de og ikke kun give dem masser af sjov, men ogs\u00e5 udvikle deres motoriske f\u00e6rdigheder og koordination. Denne r\u00f8de pedaltraktor er den perfekte m\u00e5de at starte et eventyr med k\u00f8ret\u00f8jer p\u00e5, og dens design garanterer fuldst\u00e6ndig sikkerhed under leg. Det indbyggede mekaniske system g\u00f8r den helt sikker, og en r\u00e6kke funktioner og ekstra tilbeh\u00f8r g\u00f8r det muligt at tilpasse leget\u00f8jet til hvert barns individuelle behov. Traktoren har en motorhjelm, der kan \u00e5bnes, og under den er der et rum til sm\u00e5 leget\u00f8jsgenstande. Derudover kan der kobles en rummelig trailer p\u00e5 hjul til traktoren, hvilket vil g\u00f8re dit barns leg mere varieret. <\/p>\n<p>EGENSKABER:<\/p>\n<p>&#8211; S\u00e6t \u2013 s\u00e6ttet indeholder b\u00e5de en traktor og en trailer, hvilket g\u00f8r legen endnu sjovere og giver mulighed for at transportere forskellige genstande.<\/p>\n<p>&#8211; Ekstra komfortabel rygl\u00e6n p\u00e5 s\u00e6det<\/p>\n<p>&#8211; \u00c5ben motorhjelm foran &#8211; barnet kan \u00e5bne traktorens motorhjelm, som indeholder et praktisk opbevaringsrum<\/p>\n<p>&#8211; Indbygget, justerbart k\u00e6dedrev &#8211; hele det mekaniske system er sikkert lukket, hvilket beskytter barnet mod utilsigtede skader.- Bagkobling &#8211; takket v\u00e6re bagkoblingen kan der monteres ekstra tilbeh\u00f8r eller trailere, hvilket \u00f8ger traktorens funktionalitet. &#8211; Tilbeh\u00f8r kan k\u00f8bes &#8211; der kan k\u00f8bes forskellige Rolly Toys-tilbeh\u00f8r til traktoren, hvilket giver mulighed for yderligere udvidelse og forbedring af leget\u00f8jet.<\/p>\n","protected":false},"excerpt":{"rendered":"<p>Rolly Toys rollyKid Case 1170 CV pedal traktor med trailer er et ride-on leget\u00f8j i topkvalitet, der er designet med de yngste brugere i tankerne. Leget\u00f8jet vil give dine b\u00f8rn mange \u00e5rs gl\u00e6de og ikke kun give dem masser af sjov, men ogs\u00e5 udvikle deres motoriske f\u00e6rdigheder og koordination. Denne r\u00f8de pedaltraktor er den perfekte [&hellip;]<\/p>\n","protected":false},"featured_media":0,"comment_status":"open","ping_status":"closed","template":"","meta":[],"product_brand":[],"product_cat":[31],"product_tag":[],"class_list":{"0":"post-26863","1":"product","2":"type-product","3":"status-publish","5":"product_cat-uncategorized-da","7":"first","8":"instock","9":"shipping-taxable","10":"purchasable","11":"product-type-simple"},"_links":{"self":[{"href":"https:\/\/nordicmart.andreevmaster.com\/da\/wp-json\/wp\/v2\/product\/26863","targetHints":{"allow":["GET"]}}],"collection":[{"href":"https:\/\/nordicmart.andreevmaster.com\/da\/wp-json\/wp\/v2\/product"}],"about":[{"href":"https:\/\/nordicmart.andreevmaster.com\/da\/wp-json\/wp\/v2\/types\/product"}],"replies":[{"embeddable":true,"href":"https:\/\/nordicmart.andreevmaster.com\/da\/wp-json\/wp\/v2\/comments?post=26863"}],"wp:attachment":[{"href":"https:\/\/nordicmart.andreevmaster.com\/da\/wp-json\/wp\/v2\/media?parent=26863"}],"wp:term":[{"taxonomy":"product_brand","embeddable":true,"href":"https:\/\/nordicmart.andreevmaster.com\/da\/wp-json\/wp\/v2\/product_brand?post=26863"},{"taxonomy":"product_cat","embeddable":true,"href":"https:\/\/nordicmart.andreevmaster.com\/da\/wp-json\/wp\/v2\/product_cat?post=26863"},{"taxonomy":"product_tag","embeddable":true,"href":"https:\/\/nordicmart.andreevmaster.com\/da\/wp-json\/wp\/v2\/product_tag?post=26863"}],"curies":[{"name":"wp","href":"https:\/\/api.w.org\/{rel}","templated":true}]}}