{"id":26861,"date":"2026-02-27T00:34:25","date_gmt":"2026-02-27T00:34:25","guid":{"rendered":"https:\/\/nordicmart.andreevmaster.com\/product\/eksklusivt-skrivebordssaet-barometer-og-ur-28-5161\/"},"modified":"2026-02-27T09:13:32","modified_gmt":"2026-02-27T09:13:32","slug":"eksklusivt-skrivebordssaet-barometer-og-ur-28-5161","status":"publish","type":"product","link":"https:\/\/nordicmart.andreevmaster.com\/da\/vare\/eksklusivt-skrivebordssaet-barometer-og-ur-28-5161\/","title":{"rendered":"Eksklusivt skrivebordss\u00e6t: barometer og ur &#8211; 28.5161"},"content":{"rendered":"<p>Eksklusivt skrivebordss\u00e6t: barometer og ur &#8211; 28.5161&nbsp;&nbsp;Vi pr\u00e6senterer et eksklusivt og sofistikeret skrivebordss\u00e6t, der er den perfekte kombination af stil og funktionalitet. Dette smukt udformede skrivebordss\u00e6t best\u00e5r af et barometer og et ur, der er indrammet i en m\u00f8rkebrun tr\u00e6ramme med messingdetaljer omkring hvert instrument. Den klassiske og elegante form g\u00f8r det perfekt til ethvert kontor med sans for sofistikering og stil. Uanset om du er vejrentusiast eller blot leder efter en praktisk og stilfuld m\u00e5de at holde styr p\u00e5 tiden og barometertrykket, er dette skrivebordss\u00e6t det perfekte valg. Det er ogs\u00e5 en fantastisk gave til alle, der s\u00e6tter pris p\u00e5 de finere ting i livet og \u00f8nsker at tilf\u00f8je et strejf af elegance til deres arbejdsplads.&nbsp;&nbsp;Dimensioner:&nbsp;190x120x55 mm&nbsp;Driftsomr\u00e5de:&nbsp;Temperatur &#8211; -20 \u00b0C til 50 \u00b0C. Celsius Fugtighed 20 % &#8211; 98 % Tryk: 1060 hPa &#8211; 960 hPaN\u00f8jagtighed: Temperatur: +\/- 2 grader. Fugtighed: 20 %-45 % &#8211; n\u00f8jagtighed +\/-9 % 45 %-75 % &#8211; n\u00f8jagtighed +\/-6 % 75 %-98 % &#8211; n\u00f8jagtighed +\/-9 % Atmosf\u00e6risk tryk: 1060 hPa &#8211; 1030 hPa +\/-10 hPa1030 hPa &#8211; 990 hPa +\/- 5 hPa990 hPa &#8211; 960 hPa +\/-10 hPa&nbsp;&nbsp;Vi anbefaler, at vejrstationen placeres et sted, der ikke er udsat for sollys, med frisk lufttilf\u00f8rsel og korrosionsbeskyttelse.&nbsp;Undg\u00e5 kontakt med vand, damp eller vibrationer. Barometeret er indstillet fra fabrikken. Fabriksindstillingen for trykm\u00e5ling b\u00f8r dog kontrolleres. Den afh\u00e6nger af vores placering \u2013 h\u00f8jden over havets overflade. Trykket vil f.eks. v\u00e6re forskelligt over havet og i bjergene. Inden du starter enheden, skal du derfor indstille barometerudgangen ved hj\u00e6lp af den gyldne skrue p\u00e5 bagsiden af enheden. Du skal bruge en lille skruetr\u00e6kker. Til dette form\u00e5l er det bedst at henvise til afl\u00e6sningen af et andet barometer eller kontrollere trykket for din lokalitet, f.eks. p\u00e5 internettet. N\u00e5r du har indstillet det korrekte tryk, anbefaler vi, at du banker let p\u00e5 glasset for at stimulere barometeret til at fungere.<\/p>\n","protected":false},"excerpt":{"rendered":"<p>Eksklusivt skrivebordss\u00e6t: barometer og ur &#8211; 28.5161&nbsp;&nbsp;Vi pr\u00e6senterer et eksklusivt og sofistikeret skrivebordss\u00e6t, der er den perfekte kombination af stil og funktionalitet. Dette smukt udformede skrivebordss\u00e6t best\u00e5r af et barometer og et ur, der er indrammet i en m\u00f8rkebrun tr\u00e6ramme med messingdetaljer omkring hvert instrument. Den klassiske og elegante form g\u00f8r det perfekt til ethvert [&hellip;]<\/p>\n","protected":false},"featured_media":44718,"comment_status":"open","ping_status":"closed","template":"","meta":[],"product_brand":[],"product_cat":[31],"product_tag":[],"class_list":{"0":"post-26861","1":"product","2":"type-product","3":"status-publish","4":"has-post-thumbnail","6":"product_cat-uncategorized-da","8":"first","9":"instock","10":"shipping-taxable","11":"purchasable","12":"product-type-simple"},"_links":{"self":[{"href":"https:\/\/nordicmart.andreevmaster.com\/da\/wp-json\/wp\/v2\/product\/26861","targetHints":{"allow":["GET"]}}],"collection":[{"href":"https:\/\/nordicmart.andreevmaster.com\/da\/wp-json\/wp\/v2\/product"}],"about":[{"href":"https:\/\/nordicmart.andreevmaster.com\/da\/wp-json\/wp\/v2\/types\/product"}],"replies":[{"embeddable":true,"href":"https:\/\/nordicmart.andreevmaster.com\/da\/wp-json\/wp\/v2\/comments?post=26861"}],"wp:featuredmedia":[{"embeddable":true,"href":"https:\/\/nordicmart.andreevmaster.com\/da\/wp-json\/wp\/v2\/media\/44718"}],"wp:attachment":[{"href":"https:\/\/nordicmart.andreevmaster.com\/da\/wp-json\/wp\/v2\/media?parent=26861"}],"wp:term":[{"taxonomy":"product_brand","embeddable":true,"href":"https:\/\/nordicmart.andreevmaster.com\/da\/wp-json\/wp\/v2\/product_brand?post=26861"},{"taxonomy":"product_cat","embeddable":true,"href":"https:\/\/nordicmart.andreevmaster.com\/da\/wp-json\/wp\/v2\/product_cat?post=26861"},{"taxonomy":"product_tag","embeddable":true,"href":"https:\/\/nordicmart.andreevmaster.com\/da\/wp-json\/wp\/v2\/product_tag?post=26861"}],"curies":[{"name":"wp","href":"https:\/\/api.w.org\/{rel}","templated":true}]}}