{"id":26859,"date":"2026-02-27T00:34:24","date_gmt":"2026-02-27T00:34:24","guid":{"rendered":"https:\/\/nordicmart.andreevmaster.com\/product\/classic-world-edu-musikalsk-vaegbraet-fox\/"},"modified":"2026-02-27T09:13:32","modified_gmt":"2026-02-27T09:13:32","slug":"classic-world-edu-musikalsk-vaegbraet-fox","status":"publish","type":"product","link":"https:\/\/nordicmart.andreevmaster.com\/da\/vare\/classic-world-edu-musikalsk-vaegbraet-fox\/","title":{"rendered":"CLASSIC WORLD EDU Musikalsk v\u00e6gbr\u00e6t FOX"},"content":{"rendered":"<p>Fox Musical Board fra CLASSIC WORLD er det perfekte supplement til ethvert klassev\u00e6relse. Det opmuntrer b\u00f8rn til at eksperimentere med musik og udvikler deres lyttef\u00e6rdigheder. Musik er et fremragende redskab til at stimulere b\u00f8rns alsidige udvikling. Et professionelt s\u00e6t til dit barn.<\/p>\n<p>Egenskaber:<\/p>\n<p>* &#8211; leget\u00f8j til b\u00f8rn fra 3 \u00e5r<br \/>\n* &#8211; det perfekte supplement til ethvert klassev\u00e6relse<br \/>\n* &#8211; fremmer udviklingen af musikalsk uddannelse<br \/>\n* &#8211; let at samle<br \/>\n* &#8211; lavet af tr\u00e6 af h\u00f8j kvalitet &#8211; professionelt<br \/>\n* &#8211; malet med giftfri impr\u00e6gnering<\/p>\n<p>\u00d8ko-leget\u00f8j er designet til de yngste b\u00f8rn og er lavet af helt naturlige, biologisk nedbrydelige og allergivenlige materialer, hvilket g\u00f8r dem 100 % sikre og ufarlige, ikke kun for milj\u00f8et, men ogs\u00e5 for dit barn.<\/p>\n","protected":false},"excerpt":{"rendered":"<p>Fox Musical Board fra CLASSIC WORLD er det perfekte supplement til ethvert klassev\u00e6relse. Det opmuntrer b\u00f8rn til at eksperimentere med musik og udvikler deres lyttef\u00e6rdigheder. Musik er et fremragende redskab til at stimulere b\u00f8rns alsidige udvikling. Et professionelt s\u00e6t til dit barn. Egenskaber: * &#8211; leget\u00f8j til b\u00f8rn fra 3 \u00e5r * &#8211; det perfekte [&hellip;]<\/p>\n","protected":false},"featured_media":0,"comment_status":"open","ping_status":"closed","template":"","meta":[],"product_brand":[],"product_cat":[31],"product_tag":[],"class_list":{"0":"post-26859","1":"product","2":"type-product","3":"status-publish","5":"product_cat-uncategorized-da","7":"first","8":"instock","9":"shipping-taxable","10":"purchasable","11":"product-type-simple"},"_links":{"self":[{"href":"https:\/\/nordicmart.andreevmaster.com\/da\/wp-json\/wp\/v2\/product\/26859","targetHints":{"allow":["GET"]}}],"collection":[{"href":"https:\/\/nordicmart.andreevmaster.com\/da\/wp-json\/wp\/v2\/product"}],"about":[{"href":"https:\/\/nordicmart.andreevmaster.com\/da\/wp-json\/wp\/v2\/types\/product"}],"replies":[{"embeddable":true,"href":"https:\/\/nordicmart.andreevmaster.com\/da\/wp-json\/wp\/v2\/comments?post=26859"}],"wp:attachment":[{"href":"https:\/\/nordicmart.andreevmaster.com\/da\/wp-json\/wp\/v2\/media?parent=26859"}],"wp:term":[{"taxonomy":"product_brand","embeddable":true,"href":"https:\/\/nordicmart.andreevmaster.com\/da\/wp-json\/wp\/v2\/product_brand?post=26859"},{"taxonomy":"product_cat","embeddable":true,"href":"https:\/\/nordicmart.andreevmaster.com\/da\/wp-json\/wp\/v2\/product_cat?post=26859"},{"taxonomy":"product_tag","embeddable":true,"href":"https:\/\/nordicmart.andreevmaster.com\/da\/wp-json\/wp\/v2\/product_tag?post=26859"}],"curies":[{"name":"wp","href":"https:\/\/api.w.org\/{rel}","templated":true}]}}