{"id":26856,"date":"2026-02-27T00:34:24","date_gmt":"2026-02-27T00:34:24","guid":{"rendered":"https:\/\/nordicmart.andreevmaster.com\/product\/woopie-artfun-kreativt-saet-magic-bag-dekorative-klistermaerker-over-109-stykker-saet-med-10\/"},"modified":"2026-02-27T09:13:31","modified_gmt":"2026-02-27T09:13:31","slug":"woopie-artfun-kreativt-saet-magic-bag-dekorative-klistermaerker-over-109-stykker-saet-med-10","status":"publish","type":"product","link":"https:\/\/nordicmart.andreevmaster.com\/da\/vare\/woopie-artfun-kreativt-saet-magic-bag-dekorative-klistermaerker-over-109-stykker-saet-med-10\/","title":{"rendered":"WOOPIE ART&amp;FUN Kreativt s\u00e6t Magic Bag + dekorative klisterm\u00e6rker, over 109 stykker (S\u00c6T MED 10)"},"content":{"rendered":"<p>TILBUDDET G\u00c6LDER FOR ET S\u00c6T MED 10 STK. AF PRODUKTET!<\/p>\n<p>Den dekorative taske med klisterm\u00e6rker fra WOOPIE&#8217;s ART&amp;FUN-serie giver dit barn uendelige muligheder for kreativ leg. Med dette kreative s\u00e6t kan dit barn skabe sin egen unikke taske. Ud over tasken indeholder s\u00e6ttet over 109 klisterm\u00e6rker til dekoration og en tr\u00e6pind til p\u00e5s\u00e6tning. Med dette leget\u00f8j er det kun dit barns fantasi og kreativitet, der s\u00e6tter gr\u00e6nser \u2013 de kan dekorere deres fantastiske taske, lige som de vil. Klisterm\u00e6rkerne er meget holdbare og nemme at p\u00e5s\u00e6tte (kun f\u00e5 trin \u2013 se vejledning nedenfor). S\u00e6ttet kan inspirere b\u00f8rn til at begynde at designe og dekorere t\u00f8j. Leget\u00f8jet udvikler dit barns manuelle f\u00e6rdigheder, dvs. &#8220;finmotorik&#8221;, koncentration, fantasi og kreativitet. <\/p>\n<p>Egenskaber: <\/p>\n<p>* &#8211; leget\u00f8j til b\u00f8rn fra 4 \u00e5r<br \/>\n* &#8211; indeholder over 109 klisterm\u00e6rker<br \/>\n* &#8211; let at bruge \u2013 ingen lim eller saks kr\u00e6ves<br \/>\n* &#8211; dekorer, som du vil!* &#8211; stimulerer kreativitet, fantasi og udvikler manuelle f\u00e6rdigheder<\/p>\n<p>S\u00e6ttet indeholder:<\/p>\n<p>* &#8211; en taske<br \/>\n* &#8211; tr\u00e6pind<br \/>\n* &#8211; 5 ark med klisterm\u00e6rker (over 109 klisterm\u00e6rker)<\/p>\n<p>Instruktioner:<\/p>\n<p>* &#8211; fjern bagpapiret fra klisterm\u00e6rket<br \/>\n* &#8211; kl\u00e6b det p\u00e5 posen<br \/>\n* &#8211; brug en tr\u00e6pind til at gnide klisterm\u00e6rket og tryk det fast<br \/>\n* &#8211; fjern folien fra toppen af klisterm\u00e6rket, og du er f\u00e6rdig<\/p>\n<p>TILBUDDET G\u00c6LDER FOR ET S\u00c6T MED 10 PRODUKTER!<\/p>\n","protected":false},"excerpt":{"rendered":"<p>TILBUDDET G\u00c6LDER FOR ET S\u00c6T MED 10 STK. AF PRODUKTET! Den dekorative taske med klisterm\u00e6rker fra WOOPIE&#8217;s ART&amp;FUN-serie giver dit barn uendelige muligheder for kreativ leg. Med dette kreative s\u00e6t kan dit barn skabe sin egen unikke taske. Ud over tasken indeholder s\u00e6ttet over 109 klisterm\u00e6rker til dekoration og en tr\u00e6pind til p\u00e5s\u00e6tning. Med dette [&hellip;]<\/p>\n","protected":false},"featured_media":0,"comment_status":"open","ping_status":"closed","template":"","meta":[],"product_brand":[],"product_cat":[31],"product_tag":[],"class_list":{"0":"post-26856","1":"product","2":"type-product","3":"status-publish","5":"product_cat-uncategorized-da","7":"first","8":"instock","9":"shipping-taxable","10":"purchasable","11":"product-type-simple"},"_links":{"self":[{"href":"https:\/\/nordicmart.andreevmaster.com\/da\/wp-json\/wp\/v2\/product\/26856","targetHints":{"allow":["GET"]}}],"collection":[{"href":"https:\/\/nordicmart.andreevmaster.com\/da\/wp-json\/wp\/v2\/product"}],"about":[{"href":"https:\/\/nordicmart.andreevmaster.com\/da\/wp-json\/wp\/v2\/types\/product"}],"replies":[{"embeddable":true,"href":"https:\/\/nordicmart.andreevmaster.com\/da\/wp-json\/wp\/v2\/comments?post=26856"}],"wp:attachment":[{"href":"https:\/\/nordicmart.andreevmaster.com\/da\/wp-json\/wp\/v2\/media?parent=26856"}],"wp:term":[{"taxonomy":"product_brand","embeddable":true,"href":"https:\/\/nordicmart.andreevmaster.com\/da\/wp-json\/wp\/v2\/product_brand?post=26856"},{"taxonomy":"product_cat","embeddable":true,"href":"https:\/\/nordicmart.andreevmaster.com\/da\/wp-json\/wp\/v2\/product_cat?post=26856"},{"taxonomy":"product_tag","embeddable":true,"href":"https:\/\/nordicmart.andreevmaster.com\/da\/wp-json\/wp\/v2\/product_tag?post=26856"}],"curies":[{"name":"wp","href":"https:\/\/api.w.org\/{rel}","templated":true}]}}