{"id":26855,"date":"2026-02-27T00:34:23","date_gmt":"2026-02-27T00:34:23","guid":{"rendered":"https:\/\/nordicmart.andreevmaster.com\/product\/rolly-toys-xxl-garden-chess-giant-set-med-64-cm-skakbraet\/"},"modified":"2026-02-27T09:13:31","modified_gmt":"2026-02-27T09:13:31","slug":"rolly-toys-xxl-garden-chess-giant-set-med-64-cm-skakbraet","status":"publish","type":"product","link":"https:\/\/nordicmart.andreevmaster.com\/da\/vare\/rolly-toys-xxl-garden-chess-giant-set-med-64-cm-skakbraet\/","title":{"rendered":"ROLLY TOYS XXL Garden Chess Giant Set med 64 cm skakbr\u00e6t"},"content":{"rendered":"<p>H\u00f8jkvalitets haveskak-s\u00e6t til udend\u00f8rs spil, som kan spilles overalt, hvor der er plads nok til at spille. Et stort plastikskakbr\u00e6t til haveskak (medf\u00f8lger) er ogs\u00e5 en ideel tilf\u00f8jelse til haveskak-s\u00e6ttet. Udend\u00f8rs sammenkomster med familie og venner, f.eks. ved en grillfest, kan nu g\u00f8res endnu sjovere med spektakul\u00e6re spil, som g\u00e6sterne helt sikkert vil v\u00e6re glade for at heppe p\u00e5. En ny dimension i skak er bev\u00e6gelse og aktivitet udend\u00f8rs, og da bev\u00e6gelse er sundt, vil haveskak ikke kun udvikle sindet, men ogs\u00e5 have en positiv effekt p\u00e5 kroppen. Denne unikke underholdning vil tiltr\u00e6kke venner og bekendte, da det er sj\u00e6ldent at have mulighed for at spille et s\u00e5dant spil i s\u00e5 storsl\u00e5et stil. Egenskaber: plastbrikker kongeh\u00f8jde: ca. 47 cm bondeh\u00f8jde: 43 cm (dronning &#8211; 63 cm, springer &#8211; 46 cm, l\u00f8ber &#8211; 45 cm, t\u00e5rn &#8211; 42 cm) brikkernes bunddiameter ca. 22 cm farve: hvid og sort v\u00e6gt: 25,00 kg bunden af brikkerne kan skrues af, s\u00e5 der kan h\u00e6ldes sand ind for at g\u00f8re brikkerne mere stabile hurtig samling af plastm\u00e5tter dimensioner p\u00e5 en m\u00e5tte ca. 35&#215;35 cm Emballage: Kasse: 72 x 49 x 77 h\u00f8jde \/cm\/ Kasse: 75 x 50 x 64 h\u00f8jde \/cm\/<\/p>\n","protected":false},"excerpt":{"rendered":"<p>H\u00f8jkvalitets haveskak-s\u00e6t til udend\u00f8rs spil, som kan spilles overalt, hvor der er plads nok til at spille. Et stort plastikskakbr\u00e6t til haveskak (medf\u00f8lger) er ogs\u00e5 en ideel tilf\u00f8jelse til haveskak-s\u00e6ttet. Udend\u00f8rs sammenkomster med familie og venner, f.eks. ved en grillfest, kan nu g\u00f8res endnu sjovere med spektakul\u00e6re spil, som g\u00e6sterne helt sikkert vil v\u00e6re glade [&hellip;]<\/p>\n","protected":false},"featured_media":0,"comment_status":"open","ping_status":"closed","template":"","meta":[],"product_brand":[],"product_cat":[31],"product_tag":[],"class_list":{"0":"post-26855","1":"product","2":"type-product","3":"status-publish","5":"product_cat-uncategorized-da","7":"first","8":"instock","9":"shipping-taxable","10":"purchasable","11":"product-type-simple"},"_links":{"self":[{"href":"https:\/\/nordicmart.andreevmaster.com\/da\/wp-json\/wp\/v2\/product\/26855","targetHints":{"allow":["GET"]}}],"collection":[{"href":"https:\/\/nordicmart.andreevmaster.com\/da\/wp-json\/wp\/v2\/product"}],"about":[{"href":"https:\/\/nordicmart.andreevmaster.com\/da\/wp-json\/wp\/v2\/types\/product"}],"replies":[{"embeddable":true,"href":"https:\/\/nordicmart.andreevmaster.com\/da\/wp-json\/wp\/v2\/comments?post=26855"}],"wp:attachment":[{"href":"https:\/\/nordicmart.andreevmaster.com\/da\/wp-json\/wp\/v2\/media?parent=26855"}],"wp:term":[{"taxonomy":"product_brand","embeddable":true,"href":"https:\/\/nordicmart.andreevmaster.com\/da\/wp-json\/wp\/v2\/product_brand?post=26855"},{"taxonomy":"product_cat","embeddable":true,"href":"https:\/\/nordicmart.andreevmaster.com\/da\/wp-json\/wp\/v2\/product_cat?post=26855"},{"taxonomy":"product_tag","embeddable":true,"href":"https:\/\/nordicmart.andreevmaster.com\/da\/wp-json\/wp\/v2\/product_tag?post=26855"}],"curies":[{"name":"wp","href":"https:\/\/api.w.org\/{rel}","templated":true}]}}