{"id":26751,"date":"2026-02-27T00:33:55","date_gmt":"2026-02-27T00:33:55","guid":{"rendered":"https:\/\/nordicmart.andreevmaster.com\/product\/computerstol-med-netbetraek-2\/"},"modified":"2026-02-27T09:13:09","modified_gmt":"2026-02-27T09:13:09","slug":"computerstol-med-netbetraek-2","status":"publish","type":"product","link":"https:\/\/nordicmart.andreevmaster.com\/da\/vare\/computerstol-med-netbetraek-2\/","title":{"rendered":"Computerstol med netbetr\u00e6k"},"content":{"rendered":"<p>Ergonomisk designErgonomisk rygl\u00e6n former sig efter din krop og reducerer trykket p\u00e5 rygs\u00f8jlen og l\u00e6nden.Komfortabelt s\u00e6deElastisk netmateriale giver fremragende \u00e5ndbarhed og deformeres ikke. S\u00e6dekanten er polstret for at reducere trykket p\u00e5 benene.Stabilt og holdbartPulverlakeret st\u00e5lfod er stabil og robust i mange \u00e5r fremover. Maksimal belastningskapacitet: 150 kgProduktdetaljer:Farve: SortMateriale: Netstof, st\u00e5lramme, PU-arml\u00e6n, nylonhjulProduktm\u00e5l: 69 x (113-128) x 69 cm (B x H x D)S\u00e6dest\u00f8rrelse: 49 x (47-55) x 49 cm (B x H x D)Rygl\u00e6nets m\u00e5l: 45 x 49 cm (B x D)Arml\u00e6nets m\u00e5l: 30 x 7,5 cm (B x D)Arml\u00e6nets h\u00f8jde: 2,5 cmAfstanden mellem arml\u00e6nene: 53 cm\u00d8 Fodkryds: 70 cm\u00d8 Hjul: 60 mmV\u00e6gt: 23 kgMax. Belastningskapacitet: 150 kgLeveringsomfang:1 x kontorstol2 x reservehjul1 x monteringstilbeh\u00f8r1 x unbrakon\u00f8gle1 x monteringsvejledning (DE, EN, FR, , IT, ES)SONGMICS Bem\u00e6rk:Let at samle, ideelt med 2 personer.<\/p>\n","protected":false},"excerpt":{"rendered":"<p>Ergonomisk designErgonomisk rygl\u00e6n former sig efter din krop og reducerer trykket p\u00e5 rygs\u00f8jlen og l\u00e6nden.Komfortabelt s\u00e6deElastisk netmateriale giver fremragende \u00e5ndbarhed og deformeres ikke. S\u00e6dekanten er polstret for at reducere trykket p\u00e5 benene.Stabilt og holdbartPulverlakeret st\u00e5lfod er stabil og robust i mange \u00e5r fremover. Maksimal belastningskapacitet: 150 kgProduktdetaljer:Farve: SortMateriale: Netstof, st\u00e5lramme, PU-arml\u00e6n, nylonhjulProduktm\u00e5l: 69 x (113-128) [&hellip;]<\/p>\n","protected":false},"featured_media":0,"comment_status":"open","ping_status":"closed","template":"","meta":[],"product_brand":[],"product_cat":[31],"product_tag":[],"class_list":{"0":"post-26751","1":"product","2":"type-product","3":"status-publish","5":"product_cat-uncategorized-da","7":"first","8":"instock","9":"shipping-taxable","10":"product-type-simple"},"_links":{"self":[{"href":"https:\/\/nordicmart.andreevmaster.com\/da\/wp-json\/wp\/v2\/product\/26751","targetHints":{"allow":["GET"]}}],"collection":[{"href":"https:\/\/nordicmart.andreevmaster.com\/da\/wp-json\/wp\/v2\/product"}],"about":[{"href":"https:\/\/nordicmart.andreevmaster.com\/da\/wp-json\/wp\/v2\/types\/product"}],"replies":[{"embeddable":true,"href":"https:\/\/nordicmart.andreevmaster.com\/da\/wp-json\/wp\/v2\/comments?post=26751"}],"wp:attachment":[{"href":"https:\/\/nordicmart.andreevmaster.com\/da\/wp-json\/wp\/v2\/media?parent=26751"}],"wp:term":[{"taxonomy":"product_brand","embeddable":true,"href":"https:\/\/nordicmart.andreevmaster.com\/da\/wp-json\/wp\/v2\/product_brand?post=26751"},{"taxonomy":"product_cat","embeddable":true,"href":"https:\/\/nordicmart.andreevmaster.com\/da\/wp-json\/wp\/v2\/product_cat?post=26751"},{"taxonomy":"product_tag","embeddable":true,"href":"https:\/\/nordicmart.andreevmaster.com\/da\/wp-json\/wp\/v2\/product_tag?post=26751"}],"curies":[{"name":"wp","href":"https:\/\/api.w.org\/{rel}","templated":true}]}}