{"id":26742,"date":"2026-02-27T00:33:53","date_gmt":"2026-02-27T00:33:53","guid":{"rendered":"https:\/\/nordicmart.andreevmaster.com\/product\/ergonomisk-kontorstol-med-netbetraek-2\/"},"modified":"2026-02-27T09:13:07","modified_gmt":"2026-02-27T09:13:07","slug":"ergonomisk-kontorstol-med-netbetraek-2","status":"publish","type":"product","link":"https:\/\/nordicmart.andreevmaster.com\/da\/vare\/ergonomisk-kontorstol-med-netbetraek-2\/","title":{"rendered":"Ergonomisk kontorstol med netbetr\u00e6k"},"content":{"rendered":"<p>Denne kontorstol, som kombinerer innovation og komfort, er udstyret med PU-hjul, som er velegnede til alle typer gulve. Men det, der adskiller den fra andre standardkontorstole, er det ergonomiske design og det \u00e5ndbare polyesternetbetr\u00e6k. Med denne ergonomiske kontorstol kan du optimere din produktivitet i arbejdstiden ved at reducere tr\u00e6thed og stress for\u00e5rsaget af langvarigt siddende arbejde. Det er ubehageligt for os alle at v\u00e6re limet til stolen af sved. Takket v\u00e6re det \u00e5ndbare materiale lugter den ikke l\u00e6ngere af sved! Stolen er ogs\u00e5 udstyret med en l\u00e6ndest\u00f8tte, der aflaster l\u00e6nden og rygs\u00f8jlen. Vent ikke l\u00e6ngere, og k\u00f8b dette uundv\u00e6rlige arbejdsredskab! Vores fremragende kundeservice st\u00e5r til din r\u00e5dighed f\u00f8r og efter dit k\u00f8b og besvarer dine sp\u00f8rgsm\u00e5l via e-mail inden for 24 timer. Vores prioritet er at sikre din fulde tilfredshed. V\u00e6lg SONGMICS!  Detaljer om produktet: &#8211; Farve: sort &#8211; Produktst\u00f8rrelse: 68,5 x 75 x (116-134) cm (B x D x H) &#8211; S\u00e6deh\u00f8jde: 44-54 cm &#8211; S\u00e6debredde: 53 cm &#8211; S\u00e6dedybde: 54 cm &#8211; Arml\u00e6nsh\u00f8jde (fra s\u00e6de): 21-27 cm &#8211; Rygl\u00e6nsh\u00f8jde: 71,5-80 cm &#8211; \u00d8 base: 70 cm &#8211; \u00d8 hjul: 60 mm &#8211; \u00d8 pin: 11 mm Materialer &#8211; Hjul: PU &#8211; Fod: nylon &#8211; Arml\u00e6nsskaft: st\u00e5l &#8211; Arml\u00e6nsbetr\u00e6k: PU &#8211; Rygl\u00e6n: polyesternet &#8211; S\u00e6de: skum, polyesternet &#8211; V\u00e6gt: 20,5 kg &#8211; Maks. belastningskapacitet: 150 kg Maks. belastningskapacitet: 150 kg Leveringsomfang: &#8211; 1 x kontorstol &#8211; 1 x unbrakon\u00f8gle &#8211; 1 x hardwaretaske &#8211; 1 x brugsanvisning (DE, EN, FR, ES, IT)<\/p>\n","protected":false},"excerpt":{"rendered":"<p>Denne kontorstol, som kombinerer innovation og komfort, er udstyret med PU-hjul, som er velegnede til alle typer gulve. Men det, der adskiller den fra andre standardkontorstole, er det ergonomiske design og det \u00e5ndbare polyesternetbetr\u00e6k. Med denne ergonomiske kontorstol kan du optimere din produktivitet i arbejdstiden ved at reducere tr\u00e6thed og stress for\u00e5rsaget af langvarigt siddende [&hellip;]<\/p>\n","protected":false},"featured_media":0,"comment_status":"open","ping_status":"closed","template":"","meta":[],"product_brand":[],"product_cat":[31],"product_tag":[],"class_list":{"0":"post-26742","1":"product","2":"type-product","3":"status-publish","5":"product_cat-uncategorized-da","7":"first","8":"instock","9":"shipping-taxable","10":"purchasable","11":"product-type-simple"},"_links":{"self":[{"href":"https:\/\/nordicmart.andreevmaster.com\/da\/wp-json\/wp\/v2\/product\/26742","targetHints":{"allow":["GET"]}}],"collection":[{"href":"https:\/\/nordicmart.andreevmaster.com\/da\/wp-json\/wp\/v2\/product"}],"about":[{"href":"https:\/\/nordicmart.andreevmaster.com\/da\/wp-json\/wp\/v2\/types\/product"}],"replies":[{"embeddable":true,"href":"https:\/\/nordicmart.andreevmaster.com\/da\/wp-json\/wp\/v2\/comments?post=26742"}],"wp:attachment":[{"href":"https:\/\/nordicmart.andreevmaster.com\/da\/wp-json\/wp\/v2\/media?parent=26742"}],"wp:term":[{"taxonomy":"product_brand","embeddable":true,"href":"https:\/\/nordicmart.andreevmaster.com\/da\/wp-json\/wp\/v2\/product_brand?post=26742"},{"taxonomy":"product_cat","embeddable":true,"href":"https:\/\/nordicmart.andreevmaster.com\/da\/wp-json\/wp\/v2\/product_cat?post=26742"},{"taxonomy":"product_tag","embeddable":true,"href":"https:\/\/nordicmart.andreevmaster.com\/da\/wp-json\/wp\/v2\/product_tag?post=26742"}],"curies":[{"name":"wp","href":"https:\/\/api.w.org\/{rel}","templated":true}]}}