{"id":26739,"date":"2026-02-27T00:33:52","date_gmt":"2026-02-27T00:33:52","guid":{"rendered":"https:\/\/nordicmart.andreevmaster.com\/product\/ergonomisk-kontorstol-med-fodstotte-skrivebordsstol-med-laendestotte-justerbar-nakkestotte-og-armlaen-hojdejustering-og-vippefunktion-maksimal-belastning-150-kg-sort-2\/"},"modified":"2026-02-27T09:13:06","modified_gmt":"2026-02-27T09:13:06","slug":"ergonomisk-kontorstol-med-fodstotte-skrivebordsstol-med-laendestotte-justerbar-nakkestotte-og-armlaen-hojdejustering-og-vippefunktion-maksimal-belastning-150-kg-sort-2","status":"publish","type":"product","link":"https:\/\/nordicmart.andreevmaster.com\/da\/vare\/ergonomisk-kontorstol-med-fodstotte-skrivebordsstol-med-laendestotte-justerbar-nakkestotte-og-armlaen-hojdejustering-og-vippefunktion-maksimal-belastning-150-kg-sort-2\/","title":{"rendered":"Ergonomisk kontorstol med fodst\u00f8tte, skrivebordsstol med l\u00e6ndest\u00f8tte, justerbar nakkest\u00f8tte og arml\u00e6n, h\u00f8jdejustering og vippefunktion, maksimal belastning 150 kg, sort"},"content":{"rendered":"<p>Tank energi: Kontorarbejde kan tr\u00e6kke ud i det uendelige, n\u00e5r du sidder p\u00e5 en ukomfortabel stol. Denne kontorstol fra Songmics er polstret med skum med h\u00f8j densitet og et \u00e5ndbart rygl\u00e6n og giver den rette motivation til kontorets helte.<\/p>\n<p>Har du brug for en lille pause? Brug den polstrede fodst\u00f8tte p\u00e5 42 cm, der kan tr\u00e6kkes ud, og hvil dig et par minutter, s\u00e5 du kan komme frisk tilbage til fabrikken.<\/p>\n<p>Brugervenligt design: Du kan ikke kun justere h\u00f8jden p\u00e5 denne computerstol, men ogs\u00e5 bruge vippemekanismen til at finde den rigtige position for dig. Arml\u00e6nene i kunstl\u00e6der samt l\u00e6nde- og nakkest\u00f8tten kan ogs\u00e5 flyttes.<\/p>\n<p>Sikker og tryg: Kontorstolen har en robust stjernefod af st\u00e5l og nylonhjul, s\u00e5 du kan skubbe den glat gennem dit arbejdsv\u00e6relse. Gasflasken har ogs\u00e5 best\u00e5et en test i henhold til EN16955:2017-04, klasse 3 af T\u00dcV Rheinland (rapport nr.: 94625173_06, ejer: leverand\u00f8r).<\/p>\n<p>Er du stadig ikke tilfreds? Vores kundeservice har altid et \u00e5bent \u00f8re til dig. S\u00e5 udstyr dit arbejdsomr\u00e5de med denne komfortable skrivebordsstol!<\/p>\n<p>Vores job er en vigtig del af vores liv. Men det er ikke s\u00e5 let at overleve kontorlivet. SONGMICS vil derfor gerne st\u00f8tte dig med denne kontorstol. Den kan b\u00e6re op til 150 kg og har et ergonomisk design. Her er fordelene ved chefstolen:H\u00f8jdejusterbar 360\u00b0 drejestolS\u00e6de polstret med refleksskum med h\u00f8j densitet\u00c5ndbart, tilbagel\u00e6net og l\u00e5sbart rygl\u00e6n med netbetr\u00e6kRocker-funktion, der g\u00f8r det muligt for s\u00e6de og rygl\u00e6n at bev\u00e6ge sig sammenDen polstrede fodst\u00f8tte kan forl\u00e6nges med op til 42 cm. Den er let skr\u00e5tstillet, s\u00e5 den tilpasser sig perfekt til dine bens kurverArml\u00e6n i kunstl\u00e6der; kan justeres op og nedH\u00f8jdejusterbar nakkest\u00f8tteH\u00f8jdejusterbar l\u00e6ndest\u00f8tteNylon universalhjul, der kan drejes 360\u00b0Samling er mulig uden ekstra v\u00e6rkt\u00f8j. Alt, hvad du beh\u00f8ver, er den unbrakon\u00f8gle, der f\u00f8lger med leveringenBring lidt hygge ind i din kontorhverdag og hold motivationen oppe med denne kontorstol fra SONGMICS!Produktdetaljer:Farve: SortMateriale: Refleksskum med h\u00f8j densitet, netstof, nylonstjernefod, universalhjul i nylon, arml\u00e6n i imiteret l\u00e6derSt\u00f8rrelse: 68,5 x 70 x (116-133) cm (L x B x H)V\u00e6gt: 18,5 kg Max. statisk belastningskapacitet: 150 kg Leveringsomfang: 1 x kontorstol 1 x unbrakon\u00f8gle 1 x beholder med tilbeh\u00f8r 1 x vejledning (DE, EN, FR, ES, IT) SONGMICS Bem\u00e6rkninger: S\u00e6t dig ikke p\u00e5 kanten af s\u00e6det for at forhindre, at stolen v\u00e6lter.<\/p>\n","protected":false},"excerpt":{"rendered":"<p>Tank energi: Kontorarbejde kan tr\u00e6kke ud i det uendelige, n\u00e5r du sidder p\u00e5 en ukomfortabel stol. Denne kontorstol fra Songmics er polstret med skum med h\u00f8j densitet og et \u00e5ndbart rygl\u00e6n og giver den rette motivation til kontorets helte. Har du brug for en lille pause? Brug den polstrede fodst\u00f8tte p\u00e5 42 cm, der kan [&hellip;]<\/p>\n","protected":false},"featured_media":0,"comment_status":"open","ping_status":"closed","template":"","meta":[],"product_brand":[],"product_cat":[31],"product_tag":[],"class_list":{"0":"post-26739","1":"product","2":"type-product","3":"status-publish","5":"product_cat-uncategorized-da","7":"first","8":"instock","9":"shipping-taxable","10":"product-type-simple"},"_links":{"self":[{"href":"https:\/\/nordicmart.andreevmaster.com\/da\/wp-json\/wp\/v2\/product\/26739","targetHints":{"allow":["GET"]}}],"collection":[{"href":"https:\/\/nordicmart.andreevmaster.com\/da\/wp-json\/wp\/v2\/product"}],"about":[{"href":"https:\/\/nordicmart.andreevmaster.com\/da\/wp-json\/wp\/v2\/types\/product"}],"replies":[{"embeddable":true,"href":"https:\/\/nordicmart.andreevmaster.com\/da\/wp-json\/wp\/v2\/comments?post=26739"}],"wp:attachment":[{"href":"https:\/\/nordicmart.andreevmaster.com\/da\/wp-json\/wp\/v2\/media?parent=26739"}],"wp:term":[{"taxonomy":"product_brand","embeddable":true,"href":"https:\/\/nordicmart.andreevmaster.com\/da\/wp-json\/wp\/v2\/product_brand?post=26739"},{"taxonomy":"product_cat","embeddable":true,"href":"https:\/\/nordicmart.andreevmaster.com\/da\/wp-json\/wp\/v2\/product_cat?post=26739"},{"taxonomy":"product_tag","embeddable":true,"href":"https:\/\/nordicmart.andreevmaster.com\/da\/wp-json\/wp\/v2\/product_tag?post=26739"}],"curies":[{"name":"wp","href":"https:\/\/api.w.org\/{rel}","templated":true}]}}