{"id":26735,"date":"2026-02-27T00:33:51","date_gmt":"2026-02-27T00:33:51","guid":{"rendered":"https:\/\/nordicmart.andreevmaster.com\/product\/ergonomisk-kontor-og-arbejdsstol-med-laendestotte-drejelig-computerstol-med-justerbar-nakkestotte-og-armlaen-vippefunktion-og-hojdejustering-sort\/"},"modified":"2026-02-27T09:13:06","modified_gmt":"2026-02-27T09:13:06","slug":"ergonomisk-kontor-og-arbejdsstol-med-laendestotte-drejelig-computerstol-med-justerbar-nakkestotte-og-armlaen-vippefunktion-og-hojdejustering-sort","status":"publish","type":"product","link":"https:\/\/nordicmart.andreevmaster.com\/da\/vare\/ergonomisk-kontor-og-arbejdsstol-med-laendestotte-drejelig-computerstol-med-justerbar-nakkestotte-og-armlaen-vippefunktion-og-hojdejustering-sort\/","title":{"rendered":"Ergonomisk kontor- og arbejdsstol med l\u00e6ndest\u00f8tte, drejelig computerstol med justerbar nakkest\u00f8tte og arml\u00e6n, vippefunktion og h\u00f8jdejustering, sort"},"content":{"rendered":"<p>Sid og arbejd bedre: Takket v\u00e6re den justerbare nakkest\u00f8tte, det polstrede s\u00e6de og den brede rygl\u00e6n kan du sidde behageligt. Du f\u00e5r gavn af en sund siddestilling, n\u00e5r du skal koncentrere dig fuldt ud om dit arbejde.<\/p>\n<p>Fuldt justerbar: Ud over nakkest\u00f8tten kan ogs\u00e5 s\u00e6dets h\u00f8jde, arml\u00e6n og l\u00e6ndest\u00f8tte justeres efter forskellige behov. Derudover kan du slappe af takket v\u00e6re denne kontorstols vippemekanisme.<\/p>\n<p>Din p\u00e5lidelige stol: Det femstjernede stativ i h\u00f8j kvalitet kan b\u00e6re v\u00e6gten af en mellemklassebil. T\u00dcV-testet gaslift (opfylder DIN 4550:2004-12, klasse 3; nr. 162821, certifikatindehaver: leverand\u00f8r) garanterer ekstra sikkerhed. Denne kontorstols b\u00e6reevne er 120 kg. <\/p>\n<p>Let at montere: Med de detaljerede instruktioner kan du montere den p\u00e5 15 minutter. Der medf\u00f8lger en ekstra skrue til hver skrue. <\/p>\n<p>&#8211; T\u00e6nk ikke for l\u00e6nge over det \u2013 pr\u00f8v det bare.<\/p>\n<p>Egenskaber:-Farve: Sort &amp; Gr\u00e5-Materialer:- Stjernefod: Materialer: Nylon- Arml\u00e6nets stel: Polypropylenplast- Arml\u00e6nets overflade: Polyurethan- Rygl\u00e6n: Polypropylenplast, netstof (polyester)- S\u00e6de: Panneax, skumplast, polyester- Hjul: Nylon- Gasfjeder: St\u00e5l- Bakke: St\u00e5l-Produktets m\u00e5l- Stolens h\u00f8jde: 120-133 cm- S\u00e6deh\u00f8jde: 45-55 cm- S\u00e6dets bredde: 53 cm- S\u00e6dets dybde: 52 cm- Arml\u00e6nets\/s\u00e6dets h\u00f8jde: 17-26 cm- Rygl\u00e6nets h\u00f8jde: 77-81,5 cm- Stjernefodens diameter: 70 cm- Produktets v\u00e6gt: 14,7 kg-Maksimal belastning: 120 kgLevering: -1 x netstol-1 x unbrakon\u00f8gle-1 x tilbeh\u00f8rspose-1 x monteringsvejledning (FR, DE, EN, ES, IT).<\/p>\n","protected":false},"excerpt":{"rendered":"<p>Sid og arbejd bedre: Takket v\u00e6re den justerbare nakkest\u00f8tte, det polstrede s\u00e6de og den brede rygl\u00e6n kan du sidde behageligt. Du f\u00e5r gavn af en sund siddestilling, n\u00e5r du skal koncentrere dig fuldt ud om dit arbejde. Fuldt justerbar: Ud over nakkest\u00f8tten kan ogs\u00e5 s\u00e6dets h\u00f8jde, arml\u00e6n og l\u00e6ndest\u00f8tte justeres efter forskellige behov. Derudover kan [&hellip;]<\/p>\n","protected":false},"featured_media":0,"comment_status":"open","ping_status":"closed","template":"","meta":[],"product_brand":[],"product_cat":[31],"product_tag":[],"class_list":{"0":"post-26735","1":"product","2":"type-product","3":"status-publish","5":"product_cat-uncategorized-da","7":"first","8":"instock","9":"shipping-taxable","10":"product-type-simple"},"_links":{"self":[{"href":"https:\/\/nordicmart.andreevmaster.com\/da\/wp-json\/wp\/v2\/product\/26735","targetHints":{"allow":["GET"]}}],"collection":[{"href":"https:\/\/nordicmart.andreevmaster.com\/da\/wp-json\/wp\/v2\/product"}],"about":[{"href":"https:\/\/nordicmart.andreevmaster.com\/da\/wp-json\/wp\/v2\/types\/product"}],"replies":[{"embeddable":true,"href":"https:\/\/nordicmart.andreevmaster.com\/da\/wp-json\/wp\/v2\/comments?post=26735"}],"wp:attachment":[{"href":"https:\/\/nordicmart.andreevmaster.com\/da\/wp-json\/wp\/v2\/media?parent=26735"}],"wp:term":[{"taxonomy":"product_brand","embeddable":true,"href":"https:\/\/nordicmart.andreevmaster.com\/da\/wp-json\/wp\/v2\/product_brand?post=26735"},{"taxonomy":"product_cat","embeddable":true,"href":"https:\/\/nordicmart.andreevmaster.com\/da\/wp-json\/wp\/v2\/product_cat?post=26735"},{"taxonomy":"product_tag","embeddable":true,"href":"https:\/\/nordicmart.andreevmaster.com\/da\/wp-json\/wp\/v2\/product_tag?post=26735"}],"curies":[{"name":"wp","href":"https:\/\/api.w.org\/{rel}","templated":true}]}}