{"id":26660,"date":"2026-02-27T00:33:31","date_gmt":"2026-02-27T00:33:31","guid":{"rendered":"https:\/\/nordicmart.andreevmaster.com\/product\/racing-gaming-chair-justerbar-kontorstol-med-fodstotte-ergonomisk-design-vippemekanisme-nakkestotte-laendestotte-150-kg-vaegtkapacitet-sort-og-rod-obg73brv1-2\/"},"modified":"2026-02-27T09:12:51","modified_gmt":"2026-02-27T09:12:51","slug":"racing-gaming-chair-justerbar-kontorstol-med-fodstotte-ergonomisk-design-vippemekanisme-nakkestotte-laendestotte-150-kg-vaegtkapacitet-sort-og-rod-obg73brv1-2","status":"publish","type":"product","link":"https:\/\/nordicmart.andreevmaster.com\/da\/vare\/racing-gaming-chair-justerbar-kontorstol-med-fodstotte-ergonomisk-design-vippemekanisme-nakkestotte-laendestotte-150-kg-vaegtkapacitet-sort-og-rod-obg73brv1-2\/","title":{"rendered":"Racing Gaming Chair, justerbar kontorstol med fodst\u00f8tte, ergonomisk design, vippemekanisme, nakkest\u00f8tte, l\u00e6ndest\u00f8tte, 150 kg v\u00e6gtkapacitet, sort og r\u00f8d OBG73BRV1"},"content":{"rendered":"<p>START EN PRODUKTIV DAG: Lad ikke en ubehagelig siddestilling p\u00e5virke din produktivitet p\u00e5 arbejdet. Med en h\u00f8jdejustering p\u00e5 47-57 cm og en vippevinkel p\u00e5 ryggen p\u00e5 90\u00b0-135\u00b0 giver denne kontorstol dig mulighed for at finde din rette siddestilling og forts\u00e6tte med at arbejde effektivt. <\/p>\n<p>ENDEL\u00d8S KOMFORT: Denne ergonomiske stol med vippemekanisme har overlegen l\u00e6ndest\u00f8tte, fodst\u00f8tte, nakkest\u00f8tte og lydl\u00f8se nylonhjul, der lader din krop hvile, s\u00e5 du kan koncentrere dig om arbejdet, mens du sidder i ergonomisk luksus.<\/p>\n<p>DETALJER BETYDER MEGET: Det indre af s\u00e6det, rygl\u00e6net og l\u00e6ndest\u00f8tten er polstret med f\u00f8rsteklasses svamp med h\u00f8j densitet, der ikke let deformeres; uanset om du arbejder eller leger, efterligner det ergonomiske rygl\u00e6n din krops kurver og giver kontinuerlig st\u00f8tte.<\/p>\n<p>SIKKER S\u00c6DE, ENKEL SAMLING: Den automatiske returcylinder har best\u00e5et T\u00dcV Rheinland-testen i overensstemmelse med EN16955: 2017-04, klasse 3 (rapport nr.: 182836, indehaver: leverand\u00f8r); saml blot stolen ved at stramme et par skruer, det er det hele! Du vil slutte dig til dine holdkammerater, f\u00f8r du ved af det.<\/p>\n<p>HVAD DU F\u00c5R: En ergonomisk kontorstol med en slidst\u00e6rk og reng\u00f8ringsvenlig PU-overflade, der passer til dit hjem eller kontor, og som holder din krop og dit sind afslappet, uanset om du spiller eller arbejder.<\/p>\n<p>Sejt udseende: Det hvide og sorte farvem\u00f8nster og det udsk\u00e5rne design p\u00e5 toppen af rygl\u00e6net minder om sportss\u00e6derne i en racerbil. S\u00e5 hvert videospil starter p\u00e5 en professionel m\u00e5de, og uanset hvordan det ender, er du allerede en vinder med denne stol! Maksimal komfort: Tr\u00e6k fodst\u00f8tten ud, l\u00e6g f\u00f8dderne op, vip stolen 90-135\u00b0 tilbage, og hvil dig i ren lyksalighed. Den behagelige s\u00e6dehynde og fodst\u00f8tten g\u00f8r denne justerbare kontorstol til et afslappende sted for alle aldre. Alt er klar: Computeren er t\u00e6ndt, tastatur og mus er p\u00e5 plads \u2013 begynd at arbejde, se en film eller start dit videospil. Denne gamingstol fra SONGMICS er det perfekte valg til ethvert projekt.Produktdetaljer:Farve: Sort og hvidMateriale: PU-plast, skum med h\u00f8j densitet, st\u00e5l, nylonSt\u00f8rrelse: 67 x 66 x 116-126 cm (L x B x H)Afstand fra s\u00e6de til gulv: 47-57 cmSt\u00f8rrelse p\u00e5 s\u00e6de: 50 x 52 cm (L x B)H\u00f8jde p\u00e5 rygl\u00e6n: 71 cmDiameter p\u00e5 hjul: 50 mmV\u00e6gt: 20,6 kgMax. Statisk belastningskapacitet: 150 kgLeveringsomfang:1 x gamingstol1 x tilbeh\u00f8rspakke1 x manual (DE, EN, FR, ES, IT)SONGMICS Bem\u00e6rkninger:Uds\u00e6t ikke produktet for direkte sollys i l\u00e6ngere tid Hold venligst produktet v\u00e6k fra spidse og skarpe genstande for at undg\u00e5 at beskadige overfladen.<\/p>\n","protected":false},"excerpt":{"rendered":"<p>START EN PRODUKTIV DAG: Lad ikke en ubehagelig siddestilling p\u00e5virke din produktivitet p\u00e5 arbejdet. Med en h\u00f8jdejustering p\u00e5 47-57 cm og en vippevinkel p\u00e5 ryggen p\u00e5 90\u00b0-135\u00b0 giver denne kontorstol dig mulighed for at finde din rette siddestilling og forts\u00e6tte med at arbejde effektivt. ENDEL\u00d8S KOMFORT: Denne ergonomiske stol med vippemekanisme har overlegen l\u00e6ndest\u00f8tte, fodst\u00f8tte, [&hellip;]<\/p>\n","protected":false},"featured_media":0,"comment_status":"open","ping_status":"closed","template":"","meta":[],"product_brand":[],"product_cat":[31],"product_tag":[],"class_list":{"0":"post-26660","1":"product","2":"type-product","3":"status-publish","5":"product_cat-uncategorized-da","7":"first","8":"instock","9":"shipping-taxable","10":"product-type-simple"},"_links":{"self":[{"href":"https:\/\/nordicmart.andreevmaster.com\/da\/wp-json\/wp\/v2\/product\/26660","targetHints":{"allow":["GET"]}}],"collection":[{"href":"https:\/\/nordicmart.andreevmaster.com\/da\/wp-json\/wp\/v2\/product"}],"about":[{"href":"https:\/\/nordicmart.andreevmaster.com\/da\/wp-json\/wp\/v2\/types\/product"}],"replies":[{"embeddable":true,"href":"https:\/\/nordicmart.andreevmaster.com\/da\/wp-json\/wp\/v2\/comments?post=26660"}],"wp:attachment":[{"href":"https:\/\/nordicmart.andreevmaster.com\/da\/wp-json\/wp\/v2\/media?parent=26660"}],"wp:term":[{"taxonomy":"product_brand","embeddable":true,"href":"https:\/\/nordicmart.andreevmaster.com\/da\/wp-json\/wp\/v2\/product_brand?post=26660"},{"taxonomy":"product_cat","embeddable":true,"href":"https:\/\/nordicmart.andreevmaster.com\/da\/wp-json\/wp\/v2\/product_cat?post=26660"},{"taxonomy":"product_tag","embeddable":true,"href":"https:\/\/nordicmart.andreevmaster.com\/da\/wp-json\/wp\/v2\/product_tag?post=26660"}],"curies":[{"name":"wp","href":"https:\/\/api.w.org\/{rel}","templated":true}]}}