{"id":26559,"date":"2026-02-27T00:33:05","date_gmt":"2026-02-27T00:33:05","guid":{"rendered":"https:\/\/nordicmart.andreevmaster.com\/product\/nomi-garderobe\/"},"modified":"2026-02-27T09:12:30","modified_gmt":"2026-02-27T09:12:30","slug":"nomi-garderobe","status":"publish","type":"product","link":"https:\/\/nordicmart.andreevmaster.com\/da\/vare\/nomi-garderobe\/","title":{"rendered":"Nomi garderobe"},"content":{"rendered":"<p>En rummelig garderobe med to d\u00f8re er et n\u00f8dvendigt m\u00f8bel i et b\u00f8rnev\u00e6relse. Garderoben er opdelt i to dele: et stativ til at h\u00e6nge t\u00f8j p\u00e5 og rummelige hylder. Garderoben leveres komplet med en skuffe, der er et separat element under garderoben.<br \/>\n**<br \/>\nVigtigste fordele:**<br \/>\n&#8211; rummelig skuffe<br \/>\n&#8211; 4 hylder indeni, heraf 3 med mulighed for at justere placeringen (h\u00f8jre side af garderobeskabet), en hylde p\u00e5 tv\u00e6rs af garderobeskabet; stativ til at h\u00e6nge t\u00f8j p\u00e5 og under det: en hylde med mulighed for at justere placeringen (venstre side af garderobeskabet)<br \/>\n&#8211; mulighed for v\u00e6gmontering \u2013 anbefales<br \/>\n&#8211; opfylder europ\u00e6iske standarder og sikkerhedskrav<\/p>\n<p>**M\u00f8beldesign og finish:**<br \/>\n&#8211; toppen er lavet af naturlig egfiner lakeret med farvel\u00f8s maling<br \/>\n&#8211; d\u00f8rene er lavet af MDF-plader i hvid b\u00f8rnesikker lak<br \/>\n&#8211; benene er lavet af egetr\u00e6, lakeret med farvel\u00f8s b\u00f8rnesikker maling<br \/>\n&#8211; kommodens sider er lavet af lamineret plade af h\u00f8j kvalitet, som er modstandsdygtig over for skader og fugt og nem at holde ren<br \/>\n&#8211; Skufferne er udstyret med sikre og lydl\u00f8se Hafele-skinner med selvlukkende system<br \/>\n&#8211; De lakker, der anvendes i produktionsprocessen, er b\u00f8rnesikre, certificerede og for\u00e5rsager ikke allergi<\/p>\n<p>**Farver:**<br \/>\n&#8211; Hvid og eg, alt med mat finish<\/p>\n<p>**Brugsanvisning:**<br \/>\nM\u00f8blerne skal t\u00f8rres af med en bl\u00f8d bomuldsklud fugtet med vand eller m\u00f8belpolish.<\/p>\n<p>**Yderligere oplysninger:**<br \/>\nM\u00f8blerne leveres i kasser til selvmontering. Kasserne indeholder en detaljeret monteringsvejledning samt tilbeh\u00f8r (skruer osv.).<\/p>\n","protected":false},"excerpt":{"rendered":"<p>En rummelig garderobe med to d\u00f8re er et n\u00f8dvendigt m\u00f8bel i et b\u00f8rnev\u00e6relse. Garderoben er opdelt i to dele: et stativ til at h\u00e6nge t\u00f8j p\u00e5 og rummelige hylder. Garderoben leveres komplet med en skuffe, der er et separat element under garderoben. ** Vigtigste fordele:** &#8211; rummelig skuffe &#8211; 4 hylder indeni, heraf 3 med [&hellip;]<\/p>\n","protected":false},"featured_media":0,"comment_status":"open","ping_status":"closed","template":"","meta":[],"product_brand":[],"product_cat":[31],"product_tag":[],"class_list":{"0":"post-26559","1":"product","2":"type-product","3":"status-publish","5":"product_cat-uncategorized-da","7":"first","8":"instock","9":"shipping-taxable","10":"purchasable","11":"product-type-simple"},"_links":{"self":[{"href":"https:\/\/nordicmart.andreevmaster.com\/da\/wp-json\/wp\/v2\/product\/26559","targetHints":{"allow":["GET"]}}],"collection":[{"href":"https:\/\/nordicmart.andreevmaster.com\/da\/wp-json\/wp\/v2\/product"}],"about":[{"href":"https:\/\/nordicmart.andreevmaster.com\/da\/wp-json\/wp\/v2\/types\/product"}],"replies":[{"embeddable":true,"href":"https:\/\/nordicmart.andreevmaster.com\/da\/wp-json\/wp\/v2\/comments?post=26559"}],"wp:attachment":[{"href":"https:\/\/nordicmart.andreevmaster.com\/da\/wp-json\/wp\/v2\/media?parent=26559"}],"wp:term":[{"taxonomy":"product_brand","embeddable":true,"href":"https:\/\/nordicmart.andreevmaster.com\/da\/wp-json\/wp\/v2\/product_brand?post=26559"},{"taxonomy":"product_cat","embeddable":true,"href":"https:\/\/nordicmart.andreevmaster.com\/da\/wp-json\/wp\/v2\/product_cat?post=26559"},{"taxonomy":"product_tag","embeddable":true,"href":"https:\/\/nordicmart.andreevmaster.com\/da\/wp-json\/wp\/v2\/product_tag?post=26559"}],"curies":[{"name":"wp","href":"https:\/\/api.w.org\/{rel}","templated":true}]}}